{"id":24,"date":"2010-11-19T07:24:04","date_gmt":"2010-11-19T06:24:04","guid":{"rendered":"http:\/\/klubmamgdynia.pl\/index.php\/produkt\/nattou-iris-i-lali-pozytywka-pies\/"},"modified":"2026-04-12T13:44:13","modified_gmt":"2026-04-12T11:44:13","slug":"nattou-iris-i-lali-pozytywka-pies","status":"publish","type":"product","link":"http:\/\/klubmamgdynia.pl\/index.php\/produkt\/nattou-iris-i-lali-pozytywka-pies\/","title":{"rendered":"Nattou Iris I Lali Pozytywka Pies"},"content":{"rendered":"<p>Du\u017ca pozytywka do przytulania zaprasza do marze\u0144 z melodi\u0105 La-Le-Lu. Zwierz\u0105tko wykonane jest z mi\u0119kkiej tkaniny welurowej. Wszystkie produkty Nattou s\u0105 zaprojektowane z wielk\u0105 dba\u0142o\u015bci\u0105 o szczeg\u00f3\u0142y, maj\u0105 wysok\u0105 jako\u015b\u0107 i s\u0105 wyko\u0144czone w pi\u0119knych kolorach. Szczeg\u00f3\u0142y produktu: Wymiary (d\u0142ugo\u015b\u0107 x szeroko\u015b\u0107 x wysoko\u015b\u0107): 21 x 20 x 10 cm. materia\u0142: 100 % poliester Piel\u0119gnacja: pranie r\u0119czne Wiek: od 0 miesi\u0119cy<\/p>\n<h2>Nattou Iris I Lali Pozytywka Pies Nattou<\/h2>\n<p>policja kolorowanka, kolorowanki dla dziewczynek, kolorowanka konie, tupu tup po \u015bniegu tekst, bajki dla dzieci na dobranoc, kolorowanka kotek do druku, bajki do czytania psi patrol, ja\u015bmina imie, prezent dla 15 latka, zgadywanki, zagadki logiczne i odpowiedzi, szlaczki literopodobne do wydruku, trudne zagadki, quiz dynastia mizio\u0142k\u00f3w, opisy rodzina, prezenty dla 16 latki, delfinarium polska, pola imi\u0119, kawa\u0142 na prima aprilis, okolice wroc\u0142awia atrakcje, bajki dla dzieci na dobranoc do czytania<\/p>\n<p>yyyyy<\/p>\n<p>&nbsp;<\/p>\n","protected":false},"excerpt":{"rendered":"<p>Du\u017ca pozytywka do przytulania zaprasza do marze\u0144 z melodi\u0105 La-Le-Lu. Zwierz\u0105tko wykonane jest z mi\u0119kkiej tkaniny welurowej. Wszystkie produkty Nattou s\u0105 zaprojektowane z wielk\u0105 dba\u0142o\u015bci\u0105 o szczeg\u00f3\u0142y, maj\u0105 wysok\u0105 jako\u015b\u0107 i s\u0105 wyko\u0144czone w pi\u0119knych kolorach. Szczeg\u00f3\u0142y produktu: Wymiary (d\u0142ugo\u015b\u0107 x szeroko\u015b\u0107 x wysoko\u015b\u0107): 21 x 20 x 10 cm. materia\u0142: 100 % poliester Piel\u0119gnacja: [&hellip;]<\/p>\n","protected":false},"featured_media":25,"comment_status":"closed","ping_status":"open","template":"","meta":[],"product_cat":[25,26],"product_tag":[664,610,605,582,724],"class_list":["post-24","product","type-product","status-publish","has-post-thumbnail","hentry","product_cat-nattou","product_cat-zabawki-do-wozka-lozeczka-i-fotelika","product_tag-atrakcje-dla-dzieci-trojmiasto","product_tag-co-na-prezent-dla-nastolatkow","product_tag-milena","product_tag-nauka-pisania-literek-do-wydruku-pdf","product_tag-zagadki-podchwytliwe"],"_links":{"self":[{"href":"http:\/\/klubmamgdynia.pl\/index.php\/wp-json\/wp\/v2\/product\/24","targetHints":{"allow":["GET"]}}],"collection":[{"href":"http:\/\/klubmamgdynia.pl\/index.php\/wp-json\/wp\/v2\/product"}],"about":[{"href":"http:\/\/klubmamgdynia.pl\/index.php\/wp-json\/wp\/v2\/types\/product"}],"replies":[{"embeddable":true,"href":"http:\/\/klubmamgdynia.pl\/index.php\/wp-json\/wp\/v2\/comments?post=24"}],"wp:featuredmedia":[{"embeddable":true,"href":"http:\/\/klubmamgdynia.pl\/index.php\/wp-json\/wp\/v2\/media\/25"}],"wp:attachment":[{"href":"http:\/\/klubmamgdynia.pl\/index.php\/wp-json\/wp\/v2\/media?parent=24"}],"wp:term":[{"taxonomy":"product_cat","embeddable":true,"href":"http:\/\/klubmamgdynia.pl\/index.php\/wp-json\/wp\/v2\/product_cat?post=24"},{"taxonomy":"product_tag","embeddable":true,"href":"http:\/\/klubmamgdynia.pl\/index.php\/wp-json\/wp\/v2\/product_tag?post=24"}],"curies":[{"name":"wp","href":"https:\/\/api.w.org\/{rel}","templated":true}]}}