{"id":2403,"date":"2024-01-24T15:09:29","date_gmt":"2024-01-24T14:09:29","guid":{"rendered":"http:\/\/klubmamgdynia.pl\/?post_type=product&#038;p=2403"},"modified":"2026-04-28T19:38:01","modified_gmt":"2026-04-28T17:38:01","slug":"opel-corsa-d-1-3-diesel-2007rok-tanio","status":"publish","type":"product","link":"http:\/\/klubmamgdynia.pl\/index.php\/produkt\/opel-corsa-d-1-3-diesel-2007rok-tanio\/","title":{"rendered":"Opel Corsa D 1.3 diesel 2007rok TANIO !!"},"content":{"rendered":"<p>Wyposa\u017cenie &#8211; bezpiecze\u0144stwo:Wyposa\u017cenie &#8211; komfort:Wyposa\u017cenie &#8211; multimedia:Wyposa\u017cenie &#8211; pozosta\u0142e:Faktura: faktura VAT-mar\u017caUszkodzony:Opel Corsa D 1.3 diesel 2007rokTechnicznie okWizualnie do drobnych poprawek6-6-3-6-7-0-0-1-5, 6\/0\/9\/8\/3\/6\/3\/8\/9<\/p>\n<h2>Opel Corsa D 1.3 diesel 2007rok TANIO !! <\/h2>\n<p>asiunia &#8211; test z lektury pdf, proste \u017carty na prima aprilis, test z tajemniczego ogrodu, prezenty na roczek, uk\u0142ad s\u0142oneczny dla dzieci do druku, karty pracy dla uczni\u00f3w z ukrainy, test miko\u0142ajek 25 pyta\u0144, quiz flagi \u015bwiata, pokemon do druku, zaczarowana zagroda &#8211; test, zagadki o lesie, prezent dla nastolatek, anio\u0142 rysunek prosty, rodzina cytaty, imi\u0119 leon<\/p>\n<p>yyyyy<\/p>\n<p>&nbsp;<\/p>\n","protected":false},"excerpt":{"rendered":"<p>Wyposa\u017cenie &#8211; bezpiecze\u0144stwo:Wyposa\u017cenie &#8211; komfort:Wyposa\u017cenie &#8211; multimedia:Wyposa\u017cenie &#8211; pozosta\u0142e:Faktura: faktura VAT-mar\u017caUszkodzony:Opel Corsa D 1.3 diesel 2007rokTechnicznie okWizualnie do drobnych poprawek6-6-3-6-7-0-0-1-5, 6\/0\/9\/8\/3\/6\/3\/8\/9 Opel Corsa D 1.3 diesel 2007rok TANIO !! asiunia &#8211; test z lektury pdf, proste \u017carty na prima aprilis, test z tajemniczego ogrodu, prezenty na roczek, uk\u0142ad s\u0142oneczny dla dzieci do druku, karty pracy [&hellip;]<\/p>\n","protected":false},"featured_media":2404,"comment_status":"closed","ping_status":"open","template":"","meta":[],"product_cat":[878],"product_tag":[618,743,835,804,793,779],"class_list":["post-2403","product","type-product","status-publish","has-post-thumbnail","hentry","product_cat-samochody-osobowe","product_tag-lato-lato-lato-czeka-tekst","product_tag-quiz-dla-dzieci","product_tag-radosc-dziecka-cytaty","product_tag-ryz-z-owocami","product_tag-zagadki-smieszne-podchwytliwe","product_tag-zarty-na-prima-aprilis-w-domu"],"_links":{"self":[{"href":"http:\/\/klubmamgdynia.pl\/index.php\/wp-json\/wp\/v2\/product\/2403","targetHints":{"allow":["GET"]}}],"collection":[{"href":"http:\/\/klubmamgdynia.pl\/index.php\/wp-json\/wp\/v2\/product"}],"about":[{"href":"http:\/\/klubmamgdynia.pl\/index.php\/wp-json\/wp\/v2\/types\/product"}],"replies":[{"embeddable":true,"href":"http:\/\/klubmamgdynia.pl\/index.php\/wp-json\/wp\/v2\/comments?post=2403"}],"wp:featuredmedia":[{"embeddable":true,"href":"http:\/\/klubmamgdynia.pl\/index.php\/wp-json\/wp\/v2\/media\/2404"}],"wp:attachment":[{"href":"http:\/\/klubmamgdynia.pl\/index.php\/wp-json\/wp\/v2\/media?parent=2403"}],"wp:term":[{"taxonomy":"product_cat","embeddable":true,"href":"http:\/\/klubmamgdynia.pl\/index.php\/wp-json\/wp\/v2\/product_cat?post=2403"},{"taxonomy":"product_tag","embeddable":true,"href":"http:\/\/klubmamgdynia.pl\/index.php\/wp-json\/wp\/v2\/product_tag?post=2403"}],"curies":[{"name":"wp","href":"https:\/\/api.w.org\/{rel}","templated":true}]}}