{"id":2405,"date":"2018-04-29T01:14:13","date_gmt":"2018-04-28T23:14:13","guid":{"rendered":"http:\/\/klubmamgdynia.pl\/index.php\/produkt\/ravensburger-puzzle-1000el-at-algarve-171828\/"},"modified":"2026-04-03T23:12:32","modified_gmt":"2026-04-03T21:12:32","slug":"ravensburger-puzzle-1000el-at-algarve-171828","status":"publish","type":"product","link":"http:\/\/klubmamgdynia.pl\/index.php\/produkt\/ravensburger-puzzle-1000el-at-algarve-171828\/","title":{"rendered":"Ravensburger Puzzle 1000El At Algarve 171828"},"content":{"rendered":"<p>Puzzle firmy Ravensburger, charakteryzuj\u0105 si\u0119 wysok\u0105 jako\u015bci\u0105. Przez ponad 100 lat ciesz\u0105 dzieci i doros\u0142ych na ca\u0142ym \u015bwiecie. Perfect Age Fit to cecha, kt\u00f3ra dopasowuje wielko\u015b\u0107 element\u00f3w do mo\u017cliwo\u015bci charakterystycznych dla danego wieku rozwojowego, a SoftClick Technology pozwala precyzyjnie z\u0142o\u017cy\u0107 obraz. Idealne kszta\u0142ty, a tak\u017ce szeroka oferta motyw\u00f3w sprawiaj\u0105, \u017ce znajdzie tu co\u015b dla siebie pasjonat uk\u0142adanek w ka\u017cdym wieku. Puzzle Ravensburger pozwalaj\u0105 nabywa\u0107 cenne umiej\u0119tno\u015bci, wykorzystuj\u0105c funkcj\u0119 nauki poprzez zabaw\u0119. Uk\u0142adanie puzzli wspomaga koncentracj\u0119, uczy spostrzegawczo\u015bci i cierpliwo\u015bci.Seria puzzli 1000 element\u00f3w Ravensburger przedstawia unikalne wzory, ciekawe do uk\u0142adania.Zawarto\u015b\u0107 i cechy zestawu:Uk\u0142adanka z ilustracj\u0105 AlgarveIlo\u015b\u0107 element\u00f3w: 1000 element\u00f3wWyra\u017ane motywy na puzzlach dzi\u0119ki zastosowaniu struktury naturalnego lnuPrzeznaczone dla dzieci od lat 14<\/p>\n<h2>Ravensburger Puzzle 1000El At Algarve 171828 Ravensburger<\/h2>\n<p>zygzak mcqueen kolorowanka, zagadki logiczne, zagadki co to jest, historia pluszowego misia, pole dyniowe pozna\u0144, aurelia imi\u0119, znaczenie imienia alan, kr\u00f3tkie zagadki, kr\u00f3tkie zagadki matematyczne z odpowiedziami, peppa do czytania, eksperymenty dla dzieci wulkan, wroc\u0142aw dla dzieci, imi\u0119 kuba, cytaty o przyjazni<\/p>\n<p>yyyyy<\/p>\n<p>&nbsp;<\/p>\n","protected":false},"excerpt":{"rendered":"<p>Puzzle firmy Ravensburger, charakteryzuj\u0105 si\u0119 wysok\u0105 jako\u015bci\u0105. Przez ponad 100 lat ciesz\u0105 dzieci i doros\u0142ych na ca\u0142ym \u015bwiecie. Perfect Age Fit to cecha, kt\u00f3ra dopasowuje wielko\u015b\u0107 element\u00f3w do mo\u017cliwo\u015bci charakterystycznych dla danego wieku rozwojowego, a SoftClick Technology pozwala precyzyjnie z\u0142o\u017cy\u0107 obraz. Idealne kszta\u0142ty, a tak\u017ce szeroka oferta motyw\u00f3w sprawiaj\u0105, \u017ce znajdzie tu co\u015b dla siebie [&hellip;]<\/p>\n","protected":false},"featured_media":2406,"comment_status":"closed","ping_status":"open","template":"","meta":[],"product_cat":[90,207],"product_tag":[624,785,738],"class_list":["post-2405","product","type-product","status-publish","has-post-thumbnail","hentry","product_cat-puzzle","product_cat-ravensburger","product_tag-krotkie-zagadki","product_tag-prezent-dla-nastolatkow","product_tag-wroclaw-dla-dzieci"],"_links":{"self":[{"href":"http:\/\/klubmamgdynia.pl\/index.php\/wp-json\/wp\/v2\/product\/2405","targetHints":{"allow":["GET"]}}],"collection":[{"href":"http:\/\/klubmamgdynia.pl\/index.php\/wp-json\/wp\/v2\/product"}],"about":[{"href":"http:\/\/klubmamgdynia.pl\/index.php\/wp-json\/wp\/v2\/types\/product"}],"replies":[{"embeddable":true,"href":"http:\/\/klubmamgdynia.pl\/index.php\/wp-json\/wp\/v2\/comments?post=2405"}],"wp:featuredmedia":[{"embeddable":true,"href":"http:\/\/klubmamgdynia.pl\/index.php\/wp-json\/wp\/v2\/media\/2406"}],"wp:attachment":[{"href":"http:\/\/klubmamgdynia.pl\/index.php\/wp-json\/wp\/v2\/media?parent=2405"}],"wp:term":[{"taxonomy":"product_cat","embeddable":true,"href":"http:\/\/klubmamgdynia.pl\/index.php\/wp-json\/wp\/v2\/product_cat?post=2405"},{"taxonomy":"product_tag","embeddable":true,"href":"http:\/\/klubmamgdynia.pl\/index.php\/wp-json\/wp\/v2\/product_tag?post=2405"}],"curies":[{"name":"wp","href":"https:\/\/api.w.org\/{rel}","templated":true}]}}