{"id":2409,"date":"2018-09-21T00:43:33","date_gmt":"2018-09-20T22:43:33","guid":{"rendered":"http:\/\/klubmamgdynia.pl\/index.php\/produkt\/playmobil-70311-walizeczka-lodowa-ksiezniczka\/"},"modified":"2026-04-29T17:01:26","modified_gmt":"2026-04-29T15:01:26","slug":"playmobil-70311-walizeczka-lodowa-ksiezniczka","status":"publish","type":"product","link":"http:\/\/klubmamgdynia.pl\/index.php\/produkt\/playmobil-70311-walizeczka-lodowa-ksiezniczka\/","title":{"rendered":"Playmobil 70311 Walizeczka Lodowa Ksi\u0119\u017cniczka"},"content":{"rendered":"<p>Zabawka Playmobil Magic 70311 Skrzyneczka Lodowa ksi\u0119\u017cniczka zosta\u0142a zaprojektowana z jak najwy\u017csz\u0105 staranno\u015bci\u0105 w taki spos\u00f3b, aby dostarcza\u0142a jak najwi\u0119cej zabawy. Poznaj Lodow\u0105 ksi\u0119\u017cniczk\u0119, kt\u00f3ra wraz ze swoimi najlepszymi przyjaci\u00f3\u0142mi, wilkiem i sow\u0105, przeniesie Ci\u0119 w pe\u0142n\u0105 magicznych przyg\u00f3d podr\u00f3\u017c oraz poka\u017ce Ci tajemnice kryszta\u0142owej krainy.Wymiary: 16 x 21 x 6 cm.Produkt zawiera:figurki: Lodowej ksi\u0119\u017cniczki, wilka oraz sowyprzeno\u015bna skrzyneczka z uchwytem do noszeniinne akcesoria do zabawy<\/p>\n<h2>Playmobil 70311 Walizeczka Lodowa Ksi\u0119\u017cniczka Playmobil<\/h2>\n<p>testy z lektury opowie\u015bci z narnii lew czarownica i stara szafa, lucjan imi\u0119, mandala kolorowanka, pomys\u0142 na prezent dla nastolatk\u00f3w, mdk aleksandr\u00f3w \u0142\u00f3dzki, wiosenna kolorowanka, ale kino program, andrzejki dekoracje do druku, miko\u0142ajki dla dzieci warszawa 2021, lato, prezent na roczek dla chlopca, samolot kolorowanka, prezent dla rocznej dziewczynki, lol kolorowanka, minecraft kolorowanki, wakacje kolorowanka, pa\u0144stwa europy i ich stolice quiz, maska batmana do druku<\/p>\n<p>yyyyy<\/p>\n<p>&nbsp;<\/p>\n","protected":false},"excerpt":{"rendered":"<p>Zabawka Playmobil Magic 70311 Skrzyneczka Lodowa ksi\u0119\u017cniczka zosta\u0142a zaprojektowana z jak najwy\u017csz\u0105 staranno\u015bci\u0105 w taki spos\u00f3b, aby dostarcza\u0142a jak najwi\u0119cej zabawy. Poznaj Lodow\u0105 ksi\u0119\u017cniczk\u0119, kt\u00f3ra wraz ze swoimi najlepszymi przyjaci\u00f3\u0142mi, wilkiem i sow\u0105, przeniesie Ci\u0119 w pe\u0142n\u0105 magicznych przyg\u00f3d podr\u00f3\u017c oraz poka\u017ce Ci tajemnice kryszta\u0142owej krainy.Wymiary: 16 x 21 x 6 cm.Produkt zawiera:figurki: Lodowej ksi\u0119\u017cniczki, [&hellip;]<\/p>\n","protected":false},"featured_media":2410,"comment_status":"closed","ping_status":"open","template":"","meta":[],"product_cat":[113,466],"product_tag":[582,748,703,773,760],"class_list":["post-2409","product","type-product","status-publish","has-post-thumbnail","hentry","product_cat-klocki","product_cat-playmobil","product_tag-nauka-pisania-literek-do-wydruku-pdf","product_tag-okolice-wroclawia-atrakcje","product_tag-prezent-dla-nastolatki","product_tag-test-z-lektury-opowiesci-z-narnii-lew-czarownica-i-stara-szafa","product_tag-zagadka-matematyczna"],"_links":{"self":[{"href":"http:\/\/klubmamgdynia.pl\/index.php\/wp-json\/wp\/v2\/product\/2409","targetHints":{"allow":["GET"]}}],"collection":[{"href":"http:\/\/klubmamgdynia.pl\/index.php\/wp-json\/wp\/v2\/product"}],"about":[{"href":"http:\/\/klubmamgdynia.pl\/index.php\/wp-json\/wp\/v2\/types\/product"}],"replies":[{"embeddable":true,"href":"http:\/\/klubmamgdynia.pl\/index.php\/wp-json\/wp\/v2\/comments?post=2409"}],"wp:featuredmedia":[{"embeddable":true,"href":"http:\/\/klubmamgdynia.pl\/index.php\/wp-json\/wp\/v2\/media\/2410"}],"wp:attachment":[{"href":"http:\/\/klubmamgdynia.pl\/index.php\/wp-json\/wp\/v2\/media?parent=2409"}],"wp:term":[{"taxonomy":"product_cat","embeddable":true,"href":"http:\/\/klubmamgdynia.pl\/index.php\/wp-json\/wp\/v2\/product_cat?post=2409"},{"taxonomy":"product_tag","embeddable":true,"href":"http:\/\/klubmamgdynia.pl\/index.php\/wp-json\/wp\/v2\/product_tag?post=2409"}],"curies":[{"name":"wp","href":"https:\/\/api.w.org\/{rel}","templated":true}]}}