{"id":2415,"date":"2021-11-21T06:42:04","date_gmt":"2021-11-21T05:42:04","guid":{"rendered":"http:\/\/klubmamgdynia.pl\/index.php\/produkt\/volt-polska-przetwornica-napiecia-sinus-600-duo-12v-24v-230v-600w-sinus600duo\/"},"modified":"2026-04-05T17:17:30","modified_gmt":"2026-04-05T15:17:30","slug":"volt-polska-przetwornica-napiecia-sinus-600-duo-12v-24v-230v-600w-sinus600duo","status":"publish","type":"product","link":"http:\/\/klubmamgdynia.pl\/index.php\/produkt\/volt-polska-przetwornica-napiecia-sinus-600-duo-12v-24v-230v-600w-sinus600duo\/","title":{"rendered":"VOLT POLSKA Przetwornica napi\u0119cia SINUS-600 DUO 12V-24V\/230V\/600W SINUS600DUO"},"content":{"rendered":"<p>Volt przetwornica Sinus 600 300W\/600W 12V DC 230VPrzetwornica napi\u0119cia Sinus s\u0142u\u017cy do zasilania urz\u0105dze\u0144 elektrycznych wymagaj\u0105cych napi\u0119cia przemiennego 230V z akumulator\u00f3w i instalacji samochodowych o napi\u0119ciu sta\u0142ym 12V.                            <\/p>\n<p>Volt przetwornica Sinus 600 300W\/600W 12V DC 230V mo\u017ce by\u0107 r\u00f3wnie\u017c z powodzeniem wykorzystana jako awaryjne \u017ar\u00f3d\u0142o energii dla urz\u0105dze\u0144 wymagaj\u0105cych ci\u0105g\u0142ego zasilania, takich jak na przyk\u0142ad piece i pompy CO. Przetwornice doskonale sprawdzaj\u0105 si\u0119 w miejscach, gdzie nie ma mo\u017cliwo\u015bci bezpo\u015bredniego pod\u0142\u0105czenia do sieci energetycznej. Dodatkowo produkt zosta\u0142 wyposa\u017cony w gniazdo USB do zasilania lub \u0142adowania urz\u0105dze\u0144 mobilnych.Produkt wytwarza czysty sinusoidalny sygna\u0142 wyj\u015bciowy, identyczny jak ten w sieci energetycznej. Dzi\u0119ki temu rozwi\u0105zaniu przetwornica jest kompatybilna m.in. z: lod\u00f3wkami, telewizorami, lampami, komputerami i wieloma innymi urz\u0105dzeniami.                            <\/p>\n<p>Najwa\u017cniejsze cechy:\u00a0Moc ci\u0105g\u0142a: 300WMoc impulsowa (chwilowa): 600WNapi\u0119cie wej\u015bciowe: 12VNapi\u0119cie wyj\u015bciowe: 230V \/ 50HzPrzebieg napi\u0119cia: czysty sinus (bardzo wysoka stabilno\u015b\u0107 pracy)Umo\u017cliwia u\u017cywanie urz\u0105dze\u0144 230V w samochodzieWyposa\u017cona w gniazdo 230V oraz gniazdo USBMo\u017cliwo\u015b\u0107 zasilania z gniazda zapalniczki samochodowejW zestawie przewody do pod\u0142\u0105czenia przetwornicy do akumulatora (czerwony i czarny) oraz przew\u00f3d do pod\u0142\u0105czenia przetwornicy do gniazdka zapalniczki w samochodzie                            <\/p>\n<p>Szerokie zastosowanieProdukt mo\u017ce by\u0107 stosowany do ochrony i zasilania takich urz\u0105dze\u0144 jak:Urz\u0105dzenia biurowe (komputery, monitory, drukarki, skanery)Zasilanie \u0142adowarek (telefony, smartfony, laptopy itd.)Urz\u0105dzenia RTV (telewizory, tunery, g\u0142o\u015bniki, projektory)Urz\u0105dzenia AGD (lod\u00f3wki, mikrofal\u00f3wki, zmywarki, kuchenki, zamra\u017calki)Elektronarz\u0119dzia (wiertarki, pilarki, szlifierki, obrabiarki itd.)Pompy, spr\u0119\u017carki (wody, ciep\u0142a, klimatyzatory)Solary, fotowoltaika                            <\/p>\n<p>Bezpiecze\u0144stwo u\u017cytkowania:Szereg zabezpiecze\u0144 odpowiada za bezpieczn\u0105 eksploatacj\u0119 przetwornicy chroni\u0105c zar\u00f3wno pod\u0142\u0105czone urz\u0105dzenia, jak r\u00f3wnie\u017c instalacj\u0119 elektryczn\u0105 pojazdu. Przetwornica wy\u0142\u0105czy si\u0119 automatycznie w przypadku, kiedy obci\u0105\u017cenie wzro\u015bnie powy\u017cej 120%, a tak\u017ce w przypadku zwarcia. Zabezpieczenie przed niskim napi\u0119ciem aktywuje si\u0119 w momencie spadku napi\u0119cia w sieci elektrycznej pojazdu, co gwarantuje przetwornicy optymalne parametry zasilania.Zabezpieczenie przeciwzwarcioweZabezpieczenie termiczneZabezpieczenie podnapi\u0119cioweZabezpieczenie nadnapi\u0119cioweZabezpieczenie przeciw przeci\u0105\u017ceniowe                            <\/p>\n<p>Parametry techniczne:Moc ca\u0142kowita: 600 WMoc znamionowa: 300 WNapi\u0119cie akumulatora: 12 VNapi\u0119cie wej\u015bciowe: 10,5 V &#8211; 15,5 VNapi\u0119cie wyj\u015bciowe: 225 V &#8211; 235 VCz\u0119stotliwo\u015b\u0107 napi\u0119cia wyj\u015bciowego: 50 Hz (+- 5%)Sprawno\u015b\u0107 przy pe\u0142nym obci\u0105\u017ceniu: &gt; 92 %Pr\u00f3g zadzia\u0142ania zabezpieczenia podnapi\u0119ciowego: 10.7V (+- 0.3V)Dopuszczalna temperatura pracy: -10 \u2070C &#8211; 40 \u2070CWymiary: 60 x 220 x 110 mmWaga: 0,9kgSymbol producenta: 3SIP060012                            <\/p>\n<p>\u00a0Czym s\u0105 przetwornice SINUSCech\u0105 odr\u00f3\u017cniaj\u0105c\u0105 przetwornice sinus od klasycznych prostych przetwornic AC\/DC, jest wytwarzanie na wyj\u015bciu napi\u0119cia przemiennego o przebiegu sinusoidalnym, identycznego jak to w sieci energetycznej. Umo\u017cliwia to zasilanie urz\u0105dze\u0144 wyposa\u017conych w silniki elektryczne i transformatory, takich jak elektronarz\u0119dzia, pompy i sprz\u0119t AGD ma\u0142ej mocy. Proste, tanie przetwornice wytwarzaj\u0105 w rzeczywisto\u015bci napi\u0119cie o przebiegu prostok\u0105tnym, nazywane czasami b\u0142\u0119dnie &#8222;sinusoid\u0105 modyfikowan\u0105&#8221;. Napi\u0119cie takie nie nadaje si\u0119 do zasilania urz\u0105dze\u0144 o charakterze indukcyjnym lub pojemno\u015bciowym i mo\u017ce spowodowa\u0107 ich uszkodzenie.\u00a0Volt Polska Sp. z o.o. to znana i niezawodna marka na rynku zasilania awaryjnego w Polsce i Europie. Firma zajmuje si\u0119 dystrybucj\u0105 i produkcj\u0105 m.in.: zasilaczy awaryjnych, przetwornic DC\/DC, przetwornic DC\/AC, konwerter\u00f3w i reduktor\u00f3w napi\u0119cia, zasilaczy do laptop\u00f3w, prostownik\u00f3w oraz akumulator\u00f3w. Dzi\u0119ki przemy\u015blanej i dynamicznej strategii dzia\u0142ania, w ci\u0105gu kilku lat Volt Polska zyska\u0142o zas\u0142u\u017con\u0105 na rynku renom\u0119. Z ka\u017cdym krokiem dzia\u0142aj\u0105 by ich produkty by\u0142y jak najlepiej dopasowane do aktualnych potrzeb klient\u00f3w, dodatkowo wsparte profesjonalnym serwisem producenta<\/p>\n<h2>VOLT POLSKA Przetwornica napi\u0119cia SINUS-600 DUO 12V-24V\/230V\/600W SINUS600DUO VOLT<\/h2>\n<p>j\u0119zyk polski dla dzieci z ukrainy, rzadkie imiona japo\u0144skie, co na roczek, kolorowanki my little pony, alan znaczenie imienia, mama cytaty, szablony postacie do szopki do druku, fajne rzeczy dla nastolatk\u00f3w, nauka polskiego dla dzieci z ukrainy, prezent dla nastolatk\u00f3w ch\u0142opc\u00f3w, dziecko cytaty z\u0142ote my\u015bli, zagadki logiczne z odpowiedziami, tabliczka mno\u017cenia kolorowanki do wydruku, zagadki \u015bmieszne dla dzieci, rodzina sentencja, filmy animowane \u015bwi\u0105teczne, kolorowanki antystresowe do druku, kolorowanki konie do druku, li\u015bcie jesienne szablon, lato lato lato czeka, domki nad morzem z atrakcjami dla dzieci<\/p>\n<p>yyyyy<\/p>\n<p>&nbsp;<\/p>\n","protected":false},"excerpt":{"rendered":"<p>Volt przetwornica Sinus 600 300W\/600W 12V DC 230VPrzetwornica napi\u0119cia Sinus s\u0142u\u017cy do zasilania urz\u0105dze\u0144 elektrycznych wymagaj\u0105cych napi\u0119cia przemiennego 230V z akumulator\u00f3w i instalacji samochodowych o napi\u0119ciu sta\u0142ym 12V. Volt przetwornica Sinus 600 300W\/600W 12V DC 230V mo\u017ce by\u0107 r\u00f3wnie\u017c z powodzeniem wykorzystana jako awaryjne \u017ar\u00f3d\u0142o energii dla urz\u0105dze\u0144 wymagaj\u0105cych ci\u0105g\u0142ego zasilania, takich jak na przyk\u0142ad [&hellip;]<\/p>\n","protected":false},"featured_media":2416,"comment_status":"closed","ping_status":"open","template":"","meta":[],"product_cat":[882,881],"product_tag":[678,710,649,607],"class_list":["post-2415","product","type-product","status-publish","has-post-thumbnail","hentry","product_cat-przetwornice-napiecia","product_cat-volt","product_tag-prezent-na-roczek-dla-dziewczynki","product_tag-zagadki-dla-dzieci-10-12-lat","product_tag-zagadki-dla-nastolatkow","product_tag-zarty-na-prima-aprilis-dla-rodzicow"],"_links":{"self":[{"href":"http:\/\/klubmamgdynia.pl\/index.php\/wp-json\/wp\/v2\/product\/2415","targetHints":{"allow":["GET"]}}],"collection":[{"href":"http:\/\/klubmamgdynia.pl\/index.php\/wp-json\/wp\/v2\/product"}],"about":[{"href":"http:\/\/klubmamgdynia.pl\/index.php\/wp-json\/wp\/v2\/types\/product"}],"replies":[{"embeddable":true,"href":"http:\/\/klubmamgdynia.pl\/index.php\/wp-json\/wp\/v2\/comments?post=2415"}],"wp:featuredmedia":[{"embeddable":true,"href":"http:\/\/klubmamgdynia.pl\/index.php\/wp-json\/wp\/v2\/media\/2416"}],"wp:attachment":[{"href":"http:\/\/klubmamgdynia.pl\/index.php\/wp-json\/wp\/v2\/media?parent=2415"}],"wp:term":[{"taxonomy":"product_cat","embeddable":true,"href":"http:\/\/klubmamgdynia.pl\/index.php\/wp-json\/wp\/v2\/product_cat?post=2415"},{"taxonomy":"product_tag","embeddable":true,"href":"http:\/\/klubmamgdynia.pl\/index.php\/wp-json\/wp\/v2\/product_tag?post=2415"}],"curies":[{"name":"wp","href":"https:\/\/api.w.org\/{rel}","templated":true}]}}