{"id":2419,"date":"2024-07-01T17:06:45","date_gmt":"2024-07-01T15:06:45","guid":{"rendered":"http:\/\/klubmamgdynia.pl\/?post_type=product&#038;p=2419"},"modified":"2026-05-01T06:22:47","modified_gmt":"2026-05-01T04:22:47","slug":"simba-steffi-kevin-w-modnym-stroju-blondyn-5733059-blo","status":"publish","type":"product","link":"http:\/\/klubmamgdynia.pl\/index.php\/produkt\/simba-steffi-kevin-w-modnym-stroju-blondyn-5733059-blo\/","title":{"rendered":"Simba Steffi Kevin w modnym stroju Blondyn 5733059 BLO"},"content":{"rendered":"<p>Simba Steffi Lalka Kevin w modnym stroju BlondynZapraszamy w magiczny \u015bwiat Steffi, jak zawsze pe\u0142en kolorowych stroj\u00f3w oraz przesympatycznych gad\u017cet\u00f3w. Laleczka Steffi, opr\u00f3cz swoich licznych przyjaci\u00f3\u0142ek, ma r\u00f3wnie\u017c koleg\u00f3w Kevina Trendy oraz Sportowca. Teraz do tego grona mo\u017ce do\u0142\u0105czy\u0107 Kevin Cool.Z innowacji jakie zosta\u0142y wprowadzone w tym modelu, to ruchome d\u0142onie lalki.Teraz Kevin bez problemu mo\u017ce w\u0142o\u017cy\u0107 r\u0119k\u0119 do kieszeni, pomacha na po\u017cegnanie oraz poda d\u0142o\u0144 na powitanie.Opr\u00f3cz mo\u017cliwo\u015bci poruszania d\u0142oni\u0105, Kevin mo\u017ce r\u00f3wnie\u017c zgina\u0107 kolana i r\u0119ce w \u0142okciach a tak\u017ce posiada ruchome stopy.Kevin wyst\u0119puje w dw\u00f3ch strojach:w jeansach, koszuli w krat\u0119 oraz modnym paskuw jeansach, bluzie, modnym szaliku oraz kurtceDzi\u0119ki takiemu prezentowi, ma\u0142a buzia rozpromieni si\u0119 radosnym u\u015bmiechemSimba Toys Polska jest sp\u00f3\u0142k\u0105 nale\u017c\u0105c\u0105 do niemieckiego koncernu Simba Dickie Group. Grupa Simba &amp; Dickie jest jednym z pi\u0119ciu najwi\u0119kszych w Europie producent\u00f3w i dystrybutor\u00f3w zabawek takich jak: lalki, samochody, zabawki interaktywne i wiele innych. Naszym priorytetem jest dbanie o wysok\u0105 jako\u015b\u0107 zabawek. Zalety naszych produkt\u00f3w pozna\u0142y dzieci na ca\u0142ym \u015bwieci<\/p>\n<h2>Simba Steffi Kevin w modnym stroju Blondyn 5733059 BLO Simba<\/h2>\n<p>znaki drogowe test, quiz o akademii pana kleksa, traktor z przyczep\u0105 kolorowanka, zabawy dla dzieci 9-12 lat, kolorowe listki tekst, prezenty dla rocznego dziecka, nauka pisania wyraz\u00f3w dla dzieci do druku pdf, zagadki \u015bwi\u0105teczne dla dzieci, prezent na roczek dla chrze\u015bniaka, najpi\u0119kniejsze cytaty o przyja\u017ani, prezenty roczek, wiersz o g\u00f3rniku, piosenki na dobranoc tekst, p\u0142atki \u015bniegu szablon, ewelina, kolorowe kanapki kanapki dla dzieci<\/p>\n<p>yyyyy<\/p>\n<p>&nbsp;<\/p>\n","protected":false},"excerpt":{"rendered":"<p>Simba Steffi Lalka Kevin w modnym stroju BlondynZapraszamy w magiczny \u015bwiat Steffi, jak zawsze pe\u0142en kolorowych stroj\u00f3w oraz przesympatycznych gad\u017cet\u00f3w. Laleczka Steffi, opr\u00f3cz swoich licznych przyjaci\u00f3\u0142ek, ma r\u00f3wnie\u017c koleg\u00f3w Kevina Trendy oraz Sportowca. Teraz do tego grona mo\u017ce do\u0142\u0105czy\u0107 Kevin Cool.Z innowacji jakie zosta\u0142y wprowadzone w tym modelu, to ruchome d\u0142onie lalki.Teraz Kevin bez problemu [&hellip;]<\/p>\n","protected":false},"featured_media":2420,"comment_status":"closed","ping_status":"open","template":"","meta":[],"product_cat":[65,279],"product_tag":[610,730,737,857],"class_list":["post-2419","product","type-product","status-publish","has-post-thumbnail","hentry","product_cat-lalki","product_cat-simba","product_tag-co-na-prezent-dla-nastolatkow","product_tag-karyna","product_tag-test-z-lektury-felix-net-i-nika-oraz-gang-niewidzialnych-ludzi","product_tag-zagadki-dla-dzieci-7-8-lat"],"_links":{"self":[{"href":"http:\/\/klubmamgdynia.pl\/index.php\/wp-json\/wp\/v2\/product\/2419","targetHints":{"allow":["GET"]}}],"collection":[{"href":"http:\/\/klubmamgdynia.pl\/index.php\/wp-json\/wp\/v2\/product"}],"about":[{"href":"http:\/\/klubmamgdynia.pl\/index.php\/wp-json\/wp\/v2\/types\/product"}],"replies":[{"embeddable":true,"href":"http:\/\/klubmamgdynia.pl\/index.php\/wp-json\/wp\/v2\/comments?post=2419"}],"wp:featuredmedia":[{"embeddable":true,"href":"http:\/\/klubmamgdynia.pl\/index.php\/wp-json\/wp\/v2\/media\/2420"}],"wp:attachment":[{"href":"http:\/\/klubmamgdynia.pl\/index.php\/wp-json\/wp\/v2\/media?parent=2419"}],"wp:term":[{"taxonomy":"product_cat","embeddable":true,"href":"http:\/\/klubmamgdynia.pl\/index.php\/wp-json\/wp\/v2\/product_cat?post=2419"},{"taxonomy":"product_tag","embeddable":true,"href":"http:\/\/klubmamgdynia.pl\/index.php\/wp-json\/wp\/v2\/product_tag?post=2419"}],"curies":[{"name":"wp","href":"https:\/\/api.w.org\/{rel}","templated":true}]}}