{"id":2423,"date":"2011-06-05T22:31:28","date_gmt":"2011-06-05T20:31:28","guid":{"rendered":"http:\/\/klubmamgdynia.pl\/index.php\/produkt\/playmobil-9391-kalendarz-adwentowy-1-2-3-lesne-swieta\/"},"modified":"2026-04-06T01:34:39","modified_gmt":"2026-04-05T23:34:39","slug":"playmobil-9391-kalendarz-adwentowy-1-2-3-lesne-swieta","status":"publish","type":"product","link":"http:\/\/klubmamgdynia.pl\/index.php\/produkt\/playmobil-9391-kalendarz-adwentowy-1-2-3-lesne-swieta\/","title":{"rendered":"Playmobil 9391 Kalendarz Adwentowy 1.2.3 Le\u015bne \u015awi\u0119ta"},"content":{"rendered":"<p>PLAYMOBIL KALENDARZ ADWENTOWY 1.2.3 LE\u015aNE \u015aWI\u0118TA 9391<\/p>\n<p>W specjalnej bo\u017conarodzeniowej ofercie\u00a0PLAYMOBIL\u00a0znajduj\u0105 si\u0119 kalendarze adwentowe. Do kalendarzy adwentowych zastosowana<br \/>\nzosta\u0142a koncepcja opakowa\u0144: z okienkami do otwierania na poszczeg\u00f3lne dni,<br \/>\nwieloma informacjami na opakowaniu oraz szybk\u0105 mo\u017cliwo\u015bci\u0105 z\u0142o\u017cenia. Kalendarze<br \/>\nadwentowe\u00a0PLAYMOBIL, z zabawkami ukrytymi za okienkiem na ka\u017cdy dzie\u0144 adwentu, ciesz\u0105 si\u0119<br \/>\ncoraz wi\u0119ksz\u0105 popularno\u015bci\u0105 w Polsce. Niech i dzieci odczuj\u0105 magiczn\u0105 rado\u015b\u0107<br \/>\noczekiwania na \u015awi\u0119ta Bo\u017cego Narodzenia!                            <\/p>\n<p>Kalendarz adwentowy 1.2.3 &#8222;Le\u015bne \u015bwi\u0119ta&#8221; 9391\u00a0to idealna propozycja dla najm\u0142odszych dzieci &#8211; pocz\u0105tkuj\u0105cych<br \/>\nwielbicieli kreatywnych zestaw\u00f3w Playmobil. W \u0142adnie ozdobionym pude\u0142ku, pod<br \/>\nka\u017cdym okienkiem skrywa si\u0119 niespodzianka, kt\u00f3ra umili oczekiwanie na \u015bwi\u0119ta. W<br \/>\nzestawie znajduj\u0105 si\u0119 figurki z serii dla najm\u0142odszych oraz ciekawe akcesoria<br \/>\nzwi\u0105zane z tematyk\u0105 le\u015bn\u0105 i bo\u017conarodzeniow\u0105 (m.in. \u015awi\u0119ty Miko\u0142aj, 3 figurki,<br \/>\nzwierz\u0119ta: sarna, jele\u0144, sowa, lis, wiewi\u00f3rka, kr\u00f3lik, akcesoria: choinka z<br \/>\ndziupl\u0105, sanie, igloo, worek prezent\u00f3w, krzak, ogrodzenie, itp.)<\/p>\n<h2>Playmobil 9391 Kalendarz Adwentowy 1.2.3 Le\u015bne \u015awi\u0119ta Playmobil<\/h2>\n<p>zosia samosia wiersz, zagadki dla 4 latka, wierszyki na \u015bmigusa dyngusa, farma dyni poznan, mia i ja kolorowanki do druku, jak narysowa\u0107 anio\u0142ka, melania imi\u0119, \u017carty na prima aprilis dla rodzic\u00f3w, kotki do druku, quiz opowie\u015bci z narnii, ko\u0142ysanki dla dzieci tekst, \u0142amig\u0142\u00f3wki logiczne, przyja\u017a\u0144 cytaty, kolorowanki \u015bwi\u0105teczne do wydruku, atrakcje dla dzieci wroc\u0142aw i okolice, kr\u00f3tkie zagadki, imie pola, molo w brze\u017anie, dynie pozna\u0144, zaproszenie na urodziny<\/p>\n<p>yyyyy<\/p>\n<p>&nbsp;<\/p>\n","protected":false},"excerpt":{"rendered":"<p>PLAYMOBIL KALENDARZ ADWENTOWY 1.2.3 LE\u015aNE \u015aWI\u0118TA 9391 W specjalnej bo\u017conarodzeniowej ofercie\u00a0PLAYMOBIL\u00a0znajduj\u0105 si\u0119 kalendarze adwentowe. Do kalendarzy adwentowych zastosowana zosta\u0142a koncepcja opakowa\u0144: z okienkami do otwierania na poszczeg\u00f3lne dni, wieloma informacjami na opakowaniu oraz szybk\u0105 mo\u017cliwo\u015bci\u0105 z\u0142o\u017cenia. Kalendarze adwentowe\u00a0PLAYMOBIL, z zabawkami ukrytymi za okienkiem na ka\u017cdy dzie\u0144 adwentu, ciesz\u0105 si\u0119 coraz wi\u0119ksz\u0105 popularno\u015bci\u0105 w Polsce. Niech [&hellip;]<\/p>\n","protected":false},"featured_media":2424,"comment_status":"closed","ping_status":"open","template":"","meta":[],"product_cat":[113,466],"product_tag":[808,786,710,577],"class_list":["post-2423","product","type-product","status-publish","has-post-thumbnail","hentry","product_cat-klocki","product_cat-playmobil","product_tag-imie-mia","product_tag-prezent-na-1-urodziny","product_tag-zagadki-dla-dzieci-10-12-lat","product_tag-znaki-drogowe-test"],"_links":{"self":[{"href":"http:\/\/klubmamgdynia.pl\/index.php\/wp-json\/wp\/v2\/product\/2423","targetHints":{"allow":["GET"]}}],"collection":[{"href":"http:\/\/klubmamgdynia.pl\/index.php\/wp-json\/wp\/v2\/product"}],"about":[{"href":"http:\/\/klubmamgdynia.pl\/index.php\/wp-json\/wp\/v2\/types\/product"}],"replies":[{"embeddable":true,"href":"http:\/\/klubmamgdynia.pl\/index.php\/wp-json\/wp\/v2\/comments?post=2423"}],"wp:featuredmedia":[{"embeddable":true,"href":"http:\/\/klubmamgdynia.pl\/index.php\/wp-json\/wp\/v2\/media\/2424"}],"wp:attachment":[{"href":"http:\/\/klubmamgdynia.pl\/index.php\/wp-json\/wp\/v2\/media?parent=2423"}],"wp:term":[{"taxonomy":"product_cat","embeddable":true,"href":"http:\/\/klubmamgdynia.pl\/index.php\/wp-json\/wp\/v2\/product_cat?post=2423"},{"taxonomy":"product_tag","embeddable":true,"href":"http:\/\/klubmamgdynia.pl\/index.php\/wp-json\/wp\/v2\/product_tag?post=2423"}],"curies":[{"name":"wp","href":"https:\/\/api.w.org\/{rel}","templated":true}]}}