{"id":2425,"date":"2013-01-10T14:37:03","date_gmt":"2013-01-10T13:37:03","guid":{"rendered":"http:\/\/klubmamgdynia.pl\/index.php\/produkt\/brelok-volvo-740-sedan-stal-nierdzewna-9523876\/"},"modified":"2026-04-06T19:11:38","modified_gmt":"2026-04-06T17:11:38","slug":"brelok-volvo-740-sedan-stal-nierdzewna-9523876","status":"publish","type":"product","link":"http:\/\/klubmamgdynia.pl\/index.php\/produkt\/brelok-volvo-740-sedan-stal-nierdzewna-9523876\/","title":{"rendered":"Brelok Volvo 740 Sedan Stal Nierdzewna (9523876)"},"content":{"rendered":"<p>Brelok w kszta\u0142cie Volvo 740 sedan sprawdzi si\u0119 idealnie jako pomys\u0142 na prezent dla posiadacza tego konkretnego modelu samochodu, ale tak\u017ce jako dodatek do innego breloka.\u015awietnie odwzorowany brelok Volvo 740 sedan ze stali nierdzewnejBrelok Volvo 740 sedan ze stali nierdzewnej wykonany jest z najwy\u017csz\u0105 staranno\u015bci\u0105 oraz precyzj\u0105. Jest on obustronnie szlifowany, a zastosowany efekt szczotkowania zapewnia mu niepowtarzalny wygl\u0105d. Produkt jest polskiej produkcji.Unikatowy gad\u017cetBrelok urozmaici wygl\u0105d kluczy do samochodu, a w po\u0142\u0105czeniu z zawieszk\u0105 MADE IN SWEDEN nada klimatycznego nastroju, podkre\u015bli zami\u0142owanie do motoryzacji i przywi\u0105zanie do marki, modelu auta. Jest to idealna propozycja na prezent dla os\u00f3b, dla kt\u00f3rych posiadanie samochodu znaczy co\u015b wi\u0119cej ni\u017c tylko dojazd do wyznaczonego celu.Zalety produktu: precyzja i dok\u0142adno\u015b\u0107 wykonaniawysoka jako\u015b\u0107 stali nierdzewnejbardzo dobrze odwzorowany kszta\u0142t autaurozmaica wygl\u0105d kluczyWymiary:- d\u0142ugo\u015b\u0107 6 cm- wysoko\u015b\u0107 1,7 cm- grubo\u015b\u0107 0,2 cm<\/p>\n<h2>Brelok Volvo 740 Sedan Stal Nierdzewna (9523876) Inny<\/h2>\n<p>cytat z kubusia puchatka o mi\u0142o\u015bci, s\u0142owa do przyjaciela, z\u0142ote my\u015bli pedagogiczne, podchwytliwe zagadki dla doros\u0142ych, kolorowanki miasto dzieci, milosz imie, nauka pisania wyraz\u00f3w dla dzieci do druku pdf, cytaty dla mamy od c\u00f3rki<\/p>\n<p>yyyyy<\/p>\n<p>&nbsp;<\/p>\n","protected":false},"excerpt":{"rendered":"<p>Brelok w kszta\u0142cie Volvo 740 sedan sprawdzi si\u0119 idealnie jako pomys\u0142 na prezent dla posiadacza tego konkretnego modelu samochodu, ale tak\u017ce jako dodatek do innego breloka.\u015awietnie odwzorowany brelok Volvo 740 sedan ze stali nierdzewnejBrelok Volvo 740 sedan ze stali nierdzewnej wykonany jest z najwy\u017csz\u0105 staranno\u015bci\u0105 oraz precyzj\u0105. Jest on obustronnie szlifowany, a zastosowany efekt szczotkowania [&hellip;]<\/p>\n","protected":false},"featured_media":2426,"comment_status":"closed","ping_status":"open","template":"","meta":[],"product_cat":[482,169],"product_tag":[833,801,610,643,771,757],"class_list":["post-2425","product","type-product","status-publish","has-post-thumbnail","hentry","product_cat-gadzety","product_cat-inny","product_tag-bajki-dla-dzieci-do-czytania","product_tag-bajki-terapeutyczne-o-emocjach","product_tag-co-na-prezent-dla-nastolatkow","product_tag-prezent-dla-17-latki","product_tag-stolice-europy-quiz","product_tag-test-z-lektury-ania-z-zielonego-wzgorza-klasa-6-z-odpowiedziami"],"_links":{"self":[{"href":"http:\/\/klubmamgdynia.pl\/index.php\/wp-json\/wp\/v2\/product\/2425","targetHints":{"allow":["GET"]}}],"collection":[{"href":"http:\/\/klubmamgdynia.pl\/index.php\/wp-json\/wp\/v2\/product"}],"about":[{"href":"http:\/\/klubmamgdynia.pl\/index.php\/wp-json\/wp\/v2\/types\/product"}],"replies":[{"embeddable":true,"href":"http:\/\/klubmamgdynia.pl\/index.php\/wp-json\/wp\/v2\/comments?post=2425"}],"wp:featuredmedia":[{"embeddable":true,"href":"http:\/\/klubmamgdynia.pl\/index.php\/wp-json\/wp\/v2\/media\/2426"}],"wp:attachment":[{"href":"http:\/\/klubmamgdynia.pl\/index.php\/wp-json\/wp\/v2\/media?parent=2425"}],"wp:term":[{"taxonomy":"product_cat","embeddable":true,"href":"http:\/\/klubmamgdynia.pl\/index.php\/wp-json\/wp\/v2\/product_cat?post=2425"},{"taxonomy":"product_tag","embeddable":true,"href":"http:\/\/klubmamgdynia.pl\/index.php\/wp-json\/wp\/v2\/product_tag?post=2425"}],"curies":[{"name":"wp","href":"https:\/\/api.w.org\/{rel}","templated":true}]}}