{"id":2427,"date":"2024-04-13T22:59:40","date_gmt":"2024-04-13T20:59:40","guid":{"rendered":"http:\/\/klubmamgdynia.pl\/?post_type=product&#038;p=2427"},"modified":"2026-05-17T22:28:55","modified_gmt":"2026-05-17T20:28:55","slug":"roadmarch-winterxpro-888-205-55r17-95h","status":"publish","type":"product","link":"http:\/\/klubmamgdynia.pl\/index.php\/produkt\/roadmarch-winterxpro-888-205-55r17-95h\/","title":{"rendered":"Roadmarch Winterxpro 888 205\/55R17 95H"},"content":{"rendered":"<h2>Roadmarch Winterxpro 888 205\/55R17 95H Roadmarch<\/h2>\n<p>co kupi\u0107 na roczek, \u0142ama\u0144ce j\u0119zykowe dla dzieci, cytaty na dzie\u0144 nauczyciela, kolorowanki z bajek, zrobi\u0107 laurk\u0119 laurka dla babci, zagatki, \u017cyczenia na lany poniedzia\u0142ek wielkanocny, ozdoby na choink\u0119 dla dzieci z papieru, jesienne zagadki, mamo mamusiu pusto w mym brzusiu tekst, testy z zemsty, ma\u0142y ksi\u0105\u017ce cytaty o przyja\u017ani, milosc do dzieci, co na prezent dla 7 latki, sentencje o przyja\u017ani<\/p>\n<p>yyyyy<\/p>\n<p>&nbsp;<\/p>\n","protected":false},"excerpt":{"rendered":"<p>Roadmarch Winterxpro 888 205\/55R17 95H Roadmarch co kupi\u0107 na roczek, \u0142ama\u0144ce j\u0119zykowe dla dzieci, cytaty na dzie\u0144 nauczyciela, kolorowanki z bajek, zrobi\u0107 laurk\u0119 laurka dla babci, zagatki, \u017cyczenia na lany poniedzia\u0142ek wielkanocny, ozdoby na choink\u0119 dla dzieci z papieru, jesienne zagadki, mamo mamusiu pusto w mym brzusiu tekst, testy z zemsty, ma\u0142y ksi\u0105\u017ce cytaty o [&hellip;]<\/p>\n","protected":false},"featured_media":2428,"comment_status":"closed","ping_status":"open","template":"","meta":[],"product_cat":[885,884],"product_tag":[829,795,620],"class_list":["post-2427","product","type-product","status-publish","has-post-thumbnail","hentry","product_cat-opony-zimowe","product_cat-roadmarch","product_tag-bajki-do-czytania-na-dobranoc","product_tag-mini-zoo-warszawa","product_tag-quiz-opowiesci-z-narnii"],"_links":{"self":[{"href":"http:\/\/klubmamgdynia.pl\/index.php\/wp-json\/wp\/v2\/product\/2427","targetHints":{"allow":["GET"]}}],"collection":[{"href":"http:\/\/klubmamgdynia.pl\/index.php\/wp-json\/wp\/v2\/product"}],"about":[{"href":"http:\/\/klubmamgdynia.pl\/index.php\/wp-json\/wp\/v2\/types\/product"}],"replies":[{"embeddable":true,"href":"http:\/\/klubmamgdynia.pl\/index.php\/wp-json\/wp\/v2\/comments?post=2427"}],"wp:featuredmedia":[{"embeddable":true,"href":"http:\/\/klubmamgdynia.pl\/index.php\/wp-json\/wp\/v2\/media\/2428"}],"wp:attachment":[{"href":"http:\/\/klubmamgdynia.pl\/index.php\/wp-json\/wp\/v2\/media?parent=2427"}],"wp:term":[{"taxonomy":"product_cat","embeddable":true,"href":"http:\/\/klubmamgdynia.pl\/index.php\/wp-json\/wp\/v2\/product_cat?post=2427"},{"taxonomy":"product_tag","embeddable":true,"href":"http:\/\/klubmamgdynia.pl\/index.php\/wp-json\/wp\/v2\/product_tag?post=2427"}],"curies":[{"name":"wp","href":"https:\/\/api.w.org\/{rel}","templated":true}]}}