{"id":2429,"date":"2023-09-13T15:29:16","date_gmt":"2023-09-13T13:29:16","guid":{"rendered":"http:\/\/klubmamgdynia.pl\/?post_type=product&#038;p=2429"},"modified":"2026-04-07T12:28:33","modified_gmt":"2026-04-07T10:28:33","slug":"mirage-mr-hp172-245-45r20-99y","status":"publish","type":"product","link":"http:\/\/klubmamgdynia.pl\/index.php\/produkt\/mirage-mr-hp172-245-45r20-99y\/","title":{"rendered":"MIRAGE MR-HP172 245\/45R20 99Y"},"content":{"rendered":"<p>Opony letnie Mirage MR-HP172 w rozmiarze 245\/45 R20 99Y<\/p>\n<p>Opony Mirage MR-HP172 przeznaczone s\u0105 na sezon letni, ich rozmiar w prezentowanym przyk\u0142adzie to 245\/45 R20, a indeksy pr\u0119dko\u015bci i no\u015bno\u015bci odpowiednio Y i 99. Oznacza to, \u017ce podczas jazdy z maksymaln\u0105 dopuszczaln\u0105 pr\u0119dko\u015bci\u0105 300 km\/h opona wytrzyma obci\u0105\u017cenie do 775 kg. Omawiany rozmiar 245\/45 R20 pasuje do samochod\u00f3w typu BMW Seria 7, Renault Grand Scenic, Skoda Superb, BMW Seria 5 czy BMW X6. W ramach europejskiego systemu etykiet na oponach omawiany model Mirage MR-HP172 245\/45 R20 prezentuje si\u0119 nast\u0119puj\u0105co: E w kategorii hamowania na mokrej nawierzchni, E za opory toczenia, kt\u00f3re wp\u0142ywaj\u0105 na spalanie paliwa oraz 71 dB w pomiarze emitowanego ha\u0142asu zewn\u0119trznego. Warto pami\u0119ta\u0107, \u017ce w rozmiarze opony 245\/45 R20 pierwsza liczba oznacza jej szeroko\u015b\u0107 w milimetrach, druga to wysoko\u015b\u0107 profilu liczona jako procent z szeroko\u015bci (tutaj 45% z 245 wynosi 110,25 ), litera to typ konstrukcji opony (najcz\u0119\u015bciej radialny, ale mo\u017ce by\u0107 te\u017c diagonalny), a trzecia liczba (tutaj 20) to mierzona w calach \u015brednica felgi, na jakiej nale\u017cy zamontowa\u0107 dany model.                            <\/p>\n<p>            Opona osobowa<\/p>\n<p>MR-HP172 w rozmiarze 245\/45 R20 sklasyfikowany zosta\u0142 przez producenta jako ogumienie osobowe. Opony osobowe produkowane s\u0105 z my\u015bl\u0105 o autach miejskich, rodzinnych, kombi, limuzynach i samochodach osobowych. To najszerszy segment ogumienia dziel\u0105cy si\u0119 na trzy klasy &#8211; premium, \u015bredni\u0105 i ekonomiczn\u0105. R\u00f3\u017cni\u0105 si\u0119 one cen\u0105 i zaawansowaniem technologicznym, dlatego zar\u00f3wno kierowcy pragn\u0105cy oszcz\u0119dza\u0107, jak i ci, kt\u00f3rym zale\u017cy na wysokich osi\u0105gach, znajd\u0105 w obr\u0119bie tych klas odpowiednie ogumienie do swojego auta. To wa\u017cne, poniewa\u017c prawid\u0142owo dobrane opony zapewniaj\u0105 bezpieczn\u0105 i komfortow\u0105 jazd\u0119 w zr\u00f3\u017cnicowanych warunkach.                            <\/p>\n<p>            Klasa &#8211; bud\u017cetowa. Alternatywa dla kierowc\u00f3w preferuj\u0105cych jazd\u0119 po mie\u015bcie<\/p>\n<p>Opony firmy Mirage pozycjonowane s\u0105 przez bran\u017c\u0119 motoryzacyjn\u0105 jako produkty klasy bud\u017cetowej. Opony klasy ekonomicznej, zwanej tak\u017ce bud\u017cetow\u0105, dost\u0119pne s\u0105 w najni\u017cszych cenach na rynku. Najcz\u0119\u015bciej kupuj\u0105 je kierowcy poszukuj\u0105cy oszcz\u0119dno\u015bci, je\u017cd\u017c\u0105cy ma\u0142o, o bardzo spokojnym stylu jazdy czy posiadacze najmniejszych i najs\u0142abszych samochod\u00f3w. Producenci opon klasy ekonomicznej najcz\u0119\u015bciej decyduj\u0105 si\u0119 na zastosowanie klasycznych, stosunkowo uniwersalnych rze\u017ab bie\u017cnika i technologii ze starszych opon premium (sprzed kilku lat). Popularne marki ekonomiczne to: Mirage, Sunny, Laufenn, D\u0119bica, Matador, Barum czy Sava.                            <\/p>\n<p>            Etykieta unijna opon MR-HP172 245\/45 R20 czyli ocena hamowania, spalania i ha\u0142asu<\/p>\n<p>Spalanie paliwa &#8211; ocena E Opory toczenia maj\u0105 wp\u0142yw na zu\u017cycie paliwa i emisj\u0119 spalin przez samoch\u00f3d. Najlepszymi i najbardziej oszcz\u0119dnymi oponami s\u0105 modele oznaczone liter\u0105 &#8222;A&#8221; \u2013 najmniej ekonomiczne ogumienie zaliczane jest do klasy &#8222;G&#8221;. Klasy &#8222;D&#8221; nie stosuje si\u0119 w odniesieniu do samochod\u00f3w osobowych. Tak\u0105 sam\u0105 ocen\u0119 &#8211; &#8222;E&#8221; na etykiecie unijnej w kategorii &#8222;spalanie paliwa&#8221; uzyska\u0142o jeszcze 176 innych produkt\u00f3w spe\u0142niaj\u0105cych kryteria &#8211; opony letnie (sezon), 20 cali (\u015brednica) oraz bud\u017cetowa (klasa). Hamowanie na mokrym &#8211; ocena E Fragment etykiety unijnej zawieraj\u0105cy informacje o przyczepno\u015bci na mokrej nawierzchni prezentuje wyniki pomiaru drogi hamowania i si\u0142y tarcia opon we wspomnianych warunkach w por\u00f3wnaniu do modelu referencyjnego. Etykieta unijna za przyczepno\u015b\u0107 na mokrym przewiduje przyznanie klas od A (najwy\u017csza) do G (najni\u017csza) \u2013 warto jednak pami\u0119ta\u0107, \u017ce klasa D dla rozgraniczenia lepszych i gorszych produkt\u00f3w pozostaje pusta, a opony z klas\u0105 G nie s\u0105 dopuszczane do sprzeda\u017cy, wi\u0119c w praktyce takich si\u0119 nie spotyka. Ha\u0142as na zewn\u0105trz &#8211; 71 dB Symbol trzech fal d\u017awi\u0119kowych umieszczonych na etykiecie unijnej do\u0142\u0105czonej do opon okre\u015bla ha\u0142as zewn\u0119trzny generowany przez opon\u0119 podczas jazdy To parametr wp\u0142ywaj\u0105cy na komfort jazdy, dlatego warto zwr\u00f3ci\u0107 na niego uwag\u0119 wybieraj\u0105c ogumienie. Jedna fala oznacza niski poziom g\u0142o\u015bno\u015bci, podczas gdy trzy fale &#8211; najwi\u0119kszy. Poziom g\u0142o\u015bno\u015bci oblicza si\u0119 na podstawie skali logarytmicznej, co oznacza, \u017ce opona z trzema falami jest a\u017c czterokrotnie g\u0142o\u015bniejsza od modelu zaklasyfikowanego jedn\u0105 fal\u0105. Wynik &#8222;71 dB&#8221; na etykiecie unijnej w kategorii &#8222;ha\u0142as zewn\u0119trzny&#8221; uzyska\u0142o jeszcze 21 innych produkt\u00f3w spe\u0142niaj\u0105cych kryteria &#8211; opony 245\/45 R20 (rozmiar) oraz letnie (sezon).                            <\/p>\n<p>            Firma Mirage<\/p>\n<p>Marka Mirage nale\u017cy do firmy Shandong Hengfeng Rubber &amp; Plastic Co., Ltd. z Chin i zosta\u0142a za\u0142o\u017cona w 1995 roku. Firma rozpocz\u0119\u0142a produkcj\u0119 opon w 2000 roku, pierwotnie przeznaczonych do minibus\u00f3w. Aktualnie Mirage produkuje innowacyjne opony letnie, ca\u0142oroczne i zimowe przeznaczone do wszystkich typ\u00f3w pojazd\u00f3w. Opony Mirage znane s\u0105 na ca\u0142ym \u015bwiecie, certyfikowane i wysy\u0142ane do ponad 80 kraj\u00f3w. Mirage wsp\u00f3\u0142pracuje z renomowanymi markami, takimi jak Goodyear, Continental i Pirelli dzi\u0119ki czemu sta\u0142 si\u0119 ogniwem po\u015brednim, \u0142\u0105cz\u0105cym dwie najwa\u017cniejsze cechy &#8211; niski koszt i dobry poziom wydajno\u015bci produktu.                            <\/p>\n<p>            Jak sprawdza si\u0119 symetryczna rze\u017aba bie\u017cnika w oponie Mirage MR-HP172 245\/45 R20 99Y? Poznaj jej wady i zalety<\/p>\n<p>Model MR-HP172 (Mirage) wyposa\u017cony zosta\u0142 w symetryczn\u0105 rze\u017ab\u0119 bie\u017cnika. Bie\u017cnik symetryczny to rozwi\u0105zanie, kt\u00f3re jest najstarsze pod wzgl\u0119dem technologicznym. Jest ono tak\u017ce najta\u0144sze pod wzgl\u0119dem projektowania i produkcji. Dwie po\u0142owy opony z omawian\u0105 rze\u017ab\u0105 s\u0105 takie same, co sprawia, \u017ce mo\u017cna je dowolnie zamontowa\u0107 na samochodzie i niezale\u017cnie od kierunku toczenia pracuj\u0105 tak samo. W efekcie osi\u0105gi opon z bie\u017cnikiem symetrycznym s\u0105 do\u015b\u0107 przeci\u0119tne, szczeg\u00f3lnie przy wy\u017cszych pr\u0119dko\u015bciach. Bie\u017cnik symetryczny mo\u017cna obecnie spotka\u0107 g\u0142\u00f3wnie w oponach ci\u0119\u017carowych i dostawczych.                            <\/p>\n<p>            Oznaczenia 99Y<\/p>\n<p>Napisy &#8222;99&#8221; oraz &#8222;Y&#8221; umieszczone na boku opony, najcz\u0119\u015bciej za jej rozmiarem to kolejno indeks no\u015bno\u015bci (do 775 kg) oraz pr\u0119dko\u015bci (do 300 km\/h). Pami\u0119tajcie, \u017ce nie wolno ich lekcewa\u017cy\u0107 podczas wyboru opon letnich.                             <\/p>\n<p>            Opony letnie<\/p>\n<p>Mirage MR-HP172 245\/45 R20 nale\u017cy do grupy opon letnich. Opony letnie to produkty, kt\u00f3re s\u0105 tworzone z my\u015bl\u0105 o zapewnieniu wysokiej przyczepno\u015bci i sprawnego hamowania, a tak\u017ce komfortu jazdy i oszcz\u0119dno\u015bci paliwa w warunkach panuj\u0105cych na drogach w okresie od p\u00f3\u017anej wiosny do wczesnej jesieni &#8211; w temperaturach od 7 stopni powy\u017cej zera a\u017c po typowe dla letnich upa\u0142\u00f3w. W oponach letnich (dziel\u0105cych si\u0119 na klasy bud\u017cetow\u0105, \u015bredni\u0105 i wy\u017csz\u0105) stosowane s\u0105 g\u0142\u00f3wnie bie\u017cniki kierunkowe i asymetryczne. Jak kupi\u0107 opony letnie? Najlepiej zapozna\u0107 si\u0119 z ich etykietami, sprawdzi\u0107 wyniki test\u00f3w i opinie u\u017cytkownik\u00f3w.                            <\/p>\n<p>            Gwarancja na opony MR-HP172<\/p>\n<p>Na uznanie gwarancji przez producenta mo\u017cna liczy\u0107 tylko w przypadku wyst\u0105pienia wady fabrycznej. Warto j\u0105 zg\u0142osi\u0107 niezw\u0142ocznie po jej wykryciu, poniewa\u017c reklamowanie opon b\u0119d\u0105cych przedmiotami ulegaj\u0105cymi naturalnemu zu\u017cyciu bywa trudne. Problemu nie powinno by\u0107 natomiast w momencie zauwa\u017cenia deformacji opony, trudno\u015bci z wywa\u017ceniem modelu czy widocznego uszkodzenia jeszcze przed monta\u017cem. W przypadku opon klasy bud\u017cetowej Mirage, producent udziela gwarancji trwaj\u0105cej 2 lata od daty zakupu.                             <\/p>\n<p>            Opinie kierowc\u00f3w rozmiaru 245\/45 R20 o oponach Mirage MR-HP172<\/p>\n<p>Opinie o oponie s\u0105 obecnie zbierane od u\u017cytkownik\u00f3w. Czekamy na pierwsze wra\u017cenia z jazdy oraz informacje jak opony zachowuj\u0105 si\u0119 w r\u00f3\u017cnych warunkach. Dodaj swoj\u0105 opini\u0119. W komentarzu poza recenzj\u0105 prosz\u0119 o podawanie marki i modelu auta, lokalizacji (g\u00f3ry, miasto, trasa) oraz preferowanego stylu jazdy.<\/p>\n<h2>MIRAGE MR-HP172 245\/45R20 99Y Mirage<\/h2>\n<p>prezent dla rocznego dziecka, quiz opowie\u015bci z narnii lew czarownica i stara szafa, zagadki logiczne dla dzieci, hejka tu lenka quizy, kolorowanka pikachu, zagadki dla dzieci 7 lat, glupie zagadki, mini zoo \u015bl\u0105sk, ida swieta wielkanocne ida swieta, planety uk\u0142ad s\u0142oneczny dla dzieci do druku, szopka do druku, atrakcje wroc\u0142aw i okolice, paj\u0105czek na rowerze test, filmy familijne walta disneya, jagna imi\u0119, jazda konna dla dzieci, wakacyjne kolorowanki, mia\u0142a baba koguta tekst, zagadki o bo\u017cym narodzeniu, sybilla<\/p>\n<p>yyyyy<\/p>\n<p>&nbsp;<\/p>\n","protected":false},"excerpt":{"rendered":"<p>Opony letnie Mirage MR-HP172 w rozmiarze 245\/45 R20 99Y Opony Mirage MR-HP172 przeznaczone s\u0105 na sezon letni, ich rozmiar w prezentowanym przyk\u0142adzie to 245\/45 R20, a indeksy pr\u0119dko\u015bci i no\u015bno\u015bci odpowiednio Y i 99. Oznacza to, \u017ce podczas jazdy z maksymaln\u0105 dopuszczaln\u0105 pr\u0119dko\u015bci\u0105 300 km\/h opona wytrzyma obci\u0105\u017cenie do 775 kg. Omawiany rozmiar 245\/45 R20 [&hellip;]<\/p>\n","protected":false},"featured_media":2430,"comment_status":"closed","ping_status":"open","template":"","meta":[],"product_cat":[547,548],"product_tag":[700,655,647,698,869],"class_list":["post-2429","product","type-product","status-publish","has-post-thumbnail","hentry","product_cat-mirage","product_cat-opony-letnie","product_tag-bajki-do-czytania-dla-dzieci","product_tag-najlepsze-zagadki","product_tag-warszawa-z-dzieckiem","product_tag-zagadki-dla-przedszkolakow","product_tag-zagadki-na-logike"],"_links":{"self":[{"href":"http:\/\/klubmamgdynia.pl\/index.php\/wp-json\/wp\/v2\/product\/2429","targetHints":{"allow":["GET"]}}],"collection":[{"href":"http:\/\/klubmamgdynia.pl\/index.php\/wp-json\/wp\/v2\/product"}],"about":[{"href":"http:\/\/klubmamgdynia.pl\/index.php\/wp-json\/wp\/v2\/types\/product"}],"replies":[{"embeddable":true,"href":"http:\/\/klubmamgdynia.pl\/index.php\/wp-json\/wp\/v2\/comments?post=2429"}],"wp:featuredmedia":[{"embeddable":true,"href":"http:\/\/klubmamgdynia.pl\/index.php\/wp-json\/wp\/v2\/media\/2430"}],"wp:attachment":[{"href":"http:\/\/klubmamgdynia.pl\/index.php\/wp-json\/wp\/v2\/media?parent=2429"}],"wp:term":[{"taxonomy":"product_cat","embeddable":true,"href":"http:\/\/klubmamgdynia.pl\/index.php\/wp-json\/wp\/v2\/product_cat?post=2429"},{"taxonomy":"product_tag","embeddable":true,"href":"http:\/\/klubmamgdynia.pl\/index.php\/wp-json\/wp\/v2\/product_tag?post=2429"}],"curies":[{"name":"wp","href":"https:\/\/api.w.org\/{rel}","templated":true}]}}