{"id":243,"date":"2019-01-26T15:54:00","date_gmt":"2019-01-26T14:54:00","guid":{"rendered":"http:\/\/klubmamgdynia.pl\/index.php\/produkt\/trefl-puzzle-20el-psi-patrol-chase-pojazd-21071\/"},"modified":"2026-04-04T13:20:47","modified_gmt":"2026-04-04T11:20:47","slug":"trefl-puzzle-20el-psi-patrol-chase-pojazd-21071","status":"publish","type":"product","link":"http:\/\/klubmamgdynia.pl\/index.php\/produkt\/trefl-puzzle-20el-psi-patrol-chase-pojazd-21071\/","title":{"rendered":"Trefl Puzzle 20el. Psi Patrol Chase pojazd 21071"},"content":{"rendered":"<p>Trefl Puzzle mini maxi PSI PATROL Chase pojazd 21071Puzzle z bohaterami ulubionej serii dzieci, czyli &#8222;Psi Patrol&#8221;.\u00a0Uk\u0142adanie puzzli uczy dziecko cierpliwo\u015bci, zr\u0119czno\u015bci manualnej i spostrzegawczo\u015bci potrzebnej, by dopasowa\u0107 do siebie pasuj\u0105ce elementy. To tak\u017ce doskona\u0142y trening wspomagaj\u0105cy koordynacj\u0119 wzrokowo &#8211; ruchow\u0105, a tak\u017ce okazja do kreatywnego sp\u0119dzania czasu z maluszkiem.\u00a0                            <\/p>\n<p>Sprawd\u017a inne puzzle z serii &#8222;Psi Patrol&#8221;:                            <\/p>\n<p>            Trefl Puzzle 4W1 Psi Patrol w mie\u015bcie 34374<\/p>\n<p>                        od<br \/>\n                            17,75<br \/>\n                            z\u0142<\/p>\n<p>                    Zobacz<\/p>\n<p>            Opinia od Krzysztof2021-12-23<\/p>\n<p>                Wnuczka jest zachwycona. \u015awietna zabawa od niezawodnego Trefla.<\/p>\n<p>            Trefl Puzzle 10W1 Na Patrolu Psi Patrol 90391<\/p>\n<p>                        od<br \/>\n                            25,64<br \/>\n                            z\u0142<\/p>\n<p>                    Zobacz<\/p>\n<p>            Opinia od b&#8230;k2022-08-14<\/p>\n<p>                \u0141adny, trwa\u0142y, kolorowy, maluch bardzo zadowolony.<\/p>\n<p>            Trefl Puzzle 20el. Psi Patrol 21068<\/p>\n<p>                        od<br \/>\n                            4,44<br \/>\n                            z\u0142<\/p>\n<p>                    Zobacz<\/p>\n<p>            Opinia od m&#8230;42021-04-08<\/p>\n<p>                Puzzle \u015bredniej wielko\u015bci w ma\u0142ym opakowaniu. kolorowy obrazek z postaci\u0105 z bajki zach\u0119ca do u\u0142o\u017cenia.<\/p>\n<p>            Trefl Puzzle 4W1 Wakacyjny Psi Patrol 34395<\/p>\n<p>                        od<br \/>\n                            17,41<br \/>\n                            z\u0142<\/p>\n<p>                    Zobacz<\/p>\n<p>            Opinia od s&#8230;o2022-07-02<\/p>\n<p>                Fajne puzle<\/p>\n<p>            Trefl Puzzle 4W1 Weso\u0142a Ekipa Psiego Patrolu 34346<\/p>\n<p>                        od<br \/>\n                            18,86<br \/>\n                            z\u0142<\/p>\n<p>                    Zobacz<\/p>\n<p>            Opinia od z&#8230;82021-08-26<\/p>\n<p>                Wszystko zgodne z opisem<\/p>\n<p>            Trefl Puzzle 10W1 Ekipa Psiego Patrolu 90355<\/p>\n<p>                        od<br \/>\n                            29,22<br \/>\n                            z\u0142<\/p>\n<p>                    Zobacz<\/p>\n<p>            Opinia od k&#8230;z2021-12-08<\/p>\n<p>                Jest dobrze opisany. \u015arodek oceni dziecko, ja &#8211; ufaj\u0105c jako\u015bci produkt\u00f3w Trefla, w ciemno daj\u0119 5:)<\/p>\n<p>            Trefl Puzzle 60el. Psi Patrol Gotowi Do Akcji 17321<\/p>\n<p>                        od<br \/>\n                            9,30<br \/>\n                            z\u0142<\/p>\n<p>                    Zobacz<\/p>\n<p>            Opinia od Marlena 2019-10-28<\/p>\n<p>                Puzzle super. Cena bardzo niska! Super cena. Ale wysy\u0142ka troszk\u0119 d\u0142uga. Polecam naprawd\u0119 i pewnie jeszcze nie raz skorzystam \u2764\ufe0f<\/p>\n<p>            Trefl Puzzle 100el. Psi Patrol Skye W Akcji 16368<\/p>\n<p>                        od<br \/>\n                            8,91<br \/>\n                            z\u0142<\/p>\n<p>                    Zobacz<\/p>\n<p>            Opinia od Ani2019-11-13<\/p>\n<p>                mam nadziej\u0119 \u017ce wnuki beda sie cieszy\u0107 one przetestuj\u0105<\/p>\n<p>            Trefl Puzzle 15el. Zabawny Psi Patrol<\/p>\n<p>                        od<br \/>\n                            17,30<br \/>\n                            z\u0142<\/p>\n<p>                    Zobacz<\/p>\n<p>            Opinia od be gorecka2021-03-17<\/p>\n<p>                Wow, Stary<br \/>\nMega du\u017ce elementy, ale uk\u0142adanie z zapartym tchem!solidne wykonanie, grafika tez na wysokim poziomie. Jak dla mojej Trudno skupiaj\u0105cej si\u0119 c\u00f3rki- idealne! <\/p>\n<p>            Trefl Puzzle 20el. Psi Patrol Marshall Pojazd 21070<\/p>\n<p>                        od<br \/>\n                            4,44<br \/>\n                            z\u0142<\/p>\n<p>                    Zobacz<\/p>\n<p>            Opinia od be gorecka2021-03-17<\/p>\n<p>                Jako\u015b\u0107 super. Pozytywnie jestem zaskoczona grubo\u015bci\u0105 puzzli. Do tej pory mia\u0142am do czynienia z wi\u0119kszymi elementami dla tej kategorii wiekowej. St\u0105d pozytywne zaskoczenie. Super jako\u015b co do ceny. <\/p>\n<p>            Trefl Puzzle 2W1 + Memos Psi Patrol Na Ratunek 90790<\/p>\n<p>                        od<br \/>\n                            16,04<br \/>\n                            z\u0142<\/p>\n<p>                    Zobacz<\/p>\n<p>            Opinia od c&#8230;12019-08-02<\/p>\n<p>                W tej pozycji s\u0105 2 rodzaje puzzli. Z wi\u0119kszymi elementami dla m\u0142odszych dzieci i mniejszymi dla starszych. Dodatkowo s\u0105 memory, co daje du\u017c\u0105 frajd\u0119.<\/p>\n<p>            Trefl Puzzle 160el. Psi Patrol Gotowi Do Pomocy 15363<\/p>\n<p>                        od<br \/>\n                            10,37<br \/>\n                            z\u0142<\/p>\n<p>                    Zobacz<\/p>\n<p>            Opinia od k&#8230;52021-12-06<\/p>\n<p>                \u015awietne puzle. Syn bardzo lubi. Tym bardziej ze s\u0105 na nich pieski z psiego patrolu. Polecamy bardzo. Idealne na prezent. <\/p>\n<p>            Trefl Puzzle 100el. W Blasku Nieba Psi Patrol 14818<\/p>\n<p>                        od<br \/>\n                            13,80<br \/>\n                            z\u0142<\/p>\n<p>                    Zobacz<\/p>\n<p>            Opinia od p&#8230;a2022-01-09<\/p>\n<p>                \u015awietny produkt, Sprawi\u0142 dziecku wielk\u0105 rado\u015b\u0107.<\/p>\n<p>            Trefl Puzzle 20el. Psi Patrol Chase pojazd 21071<\/p>\n<p>                        od<br \/>\n                            4,44<br \/>\n                            z\u0142<\/p>\n<p>                    Zobacz<\/p>\n<p>            Opinia od marta2019-09-25<\/p>\n<p>                \u015awietne puzzle m\u00f3j 2 letni synek je uwielbia Cho\u0107 jeszcze za ma\u0142y \u017ceby sam u\u0142o\u017cy\u0107 wiec uk\u0142adamy razem \ud83d\ude09<\/p>\n<p>            Trefl Puzzle 60el. Psi Patrol Przyjaciele gotowi do akcji 17368<\/p>\n<p>                        od<br \/>\n                            9,27<br \/>\n                            z\u0142<\/p>\n<p>                    Zobacz<\/p>\n<p>            Opinia od g&#8230;a2022-04-21<\/p>\n<p>                Prezent dla wnuczki-fanki Psiego Patrolu. Zakup przebieg\u0142 bez problem\u00f3w. Zawarto\u015b\u0107 oceni\u0119 po otwarciu puzzli<\/p>\n<p>            Trefl Puzzle 100el. Psi Patrol Bohaterska Dru\u017cyna 16351<\/p>\n<p>                        od<br \/>\n                            10,20<br \/>\n                            z\u0142<\/p>\n<p>                    Zobacz<\/p>\n<p>            Opinia od Kaja z Jastrz\u0119bia2018-12-22<\/p>\n<p>                Puzzle w atrakcyjnej cenie, licencjonowane. Dobra zabawa dla i z dzieckiem.<\/p>\n<p>            Trefl Puzzle 4W1 Psi Patrol Zawsze Na Czas 34307<\/p>\n<p>                        od<br \/>\n                            20,00<br \/>\n                            z\u0142<\/p>\n<p>                    Zobacz<\/p>\n<p>            Opinia od annie872019-11-18<\/p>\n<p>                Puzzle super, wyraziste kolory, dobrze wykonane. Jedyny minus \u017ce s\u0105 wymieszane i dla mniejszych dzieci trzeba rozdzieli\u0107 wszystkie uk\u0142adanki ale maj\u0105 r\u00f3\u017cn\u0105 wielko\u015b\u0107 wiec to nie problem. <\/p>\n<p>            Trefl Puzzle 54el. Psi Patrol Psia Misja 19601<\/p>\n<p>                        od<br \/>\n                            3,48<br \/>\n                            z\u0142<\/p>\n<p>                    Zobacz<\/p>\n<p>            Opinia od Nuna2019-11-18<\/p>\n<p>                Puzzle ma\u0142e, dobrze wykonane, zajmuj\u0105 dziecko na bardzo d\u0142ugo<\/p>\n<p>            Trefl Puzzle 54el. Psi Patrol Psia Misja 19602<\/p>\n<p>                        od<br \/>\n                            3,90<br \/>\n                            z\u0142<\/p>\n<p>                    Zobacz<\/p>\n<p>            Opinia od p&#8230;32022-04-20<\/p>\n<p>                Trwa\u0142e ,dla dzieciak\u00f3w na prezenty idealne <\/p>\n<p>            Trefl Puzzle 30el. Zgrana ekipa Psiego Patrolu 18282<\/p>\n<p>                        od<br \/>\n                            8,14<br \/>\n                            z\u0142<\/p>\n<p>                    Zobacz<\/p>\n<p>            Opinia od a&#8230;k2022-06-03<\/p>\n<p>                znakomite puzzle <\/p>\n<p>            Trefl Puzzle 54el. Psi Patrol Psia Misja 19603<\/p>\n<p>                        od<br \/>\n                            3,99<br \/>\n                            z\u0142<\/p>\n<p>                    Zobacz<\/p>\n<p>            Opinia od p&#8230;e2022-03-28<\/p>\n<p>                Super mini puzzle w bardzo dobrej cenie. Jako\u015b\u0107 puzzli lepsza ni\u017c zak\u0142ada\u0142am \u017ce b\u0119dzie. M\u00f3j czterolatek zadowolony \ud83d\ude42 <\/p>\n<p>            Trefl Puzzle 15el. Ramkowe Przyjaciele Z Psiego Patrolu 31350<\/p>\n<p>                        od<br \/>\n                            9,57<br \/>\n                            z\u0142<\/p>\n<p>                    Zobacz<\/p>\n<p>            Opinia od U\u017cytkownik Ceneo2020-03-25<\/p>\n<p>                Super. Moje 4,5-letnie dziecko, ktore jest negatywnie nastawione do ukladania puzli tym razem sie zaciekawilo i wspolnie je ukladalismy.<\/p>\n<p>            Trefl Puzzle 54el. Psi Patrol Psia Misja 19604<\/p>\n<p>                        od<br \/>\n                            4,99<br \/>\n                            z\u0142<\/p>\n<p>                    Zobacz<\/p>\n<p>            Opinia od ja2019-11-25<\/p>\n<p>                ok<\/p>\n<p>            Trefl Puzzle 24el. Psi Patrol Weso\u0142a Dru\u017cyna 14287<\/p>\n<p>                        od<br \/>\n                            17,80<br \/>\n                            z\u0142<\/p>\n<p>                    Zobacz<\/p>\n<p>            Opinia od U\u017cytkownik Ceneo2018-12-13<\/p>\n<p>                Prezent dla trzylatka, fanki psiego patrolu. Mega zadowolona. T<\/p>\n<p>            Trefl Puzzle Ramkowe 25el. Psi Patrol Na Tropie 31344<\/p>\n<p>                        od<br \/>\n                            12,02<br \/>\n                            z\u0142<\/p>\n<p>                    Zobacz<\/p>\n<p>            Opinia od a&#8230;z2021-05-27<\/p>\n<p>                Dobra zabawa i \u0142adne wykonanie.<\/p>\n<h2>Trefl Puzzle 20el. Psi Patrol Chase pojazd 21071 Trefl<\/h2>\n<p>nadia imi\u0119, myszka minnie kolorowanka, cytat o dziecku, miko\u0142ajek quiz, leonardo imie, bajki dla dziewczynek, miasto dzieci pl, pokoloruj wed\u0142ug wzoru, kr\u00f3tkie \u017cyczenia wielkanocne dla dzieci, iwo imi\u0119, lew czarownica i stara szafa test, kotek kolorowanka do druku, jad\u0105 jad\u0105 misie tekst, smieszne zagadki<\/p>\n<p>yyyyy<\/p>\n<p>&nbsp;<\/p>\n","protected":false},"excerpt":{"rendered":"<p>Trefl Puzzle mini maxi PSI PATROL Chase pojazd 21071Puzzle z bohaterami ulubionej serii dzieci, czyli &#8222;Psi Patrol&#8221;.\u00a0Uk\u0142adanie puzzli uczy dziecko cierpliwo\u015bci, zr\u0119czno\u015bci manualnej i spostrzegawczo\u015bci potrzebnej, by dopasowa\u0107 do siebie pasuj\u0105ce elementy. To tak\u017ce doskona\u0142y trening wspomagaj\u0105cy koordynacj\u0119 wzrokowo &#8211; ruchow\u0105, a tak\u017ce okazja do kreatywnego sp\u0119dzania czasu z maluszkiem.\u00a0 Sprawd\u017a inne puzzle z serii [&hellip;]<\/p>\n","protected":false},"featured_media":244,"comment_status":"closed","ping_status":"open","template":"","meta":[],"product_cat":[90,104],"product_tag":[836,681,720,714],"class_list":["post-243","product","type-product","status-publish","has-post-thumbnail","hentry","product_cat-puzzle","product_cat-trefl","product_tag-co-kupic-dziecku-na-roczek","product_tag-flagi-europy-quiz","product_tag-malowanki","product_tag-zagadki-logiczne"],"_links":{"self":[{"href":"http:\/\/klubmamgdynia.pl\/index.php\/wp-json\/wp\/v2\/product\/243","targetHints":{"allow":["GET"]}}],"collection":[{"href":"http:\/\/klubmamgdynia.pl\/index.php\/wp-json\/wp\/v2\/product"}],"about":[{"href":"http:\/\/klubmamgdynia.pl\/index.php\/wp-json\/wp\/v2\/types\/product"}],"replies":[{"embeddable":true,"href":"http:\/\/klubmamgdynia.pl\/index.php\/wp-json\/wp\/v2\/comments?post=243"}],"wp:featuredmedia":[{"embeddable":true,"href":"http:\/\/klubmamgdynia.pl\/index.php\/wp-json\/wp\/v2\/media\/244"}],"wp:attachment":[{"href":"http:\/\/klubmamgdynia.pl\/index.php\/wp-json\/wp\/v2\/media?parent=243"}],"wp:term":[{"taxonomy":"product_cat","embeddable":true,"href":"http:\/\/klubmamgdynia.pl\/index.php\/wp-json\/wp\/v2\/product_cat?post=243"},{"taxonomy":"product_tag","embeddable":true,"href":"http:\/\/klubmamgdynia.pl\/index.php\/wp-json\/wp\/v2\/product_tag?post=243"}],"curies":[{"name":"wp","href":"https:\/\/api.w.org\/{rel}","templated":true}]}}