{"id":2431,"date":"2015-08-16T12:16:26","date_gmt":"2015-08-16T10:16:26","guid":{"rendered":"http:\/\/klubmamgdynia.pl\/index.php\/produkt\/brelok-felga-bbs-lm-bialy-84352347\/"},"modified":"2026-04-19T11:02:58","modified_gmt":"2026-04-19T09:02:58","slug":"brelok-felga-bbs-lm-bialy-84352347","status":"publish","type":"product","link":"http:\/\/klubmamgdynia.pl\/index.php\/produkt\/brelok-felga-bbs-lm-bialy-84352347\/","title":{"rendered":"Brelok Felga Bbs Lm Bia\u0142y (84352347)"},"content":{"rendered":"<p>Pomniejszona wersja felgi BBS LM w kolorze bia\u0142ym to \u015bwietny pomys\u0142 na prezent dla osoby zafascynowanej motoryzacj\u0105 lub fanatyka felg, jak r\u00f3wnie\u017c urozmaicenie w\u0142asnych kluczy o atrakcyjny gad\u017cet.Oryginalny i praktyczny brelok felga BBS LM w kolorze bia\u0142ymBrelok felga BBS LM w kolorze bia\u0142ym jest odwzorowany z najwi\u0119ksz\u0105 staranno\u015bci\u0105, tak aby by\u0142 pomniejszon\u0105 wersj\u0105 swojego odpowiednika. Jest on wykonany z metalu.Unikatowy gad\u017cetBrelok ten z pewno\u015bci\u0105 wzbudzi zainteresowanie fana tuningu. Mo\u017cliwo\u015b\u0107 przymierzania felg na dowolnym aucie to nie tylko \u015bwietna zabawa, ale r\u00f3wnie\u017c mo\u017cliwo\u015b\u0107 stworzenia ciekawego projektu, kt\u00f3ry mo\u017cna by zrealizowa\u0107 w pe\u0142no wymiarowej skali.Zalety produktu: idealne odwzorowaniewysoka jako\u015b\u0107 wykonaniaidealny prezent dla pasjonata motoryzacjiurozmaica wygl\u0105d kluczy itp.Wymiary:- \u015brednica 3,4 cm- grubo\u015b\u0107 1,7 cm<\/p>\n<h2>Brelok Felga Bbs Lm Bia\u0142y (84352347) Inny<\/h2>\n<p>aniela znaczenie imienia, cytaty dla mamy od c\u00f3rki, maska iron man, cytat mama, jak narysowa\u0107 koty, linda, bajki dla dzieci do czytania, kolorowanka piesek, zabawka dla rocznej dziewczynki, najpi\u0119kniejsze cytaty cytaty dla mamy<\/p>\n<p>yyyyy<\/p>\n<p>&nbsp;<\/p>\n","protected":false},"excerpt":{"rendered":"<p>Pomniejszona wersja felgi BBS LM w kolorze bia\u0142ym to \u015bwietny pomys\u0142 na prezent dla osoby zafascynowanej motoryzacj\u0105 lub fanatyka felg, jak r\u00f3wnie\u017c urozmaicenie w\u0142asnych kluczy o atrakcyjny gad\u017cet.Oryginalny i praktyczny brelok felga BBS LM w kolorze bia\u0142ymBrelok felga BBS LM w kolorze bia\u0142ym jest odwzorowany z najwi\u0119ksz\u0105 staranno\u015bci\u0105, tak aby by\u0142 pomniejszon\u0105 wersj\u0105 swojego odpowiednika. [&hellip;]<\/p>\n","protected":false},"featured_media":2432,"comment_status":"closed","ping_status":"open","template":"","meta":[],"product_cat":[482,169],"product_tag":[819,593,730,585,614],"class_list":["post-2431","product","type-product","status-publish","has-post-thumbnail","hentry","product_cat-gadzety","product_cat-inny","product_tag-co-kupic-nastolatce-na-swieta","product_tag-jak-narysowac-konia","product_tag-karyna","product_tag-kolorowanki-dla-chlopcow","product_tag-pia"],"_links":{"self":[{"href":"http:\/\/klubmamgdynia.pl\/index.php\/wp-json\/wp\/v2\/product\/2431","targetHints":{"allow":["GET"]}}],"collection":[{"href":"http:\/\/klubmamgdynia.pl\/index.php\/wp-json\/wp\/v2\/product"}],"about":[{"href":"http:\/\/klubmamgdynia.pl\/index.php\/wp-json\/wp\/v2\/types\/product"}],"replies":[{"embeddable":true,"href":"http:\/\/klubmamgdynia.pl\/index.php\/wp-json\/wp\/v2\/comments?post=2431"}],"wp:featuredmedia":[{"embeddable":true,"href":"http:\/\/klubmamgdynia.pl\/index.php\/wp-json\/wp\/v2\/media\/2432"}],"wp:attachment":[{"href":"http:\/\/klubmamgdynia.pl\/index.php\/wp-json\/wp\/v2\/media?parent=2431"}],"wp:term":[{"taxonomy":"product_cat","embeddable":true,"href":"http:\/\/klubmamgdynia.pl\/index.php\/wp-json\/wp\/v2\/product_cat?post=2431"},{"taxonomy":"product_tag","embeddable":true,"href":"http:\/\/klubmamgdynia.pl\/index.php\/wp-json\/wp\/v2\/product_tag?post=2431"}],"curies":[{"name":"wp","href":"https:\/\/api.w.org\/{rel}","templated":true}]}}