{"id":2435,"date":"2021-11-23T22:42:33","date_gmt":"2021-11-23T21:42:33","guid":{"rendered":"http:\/\/klubmamgdynia.pl\/index.php\/produkt\/majorette-explorer-hymermobil-exsisi-2057601\/"},"modified":"2026-04-04T06:36:04","modified_gmt":"2026-04-04T04:36:04","slug":"majorette-explorer-hymermobil-exsisi-2057601","status":"publish","type":"product","link":"http:\/\/klubmamgdynia.pl\/index.php\/produkt\/majorette-explorer-hymermobil-exsisi-2057601\/","title":{"rendered":"Majorette Explorer Hymermobil Exsisi 2057601"},"content":{"rendered":"<p>Kamper Hymermobil Exsis-i z kolekcji Majorette ExplorerMajorette jest kultow\u0105 francusk\u0105 mark\u0105 popularn\u0105 na ca\u0142ym \u015bwiecie w\u015br\u00f3d fan\u00f3w samochod\u00f3w.Przez dekady te niewielkie 7,5 centymetrowe samochodziki zyska\u0142y mi\u0119dzynarodow\u0105 s\u0142aw\u0119. Dla wielu pokole\u0144 sta\u0142y si\u0119 obiektami kolekcjonerskimi lub po prostu przedmiotami do wielogodzinnej zabawy. Od lat Majorette wsp\u00f3\u0142pracuje z przedstawicielami bran\u017cy motoryzacyjnej, co pozwoli\u0142o udoskonali\u0107 i tak bardzo realistycznie odwzorowywa\u0107 modele pojazd\u00f3w. Od samochod\u00f3w osobowych, komercyjnych i budowlanych, a\u017c po samochody wy\u015bcigowe oraz zestawy do zabawy &#8211; r\u00f3\u017cnorodno\u015b\u0107 sprawia, \u017ce ka\u017cdy znajdzie co\u015b dla siebie.Majorette Explorer Cars &#8211; zachwyca w ka\u017cdym calu! \u015awietna seria przeznaczona dla kolekcjoner\u00f3w i nie tylko! Explorer to auta dla podr\u00f3\u017cnik\u00f3w i odkrywc\u00f3w st\u0105d pojazdy kempingowe, minivany oraz terenowe jeepy i pojazdy ATV. Dzi\u0119ki nim mo\u017cna dotrze\u0107 niemal w ka\u017cdy zak\u0105tek \u015bwiata.Charakterystyka:ruchome k\u00f3\u0142ka na osiachotwierane elementy lub tematyczne dodatki np boks dachowy czy deska surfingowad\u0142. ok. 7,5 cm.Wymiary opakowania: 15,5 x 10,5 x 4 cm.<\/p>\n<h2>Majorette Explorer Hymermobil Exsisi 2057601 Majorette<\/h2>\n<p>audiobooki dla dzieci za darmo, prezent dla ch\u0142opca 7 lat, jak narysowa\u0107, dziecko cytaty, zagadki dla 3 latka, tabliczka mno\u017cenia do druku, kaligrafia nauka pisania wyraz\u00f3w dla dzieci do druku pdf, paula znaczenie imienia, ahmed<\/p>\n<p>yyyyy<\/p>\n<p>&nbsp;<\/p>\n","protected":false},"excerpt":{"rendered":"<p>Kamper Hymermobil Exsis-i z kolekcji Majorette ExplorerMajorette jest kultow\u0105 francusk\u0105 mark\u0105 popularn\u0105 na ca\u0142ym \u015bwiecie w\u015br\u00f3d fan\u00f3w samochod\u00f3w.Przez dekady te niewielkie 7,5 centymetrowe samochodziki zyska\u0142y mi\u0119dzynarodow\u0105 s\u0142aw\u0119. Dla wielu pokole\u0144 sta\u0142y si\u0119 obiektami kolekcjonerskimi lub po prostu przedmiotami do wielogodzinnej zabawy. Od lat Majorette wsp\u00f3\u0142pracuje z przedstawicielami bran\u017cy motoryzacyjnej, co pozwoli\u0142o udoskonali\u0107 i tak bardzo [&hellip;]<\/p>\n","protected":false},"featured_media":2436,"comment_status":"closed","ping_status":"open","template":"","meta":[],"product_cat":[83,343],"product_tag":[598,675,625],"class_list":["post-2435","product","type-product","status-publish","has-post-thumbnail","hentry","product_cat-auta-i-inne-pojazdy-do-zabawy","product_cat-majorette","product_tag-co-na-roczek-dla-dziewczynki","product_tag-test-z-lektury-kajko-i-kokosz-szkola-latania","product_tag-trojmiasto-atrakcje-dla-dzieci"],"_links":{"self":[{"href":"http:\/\/klubmamgdynia.pl\/index.php\/wp-json\/wp\/v2\/product\/2435","targetHints":{"allow":["GET"]}}],"collection":[{"href":"http:\/\/klubmamgdynia.pl\/index.php\/wp-json\/wp\/v2\/product"}],"about":[{"href":"http:\/\/klubmamgdynia.pl\/index.php\/wp-json\/wp\/v2\/types\/product"}],"replies":[{"embeddable":true,"href":"http:\/\/klubmamgdynia.pl\/index.php\/wp-json\/wp\/v2\/comments?post=2435"}],"wp:featuredmedia":[{"embeddable":true,"href":"http:\/\/klubmamgdynia.pl\/index.php\/wp-json\/wp\/v2\/media\/2436"}],"wp:attachment":[{"href":"http:\/\/klubmamgdynia.pl\/index.php\/wp-json\/wp\/v2\/media?parent=2435"}],"wp:term":[{"taxonomy":"product_cat","embeddable":true,"href":"http:\/\/klubmamgdynia.pl\/index.php\/wp-json\/wp\/v2\/product_cat?post=2435"},{"taxonomy":"product_tag","embeddable":true,"href":"http:\/\/klubmamgdynia.pl\/index.php\/wp-json\/wp\/v2\/product_tag?post=2435"}],"curies":[{"name":"wp","href":"https:\/\/api.w.org\/{rel}","templated":true}]}}