{"id":2437,"date":"2016-07-25T00:16:46","date_gmt":"2016-07-24T22:16:46","guid":{"rendered":"http:\/\/klubmamgdynia.pl\/index.php\/produkt\/hasbro-doh-vinci-tuby-uzupelniajace-pastelowe-6-szt-b9434\/"},"modified":"2026-04-04T04:39:08","modified_gmt":"2026-04-04T02:39:08","slug":"hasbro-doh-vinci-tuby-uzupelniajace-pastelowe-6-szt-b9434","status":"publish","type":"product","link":"http:\/\/klubmamgdynia.pl\/index.php\/produkt\/hasbro-doh-vinci-tuby-uzupelniajace-pastelowe-6-szt-b9434\/","title":{"rendered":"Hasbro Doh Vinci Tuby uzupe\u0142niaj\u0105ce Pastelowe 6 szt. B9434"},"content":{"rendered":"<p>Hasbro Doh Vinci Tuby uzupe\u0142niaj\u0105ce Pastelowe 6 szt. B9434<br \/>\nChcesz doda\u0107 troch\u0119 blasku swoim dzie\u0142om? Si\u0119gnij po 6-pak pastelowych tubek. Na\u0142aduj nimi stylizator i tw\u00f3rz najpi\u0119kniejsze, mieni\u0105ce si\u0119 wzory. Twoje tr\u00f3jwymiarowe prace jeszcze nigdy nie wygl\u0105da\u0142y taki pi\u0119knie! Od dzi\u015b sam mo\u017cesz pokrywa\u0107pastelowymi rysunkami szk\u0142o, drewno, plastik, karton i inne powierzchnie. Stylizator nie jest za\u0142\u0105czony do zestawu.\u00a0Zawarto\u015b\u0107 zestawu:<\/p>\n<p>6 tub z mas\u0105 plastyczna Doh Vinci<\/p>\n<p>Zabawka dla dziecka: 6 lat +<br \/>\nWymiary opakowania: 20,00 x 15,00 x 4,00 cm<br \/>\nWaga (z opakowaniem): 0,30 kg<\/p>\n<h2>Hasbro Doh Vinci Tuby uzupe\u0142niaj\u0105ce Pastelowe 6 szt. B9434 Hasbro<\/h2>\n<p>prezent dla dziecka 1 rok, motto dla nauczyciela, logiczne zagadki dla dzieci, estera, testy na znaki drogowe, kolorowanka sky, my little pony kolorowanka, quizy online, kolorowanki dla dziewczynek lol, flagi \u015bwiata quiz, testy katarynka, po\u0142\u0105cz kropki do wydruku pdf, jordan co oznacza, linda, opowie\u015bci z narni lew czarownica i stara szafa test<\/p>\n<p>yyyyy<\/p>\n<p>&nbsp;<\/p>\n","protected":false},"excerpt":{"rendered":"<p>Hasbro Doh Vinci Tuby uzupe\u0142niaj\u0105ce Pastelowe 6 szt. B9434 Chcesz doda\u0107 troch\u0119 blasku swoim dzie\u0142om? Si\u0119gnij po 6-pak pastelowych tubek. Na\u0142aduj nimi stylizator i tw\u00f3rz najpi\u0119kniejsze, mieni\u0105ce si\u0119 wzory. Twoje tr\u00f3jwymiarowe prace jeszcze nigdy nie wygl\u0105da\u0142y taki pi\u0119knie! Od dzi\u015b sam mo\u017cesz pokrywa\u0107pastelowymi rysunkami szk\u0142o, drewno, plastik, karton i inne powierzchnie. Stylizator nie jest za\u0142\u0105czony [&hellip;]<\/p>\n","protected":false},"featured_media":2438,"comment_status":"closed","ping_status":"open","template":"","meta":[],"product_cat":[129,21],"product_tag":[],"class_list":["post-2437","product","type-product","status-publish","has-post-thumbnail","hentry","product_cat-hasbro","product_cat-zabawki-plastyczne"],"_links":{"self":[{"href":"http:\/\/klubmamgdynia.pl\/index.php\/wp-json\/wp\/v2\/product\/2437","targetHints":{"allow":["GET"]}}],"collection":[{"href":"http:\/\/klubmamgdynia.pl\/index.php\/wp-json\/wp\/v2\/product"}],"about":[{"href":"http:\/\/klubmamgdynia.pl\/index.php\/wp-json\/wp\/v2\/types\/product"}],"replies":[{"embeddable":true,"href":"http:\/\/klubmamgdynia.pl\/index.php\/wp-json\/wp\/v2\/comments?post=2437"}],"wp:featuredmedia":[{"embeddable":true,"href":"http:\/\/klubmamgdynia.pl\/index.php\/wp-json\/wp\/v2\/media\/2438"}],"wp:attachment":[{"href":"http:\/\/klubmamgdynia.pl\/index.php\/wp-json\/wp\/v2\/media?parent=2437"}],"wp:term":[{"taxonomy":"product_cat","embeddable":true,"href":"http:\/\/klubmamgdynia.pl\/index.php\/wp-json\/wp\/v2\/product_cat?post=2437"},{"taxonomy":"product_tag","embeddable":true,"href":"http:\/\/klubmamgdynia.pl\/index.php\/wp-json\/wp\/v2\/product_tag?post=2437"}],"curies":[{"name":"wp","href":"https:\/\/api.w.org\/{rel}","templated":true}]}}