{"id":2441,"date":"2022-01-08T23:24:51","date_gmt":"2022-01-08T22:24:51","guid":{"rendered":"http:\/\/klubmamgdynia.pl\/index.php\/produkt\/clementoni-puzzle-1000el-hq-lofoten-islands\/"},"modified":"2026-04-30T20:23:49","modified_gmt":"2026-04-30T18:23:49","slug":"clementoni-puzzle-1000el-hq-lofoten-islands","status":"publish","type":"product","link":"http:\/\/klubmamgdynia.pl\/index.php\/produkt\/clementoni-puzzle-1000el-hq-lofoten-islands\/","title":{"rendered":"Clementoni Puzzle 1000El. Hq Lofoten Islands"},"content":{"rendered":"<p>Clementoni Puzzle High Quality Lofoten Islands 1000 el. 39601                            <\/p>\n<p>High Quality Collection Clementoni: elegancka linia puzzli zrealizowana z wielk\u0105 dba\u0142o\u015bci\u0105 o szczeg\u00f3\u0142yilo\u015b\u0107 element\u00f3w: 1000puzzle wykonane z trwa\u0142ych i ekologicznych materia\u0142\u00f3wzrealizowane z wielk\u0105 dba\u0142o\u015bci\u0105 o szczeg\u00f3\u0142yr\u00f3\u017cnorodne i niezwykle bogate wzornictwodoskona\u0142a jako\u015b\u0107 wydrukuprecyzyjne wyci\u0119ciaidealne dopasowanie element\u00f3wpuzzle odporne na zagnieceniaintensywne kolorykolorowe, twarde pude\u0142ko idealne do przechowywania puzzli                            <\/p>\n<p>Sugestywne obrazki, doskona\u0142a jako\u015b\u0107 wydruku, precyzyjne wyci\u0119cia, trwa\u0142e i ekologczne materia\u0142y to najwa\u017cniejsze walory puzzli marki Clementoni. Wszystkie zosta\u0142y stworzone, zaprojektowane i opracowane przez zesp\u00f3\u0142 m\u0142odych ludzi, dla kt\u00f3rych zar\u00f3wno wzornictwo, estetyka jak i jako\u015b\u0107 czy innowacyjno\u015b\u0107 produkt\u00f3w to priorytety. G\u0142\u00f3wna fabryka Clementoni znajduje si\u0119 we W\u0142oszech w malowniczej miejscowo\u015bci Recanati, gdzie s\u0105 produkowane wszystkie puzzle. Firma Clementoni, kt\u00f3rej od zawsze le\u017cy na sercu ochrona \u015brodowiska, stara si\u0119 stosowa\u0107 w ich produkcji jak najszerzej materia\u0142y z odzysku i unika u\u017cywania komponent\u00f3w zanieczyszczaj\u0105cych otoczenie. Wszystko to doceniaj\u0105 konsumenci w r\u00f3\u017cnym wieku i niemal na ca\u0142ym \u015bwiecie wybieraj\u0105 puzzle z niezwykle bogatej linii wzorniczej marki Clementoni.<\/p>\n<h2>Clementoni Puzzle 1000El. Hq Lofoten Islands Clementoni<\/h2>\n<p>zawiedziona przyja\u017a\u0144 cytaty, prezent dla 14 latki, misie z film\u00f3w animowanych, kartka walentynkowa r\u0119cznie robiona \u0142atwa, leon imi\u0119, jak narysowa\u0107 kr\u00f3lika, mega trudne zagadki logiczne, podchwytliwe zagadki matematyczne, prezent roczek, darmowe bajki dla dzieci, kartki na dobranoc dla przyjaci\u00f3\u0142, zimowe zabawy dla dzieci, dobrej nocy i sza, warszawa z dzieckiem, babciu droga babciu tekst, lol kolorowanka, pokemon kolorowanki, quiz dla dzieci, zagadki s\u0142owne<\/p>\n<p>yyyyy<\/p>\n<p>&nbsp;<\/p>\n","protected":false},"excerpt":{"rendered":"<p>Clementoni Puzzle High Quality Lofoten Islands 1000 el. 39601 High Quality Collection Clementoni: elegancka linia puzzli zrealizowana z wielk\u0105 dba\u0142o\u015bci\u0105 o szczeg\u00f3\u0142yilo\u015b\u0107 element\u00f3w: 1000puzzle wykonane z trwa\u0142ych i ekologicznych materia\u0142\u00f3wzrealizowane z wielk\u0105 dba\u0142o\u015bci\u0105 o szczeg\u00f3\u0142yr\u00f3\u017cnorodne i niezwykle bogate wzornictwodoskona\u0142a jako\u015b\u0107 wydrukuprecyzyjne wyci\u0119ciaidealne dopasowanie element\u00f3wpuzzle odporne na zagnieceniaintensywne kolorykolorowe, twarde pude\u0142ko idealne do przechowywania puzzli Sugestywne [&hellip;]<\/p>\n","protected":false},"featured_media":2442,"comment_status":"closed","ping_status":"open","template":"","meta":[],"product_cat":[163,90],"product_tag":[676,819,763,784,612],"class_list":["post-2441","product","type-product","status-publish","has-post-thumbnail","hentry","product_cat-clementoni","product_cat-puzzle","product_tag-bursztynek","product_tag-co-kupic-nastolatce-na-swieta","product_tag-fabian","product_tag-hymn-gorniczy","product_tag-kolorowanki-do-druku"],"_links":{"self":[{"href":"http:\/\/klubmamgdynia.pl\/index.php\/wp-json\/wp\/v2\/product\/2441","targetHints":{"allow":["GET"]}}],"collection":[{"href":"http:\/\/klubmamgdynia.pl\/index.php\/wp-json\/wp\/v2\/product"}],"about":[{"href":"http:\/\/klubmamgdynia.pl\/index.php\/wp-json\/wp\/v2\/types\/product"}],"replies":[{"embeddable":true,"href":"http:\/\/klubmamgdynia.pl\/index.php\/wp-json\/wp\/v2\/comments?post=2441"}],"wp:featuredmedia":[{"embeddable":true,"href":"http:\/\/klubmamgdynia.pl\/index.php\/wp-json\/wp\/v2\/media\/2442"}],"wp:attachment":[{"href":"http:\/\/klubmamgdynia.pl\/index.php\/wp-json\/wp\/v2\/media?parent=2441"}],"wp:term":[{"taxonomy":"product_cat","embeddable":true,"href":"http:\/\/klubmamgdynia.pl\/index.php\/wp-json\/wp\/v2\/product_cat?post=2441"},{"taxonomy":"product_tag","embeddable":true,"href":"http:\/\/klubmamgdynia.pl\/index.php\/wp-json\/wp\/v2\/product_tag?post=2441"}],"curies":[{"name":"wp","href":"https:\/\/api.w.org\/{rel}","templated":true}]}}