{"id":2445,"date":"2023-09-21T14:04:34","date_gmt":"2023-09-21T12:04:34","guid":{"rendered":"http:\/\/klubmamgdynia.pl\/?post_type=product&#038;p=2445"},"modified":"2026-04-23T16:12:32","modified_gmt":"2026-04-23T14:12:32","slug":"ravensburger-puzzle-1000el-sielski-krajobraz","status":"publish","type":"product","link":"http:\/\/klubmamgdynia.pl\/index.php\/produkt\/ravensburger-puzzle-1000el-sielski-krajobraz\/","title":{"rendered":"Ravensburger Puzzle 1000El. Sielski Krajobraz"},"content":{"rendered":"<p>Puzzle firmy Ravensburger, charakteryzuj\u0105 si\u0119 wysok\u0105 jako\u015bci\u0105. Przez ponad 100 lat ciesz\u0105 dzieci i doros\u0142ych na ca\u0142ym \u015bwiecie. Perfect Age Fit to cecha, kt\u00f3ra dopasowuje wielko\u015b\u0107 element\u00f3w do mo\u017cliwo\u015bci charakterystycznych dla danego wieku rozwojowego, a SoftClick Technology pozwala precyzyjnie z\u0142o\u017cy\u0107 obraz. Idealne kszta\u0142ty, a tak\u017ce szeroka oferta motyw\u00f3w sprawiaj\u0105, \u017ce znajdzie tu co\u015b dla siebie pasjonat uk\u0142adanek w ka\u017cdym wieku. Puzzle Ravensburger pozwalaj\u0105 nabywa\u0107 cenne umiej\u0119tno\u015bci, wykorzystuj\u0105c funkcj\u0119 nauki poprzez zabaw\u0119. Uk\u0142adanie puzzli wspomaga koncentracj\u0119, uczy spostrzegawczo\u015bci i cierpliwo\u015bci.Seria puzzli 1000 element\u00f3w Ravensburger przedstawia unikalne wzory, ciekawe do uk\u0142adania. Zawarto\u015b\u0107 i cechy zestawu:o Uk\u0142adanka z ilustracj\u0105 sielskiego krajobrazuo Ilo\u015b\u0107 element\u00f3w: 1000 element\u00f3w o Wyra\u017ane motywy na puzzlach dzi\u0119ki zastosowaniu struktury naturalnego lnuo Przeznaczone dla dzieci od lat 14<\/p>\n<h2>Ravensburger Puzzle 1000El. Sielski Krajobraz Ravensburger<\/h2>\n<p>u\u015bmiech dziecka wiersz, papuga kolorowanka, kolorowanki do druku dla ch\u0142opc\u00f3w, lato, ach \u015bpij kochanie tekst, darmowe bajki dla dzieci, dyplomy do wydrukowania a4<\/p>\n<p>yyyyy<\/p>\n<p>&nbsp;<\/p>\n","protected":false},"excerpt":{"rendered":"<p>Puzzle firmy Ravensburger, charakteryzuj\u0105 si\u0119 wysok\u0105 jako\u015bci\u0105. Przez ponad 100 lat ciesz\u0105 dzieci i doros\u0142ych na ca\u0142ym \u015bwiecie. Perfect Age Fit to cecha, kt\u00f3ra dopasowuje wielko\u015b\u0107 element\u00f3w do mo\u017cliwo\u015bci charakterystycznych dla danego wieku rozwojowego, a SoftClick Technology pozwala precyzyjnie z\u0142o\u017cy\u0107 obraz. Idealne kszta\u0142ty, a tak\u017ce szeroka oferta motyw\u00f3w sprawiaj\u0105, \u017ce znajdzie tu co\u015b dla siebie [&hellip;]<\/p>\n","protected":false},"featured_media":2446,"comment_status":"closed","ping_status":"open","template":"","meta":[],"product_cat":[90,207],"product_tag":[772,673,579,868],"class_list":["post-2445","product","type-product","status-publish","has-post-thumbnail","hentry","product_cat-puzzle","product_cat-ravensburger","product_tag-45-panstw-europy-i-ich-stolice-quiz","product_tag-juz-blisko-koleda-tekst","product_tag-quiz-opowiesci-z-narnii-lew-czarownica-i-stara-szafa","product_tag-quizy-dla-dzieci"],"_links":{"self":[{"href":"http:\/\/klubmamgdynia.pl\/index.php\/wp-json\/wp\/v2\/product\/2445","targetHints":{"allow":["GET"]}}],"collection":[{"href":"http:\/\/klubmamgdynia.pl\/index.php\/wp-json\/wp\/v2\/product"}],"about":[{"href":"http:\/\/klubmamgdynia.pl\/index.php\/wp-json\/wp\/v2\/types\/product"}],"replies":[{"embeddable":true,"href":"http:\/\/klubmamgdynia.pl\/index.php\/wp-json\/wp\/v2\/comments?post=2445"}],"wp:featuredmedia":[{"embeddable":true,"href":"http:\/\/klubmamgdynia.pl\/index.php\/wp-json\/wp\/v2\/media\/2446"}],"wp:attachment":[{"href":"http:\/\/klubmamgdynia.pl\/index.php\/wp-json\/wp\/v2\/media?parent=2445"}],"wp:term":[{"taxonomy":"product_cat","embeddable":true,"href":"http:\/\/klubmamgdynia.pl\/index.php\/wp-json\/wp\/v2\/product_cat?post=2445"},{"taxonomy":"product_tag","embeddable":true,"href":"http:\/\/klubmamgdynia.pl\/index.php\/wp-json\/wp\/v2\/product_tag?post=2445"}],"curies":[{"name":"wp","href":"https:\/\/api.w.org\/{rel}","templated":true}]}}