{"id":2449,"date":"2011-10-25T20:37:18","date_gmt":"2011-10-25T18:37:18","guid":{"rendered":"http:\/\/klubmamgdynia.pl\/index.php\/produkt\/mirage-jw12-statuario-lunensis-lucido-120x120\/"},"modified":"2026-04-04T08:10:04","modified_gmt":"2026-04-04T06:10:04","slug":"mirage-jw12-statuario-lunensis-lucido-120x120","status":"publish","type":"product","link":"http:\/\/klubmamgdynia.pl\/index.php\/produkt\/mirage-jw12-statuario-lunensis-lucido-120x120\/","title":{"rendered":"Mirage Jw12 Statuario Lunensis Lucido 120&#215;120"},"content":{"rendered":"<p>Mirage Jewels Statuario Lunensis Lucido JW 12 120&#215;120&#8230;<\/p>\n<h2>Mirage Jw12 Statuario Lunensis Lucido 120&#215;120 Mirage<\/h2>\n<p>miasto dzieci krak\u00f3w, kanapki halloween, imie iwo, maska karnawa\u0142owa pdf, zabawy ruchowe dla dzieci w wieku szkolnym, szczotka pasta kubek ciep\u0142a woda tekst, teksty ko\u0142ysanek, psi patrol do czytania, peppa kolorowanka, kajko i kokosz test z lektury, szablony papierowe lalki do ubierania do wydruku, nietypowe imiona, jedzie poci\u0105g z daleka tekst, felix net i nika oraz gang niewidzialnych ludzi test z odpowiedziami, zabawka na roczek, wierszyk o wakacjach, prezenty na roczek dla ch\u0142opca, cytaty o dzieciach i rodzicach, magiczne drzewo czerwone krzes\u0142o test<\/p>\n<p>yyyyy<\/p>\n<p>&nbsp;<\/p>\n","protected":false},"excerpt":{"rendered":"<p>Mirage Jewels Statuario Lunensis Lucido JW 12 120&#215;120&#8230; Mirage Jw12 Statuario Lunensis Lucido 120&#215;120 Mirage miasto dzieci krak\u00f3w, kanapki halloween, imie iwo, maska karnawa\u0142owa pdf, zabawy ruchowe dla dzieci w wieku szkolnym, szczotka pasta kubek ciep\u0142a woda tekst, teksty ko\u0142ysanek, psi patrol do czytania, peppa kolorowanka, kajko i kokosz test z lektury, szablony papierowe lalki [&hellip;]<\/p>\n","protected":false},"featured_media":2450,"comment_status":"closed","ping_status":"open","template":"","meta":[],"product_cat":[547,889],"product_tag":[619,652,737,811],"class_list":["post-2449","product","type-product","status-publish","has-post-thumbnail","hentry","product_cat-mirage","product_cat-plytki","product_tag-iwo-imie","product_tag-otto","product_tag-test-z-lektury-felix-net-i-nika-oraz-gang-niewidzialnych-ludzi","product_tag-zagadki-logiczne-dla-dzieci"],"_links":{"self":[{"href":"http:\/\/klubmamgdynia.pl\/index.php\/wp-json\/wp\/v2\/product\/2449","targetHints":{"allow":["GET"]}}],"collection":[{"href":"http:\/\/klubmamgdynia.pl\/index.php\/wp-json\/wp\/v2\/product"}],"about":[{"href":"http:\/\/klubmamgdynia.pl\/index.php\/wp-json\/wp\/v2\/types\/product"}],"replies":[{"embeddable":true,"href":"http:\/\/klubmamgdynia.pl\/index.php\/wp-json\/wp\/v2\/comments?post=2449"}],"wp:featuredmedia":[{"embeddable":true,"href":"http:\/\/klubmamgdynia.pl\/index.php\/wp-json\/wp\/v2\/media\/2450"}],"wp:attachment":[{"href":"http:\/\/klubmamgdynia.pl\/index.php\/wp-json\/wp\/v2\/media?parent=2449"}],"wp:term":[{"taxonomy":"product_cat","embeddable":true,"href":"http:\/\/klubmamgdynia.pl\/index.php\/wp-json\/wp\/v2\/product_cat?post=2449"},{"taxonomy":"product_tag","embeddable":true,"href":"http:\/\/klubmamgdynia.pl\/index.php\/wp-json\/wp\/v2\/product_tag?post=2449"}],"curies":[{"name":"wp","href":"https:\/\/api.w.org\/{rel}","templated":true}]}}