{"id":2451,"date":"2021-09-16T07:00:56","date_gmt":"2021-09-16T05:00:56","guid":{"rendered":"http:\/\/klubmamgdynia.pl\/index.php\/produkt\/brelok-breloczek-stal-nierdzewna-alfa-romeo-gtv-5904050383081\/"},"modified":"2026-04-17T08:54:15","modified_gmt":"2026-04-17T06:54:15","slug":"brelok-breloczek-stal-nierdzewna-alfa-romeo-gtv-5904050383081","status":"publish","type":"product","link":"http:\/\/klubmamgdynia.pl\/index.php\/produkt\/brelok-breloczek-stal-nierdzewna-alfa-romeo-gtv-5904050383081\/","title":{"rendered":"Brelok Breloczek Stal Nierdzewna Alfa Romeo Gtv (5904050383081)"},"content":{"rendered":"<p>Brelok ze stali nierdzewnej, obustronnie szlifowanej.Efekt szczotkowania. Najwy\u017csza jako\u015b\u0107 wykonania.Wymiary:- d\u0142ugo\u015b\u0107: 6,0cm- wysoko\u015b\u0107: 1,7cm- grubo\u015b\u0107: 0,2cm<\/p>\n<h2>Brelok Breloczek Stal Nierdzewna Alfa Romeo Gtv (5904050383081) Inny<\/h2>\n<p>matylda znaczenie imienia, kolorowanki do druku, zagadki wiosenne dla dzieci, jak zrobi\u0107 samolot z papieru, auto kolorowanka, kolorowanka harry potter, prezent dla roczniaka, kolorowanki do druku peppa, bajka terapeutyczna o dokuczaniu, a \u015bpij kochanie, traktor z przyczep\u0105 kolorowanka<\/p>\n<p>yyyyy<\/p>\n<p>&nbsp;<\/p>\n","protected":false},"excerpt":{"rendered":"<p>Brelok ze stali nierdzewnej, obustronnie szlifowanej.Efekt szczotkowania. Najwy\u017csza jako\u015b\u0107 wykonania.Wymiary:- d\u0142ugo\u015b\u0107: 6,0cm- wysoko\u015b\u0107: 1,7cm- grubo\u015b\u0107: 0,2cm Brelok Breloczek Stal Nierdzewna Alfa Romeo Gtv (5904050383081) Inny matylda znaczenie imienia, kolorowanki do druku, zagadki wiosenne dla dzieci, jak zrobi\u0107 samolot z papieru, auto kolorowanka, kolorowanka harry potter, prezent dla roczniaka, kolorowanki do druku peppa, bajka terapeutyczna o [&hellip;]<\/p>\n","protected":false},"featured_media":2452,"comment_status":"closed","ping_status":"open","template":"","meta":[],"product_cat":[482,169],"product_tag":[776,580,609],"class_list":["post-2451","product","type-product","status-publish","has-post-thumbnail","hentry","product_cat-gadzety","product_cat-inny","product_tag-dobrej-nocy","product_tag-janusz","product_tag-quiz-flagi-europy"],"_links":{"self":[{"href":"http:\/\/klubmamgdynia.pl\/index.php\/wp-json\/wp\/v2\/product\/2451","targetHints":{"allow":["GET"]}}],"collection":[{"href":"http:\/\/klubmamgdynia.pl\/index.php\/wp-json\/wp\/v2\/product"}],"about":[{"href":"http:\/\/klubmamgdynia.pl\/index.php\/wp-json\/wp\/v2\/types\/product"}],"replies":[{"embeddable":true,"href":"http:\/\/klubmamgdynia.pl\/index.php\/wp-json\/wp\/v2\/comments?post=2451"}],"wp:featuredmedia":[{"embeddable":true,"href":"http:\/\/klubmamgdynia.pl\/index.php\/wp-json\/wp\/v2\/media\/2452"}],"wp:attachment":[{"href":"http:\/\/klubmamgdynia.pl\/index.php\/wp-json\/wp\/v2\/media?parent=2451"}],"wp:term":[{"taxonomy":"product_cat","embeddable":true,"href":"http:\/\/klubmamgdynia.pl\/index.php\/wp-json\/wp\/v2\/product_cat?post=2451"},{"taxonomy":"product_tag","embeddable":true,"href":"http:\/\/klubmamgdynia.pl\/index.php\/wp-json\/wp\/v2\/product_tag?post=2451"}],"curies":[{"name":"wp","href":"https:\/\/api.w.org\/{rel}","templated":true}]}}