{"id":2455,"date":"2011-09-18T13:09:40","date_gmt":"2011-09-18T11:09:40","guid":{"rendered":"http:\/\/klubmamgdynia.pl\/index.php\/produkt\/triangle-tw401-225-60r16-102v-xl\/"},"modified":"2026-04-04T08:07:33","modified_gmt":"2026-04-04T06:07:33","slug":"triangle-tw401-225-60r16-102v-xl","status":"publish","type":"product","link":"http:\/\/klubmamgdynia.pl\/index.php\/produkt\/triangle-tw401-225-60r16-102v-xl\/","title":{"rendered":"Triangle Tw401 225\/60R16 102V Xl"},"content":{"rendered":"<h2>Triangle Tw401 225\/60R16 102V Xl Triangle<\/h2>\n<p>imi\u0119 nadia, imi\u0119 gaja, karty matematyczne tabliczka mno\u017cenia do wydruku, \u017carty na prima aprilis w domu, cytat na dzie\u0144 matki, zagatki<\/p>\n<p>yyyyy<\/p>\n<p>&nbsp;<\/p>\n","protected":false},"excerpt":{"rendered":"<p>Triangle Tw401 225\/60R16 102V Xl Triangle imi\u0119 nadia, imi\u0119 gaja, karty matematyczne tabliczka mno\u017cenia do wydruku, \u017carty na prima aprilis w domu, cytat na dzie\u0144 matki, zagatki yyyyy &nbsp;<\/p>\n","protected":false},"featured_media":2456,"comment_status":"closed","ping_status":"open","template":"","meta":[],"product_cat":[885,891],"product_tag":[598,626,745,675],"class_list":["post-2455","product","type-product","status-publish","has-post-thumbnail","hentry","product_cat-opony-zimowe","product_cat-triangle","product_tag-co-na-roczek-dla-dziewczynki","product_tag-jacek","product_tag-prezent-dla-15-latki","product_tag-test-z-lektury-kajko-i-kokosz-szkola-latania"],"_links":{"self":[{"href":"http:\/\/klubmamgdynia.pl\/index.php\/wp-json\/wp\/v2\/product\/2455","targetHints":{"allow":["GET"]}}],"collection":[{"href":"http:\/\/klubmamgdynia.pl\/index.php\/wp-json\/wp\/v2\/product"}],"about":[{"href":"http:\/\/klubmamgdynia.pl\/index.php\/wp-json\/wp\/v2\/types\/product"}],"replies":[{"embeddable":true,"href":"http:\/\/klubmamgdynia.pl\/index.php\/wp-json\/wp\/v2\/comments?post=2455"}],"wp:featuredmedia":[{"embeddable":true,"href":"http:\/\/klubmamgdynia.pl\/index.php\/wp-json\/wp\/v2\/media\/2456"}],"wp:attachment":[{"href":"http:\/\/klubmamgdynia.pl\/index.php\/wp-json\/wp\/v2\/media?parent=2455"}],"wp:term":[{"taxonomy":"product_cat","embeddable":true,"href":"http:\/\/klubmamgdynia.pl\/index.php\/wp-json\/wp\/v2\/product_cat?post=2455"},{"taxonomy":"product_tag","embeddable":true,"href":"http:\/\/klubmamgdynia.pl\/index.php\/wp-json\/wp\/v2\/product_tag?post=2455"}],"curies":[{"name":"wp","href":"https:\/\/api.w.org\/{rel}","templated":true}]}}