{"id":2457,"date":"2013-10-11T05:29:50","date_gmt":"2013-10-11T03:29:50","guid":{"rendered":"http:\/\/klubmamgdynia.pl\/index.php\/produkt\/viofo-a119-mini\/"},"modified":"2026-05-17T23:15:44","modified_gmt":"2026-05-17T21:15:44","slug":"viofo-a119-mini","status":"publish","type":"product","link":"http:\/\/klubmamgdynia.pl\/index.php\/produkt\/viofo-a119-mini\/","title":{"rendered":"Viofo A119 Mini"},"content":{"rendered":"<p>Viofo Kamera samochodowa A119 Mini<\/p>\n<p>Opis produktu:Ciesz si\u0119 du\u017c\u0105 dyskrecj\u0105, dzi\u0119ki przemy\u015blanemu systemowi monta\u017cu oraz niewielkim gabarytom wideorejestratora.\u00a0Nagrywaj obraz wysokiej jako\u015bci, dzi\u0119ki markowemu przetwornikowi Sony Starvis i jasnej optyce.\u00a0Zapisuj na nagraniach pr\u0119dko\u015b\u0107 i wsp\u00f3\u0142rz\u0119dne geograficzne, dzi\u0119ki wbudowanemu modu\u0142owi GPS.Chro\u0144 zaparkowany pojazd, poprzez rozbudowany, aktywny tryb parkingowy. Do uaktywnienia trybu parkingowego wymagane jest pod\u0142\u0105czenie do instalacji elektrycznej pojazdu za pomoc\u0105 adaptera sta\u0142ego zasilania.Pobieraj pliki video z kamery do swojego telefonu za po\u015brednictwem wydajnego modu\u0142u WiFi o cz\u0119stotliwo\u015bciach 2,4 i 5GHz oraz bezp\u0142atnej, spolszczonej aplikacji VIOFO App na smartfony.\u00a0Zabezpieczaj zdalnie nagrania przed nadpisaniem, za pomoc\u0105 opcjonalnego przycisku Bluetooth.                            <\/p>\n<p>Przycisk alarmowy EVENTUmie\u015b\u0107 niewielki, dyskretny przycisk w dogodnym punkcie na desce rozdzielczej i zyskaj wygodny dost\u0119p do funkcji zabezpieczania plik\u00f3w przed skasowaniem w kolejnej p\u0119tli wideorejestratora. Idealne rozwi\u0105zanie w razie zaistnienia nietypowego zdarzenia na drodze. Zdalny przycisk alarmowy RM-100 pracuje w technologii Bluetooth i jest dost\u0119pny osobno.Kompleksowe monitorowanie parkingoweMonitoruj sw\u00f3j pojazd ca\u0142odobowo &#8211; podczas jazdy, a tak\u017ce podczas postoju. Wideorejestrator VIOFO A119 MINI posiada 3 automatyczne tryby parkingowe pomocne w rejestrowaniu zdarze\u0144 wok\u00f3\u0142 zaparkowanego pojazdu.Tryby parkingowe w VIOFO A119 MINITryb parkingowy Low-Bitrate &#8211; najbardziej polecany tryb, kt\u00f3ry zarejestruje absolutnie wszystkie zdarzenia podczas postoju auta. W trybie Low-Bitrate kamera rejestruje obraz w spos\u00f3b nieprzerwany, ale z nieco obni\u017con\u0105 jako\u015bci\u0105 obrazu.Tryb parkingowy Time-Lapse &#8211; podobnie jak w trybie Low-Bitrate kamera nagrywa w spos\u00f3b ci\u0105g\u0142y, ale obraz jest poklatkowy (time-lapse). W zale\u017cno\u015bci od ustawie\u0144, kamera rejestruje od 1 do 10 klatek na sekund\u0119 i zapisuje jako plik video. Tryb ten tak\u017ce ma na celu maksymalne zaoszcz\u0119dzenie dost\u0119pnej przestrzeni na karcie pami\u0119ci.Tryb parkingowy Auto Event Detection &#8211; tryb detekcji ruchu i wstrz\u0105s\u00f3w, w kt\u00f3rym wideorejestrator zapisuje plik video tylko po wykryciu ruchu lub uderzenia, czy wstrz\u0105su.<\/p>\n<h2>Viofo A119 Mini Viofo<\/h2>\n<p>ilona, bycie mam\u0105 cytaty, zak\u0142adka do ksi\u0105\u017cki szablon, prezenty roczek, kwiaty polne nazwy, samoch\u00f3d kolorowanka do druku, klockownia wroc\u0142aw<\/p>\n<p>yyyyy<\/p>\n<p>&nbsp;<\/p>\n","protected":false},"excerpt":{"rendered":"<p>Viofo Kamera samochodowa A119 Mini Opis produktu:Ciesz si\u0119 du\u017c\u0105 dyskrecj\u0105, dzi\u0119ki przemy\u015blanemu systemowi monta\u017cu oraz niewielkim gabarytom wideorejestratora.\u00a0Nagrywaj obraz wysokiej jako\u015bci, dzi\u0119ki markowemu przetwornikowi Sony Starvis i jasnej optyce.\u00a0Zapisuj na nagraniach pr\u0119dko\u015b\u0107 i wsp\u00f3\u0142rz\u0119dne geograficzne, dzi\u0119ki wbudowanemu modu\u0142owi GPS.Chro\u0144 zaparkowany pojazd, poprzez rozbudowany, aktywny tryb parkingowy. Do uaktywnienia trybu parkingowego wymagane jest pod\u0142\u0105czenie do instalacji [&hellip;]<\/p>\n","protected":false},"featured_media":2458,"comment_status":"closed","ping_status":"open","template":"","meta":[],"product_cat":[893,892],"product_tag":[871,580,815,620,762],"class_list":["post-2457","product","type-product","status-publish","has-post-thumbnail","hentry","product_cat-kamery-samochodowe","product_cat-viofo","product_tag-bajka-o-smoku-wawelskim","product_tag-janusz","product_tag-ozdoby-choinkowe-dla-dzieci","product_tag-quiz-opowiesci-z-narnii","product_tag-trudne-zagadki-dla-dzieci"],"_links":{"self":[{"href":"http:\/\/klubmamgdynia.pl\/index.php\/wp-json\/wp\/v2\/product\/2457","targetHints":{"allow":["GET"]}}],"collection":[{"href":"http:\/\/klubmamgdynia.pl\/index.php\/wp-json\/wp\/v2\/product"}],"about":[{"href":"http:\/\/klubmamgdynia.pl\/index.php\/wp-json\/wp\/v2\/types\/product"}],"replies":[{"embeddable":true,"href":"http:\/\/klubmamgdynia.pl\/index.php\/wp-json\/wp\/v2\/comments?post=2457"}],"wp:featuredmedia":[{"embeddable":true,"href":"http:\/\/klubmamgdynia.pl\/index.php\/wp-json\/wp\/v2\/media\/2458"}],"wp:attachment":[{"href":"http:\/\/klubmamgdynia.pl\/index.php\/wp-json\/wp\/v2\/media?parent=2457"}],"wp:term":[{"taxonomy":"product_cat","embeddable":true,"href":"http:\/\/klubmamgdynia.pl\/index.php\/wp-json\/wp\/v2\/product_cat?post=2457"},{"taxonomy":"product_tag","embeddable":true,"href":"http:\/\/klubmamgdynia.pl\/index.php\/wp-json\/wp\/v2\/product_tag?post=2457"}],"curies":[{"name":"wp","href":"https:\/\/api.w.org\/{rel}","templated":true}]}}