{"id":2459,"date":"2019-06-07T19:08:46","date_gmt":"2019-06-07T17:08:46","guid":{"rendered":"http:\/\/klubmamgdynia.pl\/index.php\/produkt\/deef-plusz-poduszka-smok-luska-duza\/"},"modified":"2026-04-30T23:24:42","modified_gmt":"2026-04-30T21:24:42","slug":"deef-plusz-poduszka-smok-luska-duza","status":"publish","type":"product","link":"http:\/\/klubmamgdynia.pl\/index.php\/produkt\/deef-plusz-poduszka-smok-luska-duza\/","title":{"rendered":"Deef Plusz Poduszka Smok \u0141uska Du\u017ca"},"content":{"rendered":"<p>Poduszka Smok \u0142uska du\u017ca DEEF:- zielona- mi\u0119kka i przyjemna w dotyku- doskonale sprawdzi si\u0119 w domu i w podr\u00f3\u017cy- g\u0142owa smoka z zawieszk\u0105 do zaczepienia- starannie wykonana- 27&#215;25,5cmWiek: 12m+&#8230;<\/p>\n<h2>Deef Plusz Poduszka Smok \u0141uska Du\u017ca Deef Plusz<\/h2>\n<p>kolorowanki jesie\u0144 do druku, historia pluszowego misia, \u017carty \u017carty na prima aprilis, kucyki pony kolorowanka, bajka do czytania na dobranoc, pi\u0119kne kr\u00f3tkie wiersze, prezenty dla 15 latki, prezent dla rocznej dziewczynki, zagadki zimowe dla dzieci, kolorowanka piesek, quizy \u015bwi\u0105teczne bo\u017ce narodzenie, mitologia grecka quiz, co oznacza jordan, karty pracy dla dzieci z ukrainy do druku, quiz o akademii pana kleksa, maska iron man<\/p>\n<p>yyyyy<\/p>\n<p>&nbsp;<\/p>\n","protected":false},"excerpt":{"rendered":"<p>Poduszka Smok \u0142uska du\u017ca DEEF:- zielona- mi\u0119kka i przyjemna w dotyku- doskonale sprawdzi si\u0119 w domu i w podr\u00f3\u017cy- g\u0142owa smoka z zawieszk\u0105 do zaczepienia- starannie wykonana- 27&#215;25,5cmWiek: 12m+&#8230; Deef Plusz Poduszka Smok \u0141uska Du\u017ca Deef Plusz kolorowanki jesie\u0144 do druku, historia pluszowego misia, \u017carty \u017carty na prima aprilis, kucyki pony kolorowanka, bajka do czytania [&hellip;]<\/p>\n","protected":false},"featured_media":2460,"comment_status":"closed","ping_status":"open","template":"","meta":[],"product_cat":[559,495],"product_tag":[817,648,672,736,649],"class_list":["post-2459","product","type-product","status-publish","has-post-thumbnail","hentry","product_cat-deef-plusz","product_cat-koldry-i-poduszki-dla-dzieci","product_tag-bajka-terapeutyczna-o-emocjach","product_tag-dobrej-nocy-i-sza","product_tag-trudne-zagadki-z-odpowiedziami","product_tag-zabawki-na-roczek","product_tag-zagadki-dla-nastolatkow"],"_links":{"self":[{"href":"http:\/\/klubmamgdynia.pl\/index.php\/wp-json\/wp\/v2\/product\/2459","targetHints":{"allow":["GET"]}}],"collection":[{"href":"http:\/\/klubmamgdynia.pl\/index.php\/wp-json\/wp\/v2\/product"}],"about":[{"href":"http:\/\/klubmamgdynia.pl\/index.php\/wp-json\/wp\/v2\/types\/product"}],"replies":[{"embeddable":true,"href":"http:\/\/klubmamgdynia.pl\/index.php\/wp-json\/wp\/v2\/comments?post=2459"}],"wp:featuredmedia":[{"embeddable":true,"href":"http:\/\/klubmamgdynia.pl\/index.php\/wp-json\/wp\/v2\/media\/2460"}],"wp:attachment":[{"href":"http:\/\/klubmamgdynia.pl\/index.php\/wp-json\/wp\/v2\/media?parent=2459"}],"wp:term":[{"taxonomy":"product_cat","embeddable":true,"href":"http:\/\/klubmamgdynia.pl\/index.php\/wp-json\/wp\/v2\/product_cat?post=2459"},{"taxonomy":"product_tag","embeddable":true,"href":"http:\/\/klubmamgdynia.pl\/index.php\/wp-json\/wp\/v2\/product_tag?post=2459"}],"curies":[{"name":"wp","href":"https:\/\/api.w.org\/{rel}","templated":true}]}}