{"id":2463,"date":"2015-05-06T22:54:56","date_gmt":"2015-05-06T20:54:56","guid":{"rendered":"http:\/\/klubmamgdynia.pl\/index.php\/produkt\/beppe-maskotka-delfinek-rozowy-19-cm-beppe\/"},"modified":"2026-04-06T03:48:12","modified_gmt":"2026-04-06T01:48:12","slug":"beppe-maskotka-delfinek-rozowy-19-cm-beppe","status":"publish","type":"product","link":"http:\/\/klubmamgdynia.pl\/index.php\/produkt\/beppe-maskotka-delfinek-rozowy-19-cm-beppe\/","title":{"rendered":"Beppe Maskotka Delfinek R\u00f3\u017cowy 19 Cm Beppe"},"content":{"rendered":"<p>Maskotka Delfinek r\u00f3\u017cowy 19 cm Pluszak z serii Beppe ZOO przedstawiaj\u0105cej realistyczne pluszowe zwierz\u0119ta. Delfinek w kolorze r\u00f3\u017cowym dost\u0119pny w dw\u00f3ch rozmiarach&#8230;.<\/p>\n<h2>Beppe Maskotka Delfinek R\u00f3\u017cowy 19 Cm Beppe Beppe<\/h2>\n<p>imie paula, karty pracy do druku litery, \u015bwinka peppa kolorowanka, gry planszowe dla nastolatk\u00f3w, najlepsze \u017carty na prima aprilis, quiz opowie\u015bci z narnii lew czarownica i stara szafa, park ujazdowski, auto kolorowanka, logiczne zagadki, ma\u0142y ksi\u0105\u017ce cytaty o przyja\u017ani, kajko i kokosz szko\u0142a latania test z odpowiedziami, michalina, gloria imi\u0119, prezent dla dziewczynki na roczek, quiz o flagach, gotowe zaproszenia na urodziny do wydrukowania, zaproszenie na urodziny, zagadki wielkanocne przedszkole, loga samochod\u00f3w, sentencja dla dziecka<\/p>\n<p>yyyyy<\/p>\n<p>&nbsp;<\/p>\n","protected":false},"excerpt":{"rendered":"<p>Maskotka Delfinek r\u00f3\u017cowy 19 cm Pluszak z serii Beppe ZOO przedstawiaj\u0105cej realistyczne pluszowe zwierz\u0119ta. Delfinek w kolorze r\u00f3\u017cowym dost\u0119pny w dw\u00f3ch rozmiarach&#8230;. Beppe Maskotka Delfinek R\u00f3\u017cowy 19 Cm Beppe Beppe imie paula, karty pracy do druku litery, \u015bwinka peppa kolorowanka, gry planszowe dla nastolatk\u00f3w, najlepsze \u017carty na prima aprilis, quiz opowie\u015bci z narnii lew czarownica [&hellip;]<\/p>\n","protected":false},"featured_media":2464,"comment_status":"closed","ping_status":"open","template":"","meta":[],"product_cat":[894,42],"product_tag":[696,707,612,862,841],"class_list":["post-2463","product","type-product","status-publish","has-post-thumbnail","hentry","product_cat-beppe","product_cat-maskotki","product_tag-film-rodzinny-o-swietach","product_tag-karty-pracy-dla-dzieci-z-ukrainy","product_tag-kolorowanki-do-druku","product_tag-nasza-zima-zla-tekst","product_tag-quiz-o-flagach"],"_links":{"self":[{"href":"http:\/\/klubmamgdynia.pl\/index.php\/wp-json\/wp\/v2\/product\/2463","targetHints":{"allow":["GET"]}}],"collection":[{"href":"http:\/\/klubmamgdynia.pl\/index.php\/wp-json\/wp\/v2\/product"}],"about":[{"href":"http:\/\/klubmamgdynia.pl\/index.php\/wp-json\/wp\/v2\/types\/product"}],"replies":[{"embeddable":true,"href":"http:\/\/klubmamgdynia.pl\/index.php\/wp-json\/wp\/v2\/comments?post=2463"}],"wp:featuredmedia":[{"embeddable":true,"href":"http:\/\/klubmamgdynia.pl\/index.php\/wp-json\/wp\/v2\/media\/2464"}],"wp:attachment":[{"href":"http:\/\/klubmamgdynia.pl\/index.php\/wp-json\/wp\/v2\/media?parent=2463"}],"wp:term":[{"taxonomy":"product_cat","embeddable":true,"href":"http:\/\/klubmamgdynia.pl\/index.php\/wp-json\/wp\/v2\/product_cat?post=2463"},{"taxonomy":"product_tag","embeddable":true,"href":"http:\/\/klubmamgdynia.pl\/index.php\/wp-json\/wp\/v2\/product_tag?post=2463"}],"curies":[{"name":"wp","href":"https:\/\/api.w.org\/{rel}","templated":true}]}}