{"id":2467,"date":"2022-10-21T23:42:20","date_gmt":"2022-10-21T21:42:20","guid":{"rendered":"http:\/\/klubmamgdynia.pl\/?post_type=product&#038;p=2467"},"modified":"2026-04-20T17:00:10","modified_gmt":"2026-04-20T15:00:10","slug":"max-steel-figurki-podstawowe-ultra-blast-y9515","status":"publish","type":"product","link":"http:\/\/klubmamgdynia.pl\/index.php\/produkt\/max-steel-figurki-podstawowe-ultra-blast-y9515\/","title":{"rendered":"Max Steel Figurki Podstawowe Ultra Blast Y9515"},"content":{"rendered":"<p>Nastolatek Max i kosmita Steel odkrywaj\u0105, \u017ce razem posiadaj\u0105 niezwyk\u0142\u0105 moc, kt\u00f3ra mo\u017ce obroni\u0107 \u015bwiat przed gro\u017anymi z\u0142oczy\u0144cami. z pomoc\u0105 tych figurek ch\u0142opcy mog\u0105 odblokowa\u0107 swojego bohatera. Figurki wzbogacone s\u0105 o efekty \u015bwietlne (diody LED mo\u017cna uruchomi\u0107 tak\u017ce w opakowaniu dzi\u0119ki funkcji \u201eWypr\u00f3buj\u201d), a ponadto ka\u017cda figurka ma unikatow\u0105 cech\u0119 lub funkcj\u0119 zwi\u0105zan\u0105 z charakterem przedstawianego bohatera.Wymiary opakowania: 30 x 18 x 7 cm<\/p>\n<h2>Max Steel Figurki Podstawowe Ultra Blast Y9515 Mattel<\/h2>\n<p>o mamie, przysz\u0142a zima bia\u0142a, zygzak mcqueen kolorowanka, bajka terapeutyczna o emocjach, pia, prezenty na urodziny dla nastolatk\u00f3w, test dynastia mizio\u0142k\u00f3w, fajne rzeczy dla nastolatk\u00f3w, zadania logiczne dla dzieci, test z lektury asiunia, jaki prezent na roczek, przeczytaj mi wiersz, p\u0142atki \u015bniegu szablon, dobre zagadki logiczne, quiz dla dzieci, cytat rodzina, wiersz o wakacjach, \u017carty na prima aprilis dla ch\u0142opaka, quiz o zwierz\u0119tach domowych, zagadki dla dzieci 6-7 lat online<\/p>\n<p>yyyyy<\/p>\n<p>&nbsp;<\/p>\n","protected":false},"excerpt":{"rendered":"<p>Nastolatek Max i kosmita Steel odkrywaj\u0105, \u017ce razem posiadaj\u0105 niezwyk\u0142\u0105 moc, kt\u00f3ra mo\u017ce obroni\u0107 \u015bwiat przed gro\u017anymi z\u0142oczy\u0144cami. z pomoc\u0105 tych figurek ch\u0142opcy mog\u0105 odblokowa\u0107 swojego bohatera. Figurki wzbogacone s\u0105 o efekty \u015bwietlne (diody LED mo\u017cna uruchomi\u0107 tak\u017ce w opakowaniu dzi\u0119ki funkcji \u201eWypr\u00f3buj\u201d), a ponadto ka\u017cda figurka ma unikatow\u0105 cech\u0119 lub funkcj\u0119 zwi\u0105zan\u0105 z charakterem [&hellip;]<\/p>\n","protected":false},"featured_media":2468,"comment_status":"closed","ping_status":"open","template":"","meta":[],"product_cat":[95,289],"product_tag":[817,831,667,684,653],"class_list":["post-2467","product","type-product","status-publish","has-post-thumbnail","hentry","product_cat-figurki-makiety-i-zestawy","product_cat-mattel","product_tag-bajka-terapeutyczna-o-emocjach","product_tag-bruno","product_tag-kolorowanka-lol","product_tag-prezent-dla-dziewczynki-na-roczek","product_tag-warszawa-dla-dzieci"],"_links":{"self":[{"href":"http:\/\/klubmamgdynia.pl\/index.php\/wp-json\/wp\/v2\/product\/2467","targetHints":{"allow":["GET"]}}],"collection":[{"href":"http:\/\/klubmamgdynia.pl\/index.php\/wp-json\/wp\/v2\/product"}],"about":[{"href":"http:\/\/klubmamgdynia.pl\/index.php\/wp-json\/wp\/v2\/types\/product"}],"replies":[{"embeddable":true,"href":"http:\/\/klubmamgdynia.pl\/index.php\/wp-json\/wp\/v2\/comments?post=2467"}],"wp:featuredmedia":[{"embeddable":true,"href":"http:\/\/klubmamgdynia.pl\/index.php\/wp-json\/wp\/v2\/media\/2468"}],"wp:attachment":[{"href":"http:\/\/klubmamgdynia.pl\/index.php\/wp-json\/wp\/v2\/media?parent=2467"}],"wp:term":[{"taxonomy":"product_cat","embeddable":true,"href":"http:\/\/klubmamgdynia.pl\/index.php\/wp-json\/wp\/v2\/product_cat?post=2467"},{"taxonomy":"product_tag","embeddable":true,"href":"http:\/\/klubmamgdynia.pl\/index.php\/wp-json\/wp\/v2\/product_tag?post=2467"}],"curies":[{"name":"wp","href":"https:\/\/api.w.org\/{rel}","templated":true}]}}