{"id":2469,"date":"2019-03-19T13:19:36","date_gmt":"2019-03-19T12:19:36","guid":{"rendered":"http:\/\/klubmamgdynia.pl\/index.php\/produkt\/playmobil-70917-duck-on-call-akcja-strazy-pozarnej\/"},"modified":"2026-04-29T13:25:32","modified_gmt":"2026-04-29T11:25:32","slug":"playmobil-70917-duck-on-call-akcja-strazy-pozarnej","status":"publish","type":"product","link":"http:\/\/klubmamgdynia.pl\/index.php\/produkt\/playmobil-70917-duck-on-call-akcja-strazy-pozarnej\/","title":{"rendered":"Playmobil 70917 Duck On Call Akcja Stra\u017cy Po\u017carnej"},"content":{"rendered":"<p>Playmobil 70917 Duck On Call Akcja Stra\u017cy Po\u017carnej<\/p>\n<h2>Playmobil 70917 Duck On Call Akcja Stra\u017cy Po\u017carnej Playmobil<\/h2>\n<p>filmy animowane o \u015bwi\u0119tach, wz\u00f3r drzewo genealogiczne szablon do wydruku, quizy o skokach narciarskich, testy z zemsty, samoch\u00f3d kolorowanka do druku<\/p>\n<p>yyyyy<\/p>\n<p>&nbsp;<\/p>\n","protected":false},"excerpt":{"rendered":"<p>Playmobil 70917 Duck On Call Akcja Stra\u017cy Po\u017carnej Playmobil 70917 Duck On Call Akcja Stra\u017cy Po\u017carnej Playmobil filmy animowane o \u015bwi\u0119tach, wz\u00f3r drzewo genealogiczne szablon do wydruku, quizy o skokach narciarskich, testy z zemsty, samoch\u00f3d kolorowanka do druku yyyyy &nbsp;<\/p>\n","protected":false},"featured_media":2470,"comment_status":"closed","ping_status":"open","template":"","meta":[],"product_cat":[113,466],"product_tag":[617,703,843,812],"class_list":["post-2469","product","type-product","status-publish","has-post-thumbnail","hentry","product_cat-klocki","product_cat-playmobil","product_tag-keyword","product_tag-prezent-dla-nastolatki","product_tag-smieszne-zagadki-dla-dzieci","product_tag-zagadki-logiczne-na-inteligencje"],"_links":{"self":[{"href":"http:\/\/klubmamgdynia.pl\/index.php\/wp-json\/wp\/v2\/product\/2469","targetHints":{"allow":["GET"]}}],"collection":[{"href":"http:\/\/klubmamgdynia.pl\/index.php\/wp-json\/wp\/v2\/product"}],"about":[{"href":"http:\/\/klubmamgdynia.pl\/index.php\/wp-json\/wp\/v2\/types\/product"}],"replies":[{"embeddable":true,"href":"http:\/\/klubmamgdynia.pl\/index.php\/wp-json\/wp\/v2\/comments?post=2469"}],"wp:featuredmedia":[{"embeddable":true,"href":"http:\/\/klubmamgdynia.pl\/index.php\/wp-json\/wp\/v2\/media\/2470"}],"wp:attachment":[{"href":"http:\/\/klubmamgdynia.pl\/index.php\/wp-json\/wp\/v2\/media?parent=2469"}],"wp:term":[{"taxonomy":"product_cat","embeddable":true,"href":"http:\/\/klubmamgdynia.pl\/index.php\/wp-json\/wp\/v2\/product_cat?post=2469"},{"taxonomy":"product_tag","embeddable":true,"href":"http:\/\/klubmamgdynia.pl\/index.php\/wp-json\/wp\/v2\/product_tag?post=2469"}],"curies":[{"name":"wp","href":"https:\/\/api.w.org\/{rel}","templated":true}]}}