{"id":247,"date":"2024-04-18T03:15:42","date_gmt":"2024-04-18T01:15:42","guid":{"rendered":"http:\/\/klubmamgdynia.pl\/index.php\/produkt\/oops-puzzle-dwustronne-biedronka\/"},"modified":"2026-04-05T22:16:42","modified_gmt":"2026-04-05T20:16:42","slug":"oops-puzzle-dwustronne-biedronka","status":"publish","type":"product","link":"http:\/\/klubmamgdynia.pl\/index.php\/produkt\/oops-puzzle-dwustronne-biedronka\/","title":{"rendered":"Oops Puzzle Dwustronne Biedronka"},"content":{"rendered":"<p>Oops Puzzle Dwustronne Biedronka 18m+Numer kat. OP1601733Drewniane dwustronne puzzle to doskona\u0142y pomys\u0142 na sp\u0119dzanie wsp\u00f3lnego czasu z dzieckiem. Uk\u0142adnie puzzli rozwija wyobra\u017ani\u0119 dziecka oraz wspiera rozw\u00f3j motoryki ma\u0142ej. Uk\u0142adanka zosta\u0142a zaprojektowana na dw\u00f3ch r\u00f3\u017cnych poziomach trudno\u015bci. Z jednej strony widnej prosta do z\u0142o\u017cenia kolorowa rodzinka Biedronek, z drugiej za\u015b bardziej skomplikowany obraz. Wszystkie elementy wykonane zosta\u0142y z drewna przez co zabawka jest przyjazna dla \u015brodowiska.Dwustronne puzzle zapewni\u0105 wiele godzin kreatywnej zabawy dla dziecka i ca\u0142ej rodziny.Wiek: od 18 miesi\u0119cyCechy:- dwustronne drewniane elementy,- rozw\u00f3j koordynacji r\u0119ka-oko,- rozw\u00f3j wyobra\u017ani,- zabawka kreatywna,- zabawka ekologiczna,- idealna na prezentWymiary produktu:- d\u0142ugo\u015b\u0107: 29cm- g\u0142\u0119goko\u015b\u0107: 5cm- szeroko\u015b\u0107: 18cmOops to szwajcarska marka produkuj\u0105ca niezwykle praktyczne i pi\u0119kne akcesoria podr\u00f3\u017cne oraz zabawki dla dzieci w ka\u017cdym wieku. Gromadka weso\u0142ych zwierz\u0105tek ze \u015bwiata lasu i miasta dodaje uroku produktom i zapewnia dzieciom poczucie bezpiecze\u0144stwa.<\/p>\n<h2>Oops Puzzle Dwustronne Biedronka Oops<\/h2>\n<p>wierszyki na \u015bmigus dyngus, karmen imie, imiona dla ch\u0142opc\u00f3w, maski superbohater\u00f3w do wydrukowania, pa\u0144stwa europy i ich stolice quiz, choinka kolorowanka szablon, rado\u015b\u0107 dziecka cytaty, warszawa atrakcje dla dzieci, zagadki matematyczne dla dzieci, jaki prezent na roczek, historia pluszowego misia dla dzieci, oryginalny prezent na roczek<\/p>\n<p>yyyyy<\/p>\n<p>&nbsp;<\/p>\n","protected":false},"excerpt":{"rendered":"<p>Oops Puzzle Dwustronne Biedronka 18m+Numer kat. OP1601733Drewniane dwustronne puzzle to doskona\u0142y pomys\u0142 na sp\u0119dzanie wsp\u00f3lnego czasu z dzieckiem. Uk\u0142adnie puzzli rozwija wyobra\u017ani\u0119 dziecka oraz wspiera rozw\u00f3j motoryki ma\u0142ej. Uk\u0142adanka zosta\u0142a zaprojektowana na dw\u00f3ch r\u00f3\u017cnych poziomach trudno\u015bci. Z jednej strony widnej prosta do z\u0142o\u017cenia kolorowa rodzinka Biedronek, z drugiej za\u015b bardziej skomplikowany obraz. Wszystkie elementy wykonane [&hellip;]<\/p>\n","protected":false},"featured_media":248,"comment_status":"closed","ping_status":"open","template":"","meta":[],"product_cat":[98,99],"product_tag":[861,810,742,820,805],"class_list":["post-247","product","type-product","status-publish","has-post-thumbnail","hentry","product_cat-oops","product_cat-zabawki-ekologiczne","product_tag-jak-narysowac-psa","product_tag-nauka-zegara-do-druku","product_tag-piosenki-dla-dzieci-tekst","product_tag-ziemia-wyspa-zielona-tekst","product_tag-znaczenie-imienia-alan"],"_links":{"self":[{"href":"http:\/\/klubmamgdynia.pl\/index.php\/wp-json\/wp\/v2\/product\/247","targetHints":{"allow":["GET"]}}],"collection":[{"href":"http:\/\/klubmamgdynia.pl\/index.php\/wp-json\/wp\/v2\/product"}],"about":[{"href":"http:\/\/klubmamgdynia.pl\/index.php\/wp-json\/wp\/v2\/types\/product"}],"replies":[{"embeddable":true,"href":"http:\/\/klubmamgdynia.pl\/index.php\/wp-json\/wp\/v2\/comments?post=247"}],"wp:featuredmedia":[{"embeddable":true,"href":"http:\/\/klubmamgdynia.pl\/index.php\/wp-json\/wp\/v2\/media\/248"}],"wp:attachment":[{"href":"http:\/\/klubmamgdynia.pl\/index.php\/wp-json\/wp\/v2\/media?parent=247"}],"wp:term":[{"taxonomy":"product_cat","embeddable":true,"href":"http:\/\/klubmamgdynia.pl\/index.php\/wp-json\/wp\/v2\/product_cat?post=247"},{"taxonomy":"product_tag","embeddable":true,"href":"http:\/\/klubmamgdynia.pl\/index.php\/wp-json\/wp\/v2\/product_tag?post=247"}],"curies":[{"name":"wp","href":"https:\/\/api.w.org\/{rel}","templated":true}]}}