{"id":2475,"date":"2013-01-22T09:23:14","date_gmt":"2013-01-22T08:23:14","guid":{"rendered":"http:\/\/klubmamgdynia.pl\/index.php\/produkt\/motorola-mbp-481\/"},"modified":"2026-04-29T23:51:27","modified_gmt":"2026-04-29T21:51:27","slug":"motorola-mbp-481","status":"publish","type":"product","link":"http:\/\/klubmamgdynia.pl\/index.php\/produkt\/motorola-mbp-481\/","title":{"rendered":"Motorola Mbp 481"},"content":{"rendered":"<p>Zwi\u0119ksz kontrol\u0119 dzi\u0119ki wbudowanej kamerceNiania posiada kamerk\u0119, kt\u00f3ra umo\u017cliwia monitoring dziecka. Dzi\u0119ki niej mo\u017cesz nie tylko us\u0142ysze\u0107 p\u0142acz\u0105cego niemowlaka, ale r\u00f3wnie\u017c go zobaczy\u0107.Wybierz niani\u0119 o wi\u0119kszym zasi\u0119gu, aby bez obaw oddali\u0107 si\u0119 na wi\u0119ksz\u0105 odleg\u0142o\u015b\u0107Niania o zasi\u0119gu 300 m to idealne rozwi\u0105zanie dla mieszka\u0144 o wi\u0119kszym metra\u017cu. Dzi\u0119ki niej bez obaw mo\u017cesz zaj\u0105\u0107 si\u0119 domowymi obowi\u0105zkami, gdy dziecko spokojnie za\u015bnie.Wybierz niani\u0119 o wi\u0119kszym zasi\u0119gu, aby bez obaw oddali\u0107 si\u0119 na wi\u0119ksz\u0105 odleg\u0142o\u015b\u0107Wybierz model ostrzegaj\u0105cy o wyj\u015bciu poza zasi\u0119g i swobodnie poruszaj si\u0119 po ca\u0142ym domu\u015aciany znajduj\u0105ce si\u0119 pomi\u0119dzy pomieszczeniami zak\u0142\u00f3caj\u0105 sygna\u0142 pomi\u0119dzy nadajnikiem i odbiornikiem. Aby mie\u0107 pewno\u015b\u0107, \u017ce urz\u0105dzenia s\u0105 ze sob\u0105 po\u0142\u0105czone, wybierz niani\u0119 z funkcj\u0105 ostrzegania o wyj\u015bciu poza zasi\u0119g.Odbieraj bez zak\u0142\u00f3ce\u0144 dzi\u0119ki technologii bezprzewodowej 2,4 GHzJe\u015bli zale\u017cy Ci na dobrej jako\u015bci sygna\u0142u, wybierz niani\u0119 z technologi\u0105 bezprzewodow\u0105 2,4 GHz. Umo\u017cliwi Ci ona przesy\u0142anie sygna\u0142u bez \u017cadnych zak\u0142\u00f3ce\u0144.Odbieraj bez zak\u0142\u00f3ce\u0144 dzi\u0119ki technologii bezprzewodowej 2,4 GHzSkorzystaj z wbudowanych ko\u0142ysanek, aby u\u0142atwi\u0107 dziecku za\u015bni\u0119cieNiania z wbudowanymi ko\u0142ysankami umili czas Twojemu dziecku. B\u0119dzie tak\u017ce pomocna przy jego uspokajaniu, a delikatne d\u017awi\u0119ki przydadz\u0105 si\u0119 przy usypianiu.PRZEDMIOT WYSY\u0141ANY JEST Z POLSKIPRODUKT DOR\u0118CZYMY W 72 GODZINYSPRZ\u0118T JEST W 100% NOWY I ZAPAKOWANY FABRYCZNIE POSIADA 24 MIESI\u0118CZN\u0104 GWARANCJ\u0118 PRODUCENTA DAJ\u0104C\u0104 MO\u017bLIWO\u015a\u0106 SERWISOWANIA GO W KA\u017bDYM AUTORYZOWANYM PUNKCIE!TOWAR NIE JEST POWYSTAWOWY I REFABRYKOWANYZAPAKOWANY FABRYCZNIE ZESTAW PRODUCENTA  CO DAJE GWARANCJA PRODUCENTA? MO\u017bESZ SERWISOWA\u0106 SW\u00d3J SPRZ\u0118T W KA\u017bDYM AUTORYZOWANYM PUNKCIE NAPRAWY. SPRAWD\u0179 SZCZEG\u00d3\u0141Y NA STRONIE PRODUCENTA.Gwarancja producenta 24 miesi\u0105ceINFORMACJE DOTYCZ\u0104CE WARUNK\u00d3W GWARANCJI ZNAJDZIESZ NA STRONIE PRODUCENTAINFORMUJEMY, \u017bE KA\u017bDE ZAM\u00d3WIENIE KT\u00d3REGO SPOS\u00d3B DOSTAWY TO PRZESY\u0141KA POBRANIOWA WYSY\u0141ANE JEST Z MO\u017bLIWO\u015aCI\u0104 SPRAWDZENIA ZAWARTO\u015aCI PRZED ZAP\u0141AT\u0104! PRZESY\u0141KI NADAWANE SA KURIEREM DPD<\/p>\n<h2>Motorola Mbp 481 Motorola<\/h2>\n<p>zagadki o zwierz\u0119tach wiejskich, opowiadanie o miko\u0142aju dla przedszkolak\u00f3w, zagatki, kolorowanki dla dziewczynek, marcel znaczenie imienia, quizy znaki drogowe, atrakcje dla nastolatk\u00f3w, kolorowanka \u015bwinka peppa, dinozaury kolorowanki, zagadki dla dzieci 9-10 lat z odpowiedziami, bajka o poci\u0105gu do czytania, lucjan<\/p>\n<p>yyyyy<\/p>\n<p>&nbsp;<\/p>\n","protected":false},"excerpt":{"rendered":"<p>Zwi\u0119ksz kontrol\u0119 dzi\u0119ki wbudowanej kamerceNiania posiada kamerk\u0119, kt\u00f3ra umo\u017cliwia monitoring dziecka. Dzi\u0119ki niej mo\u017cesz nie tylko us\u0142ysze\u0107 p\u0142acz\u0105cego niemowlaka, ale r\u00f3wnie\u017c go zobaczy\u0107.Wybierz niani\u0119 o wi\u0119kszym zasi\u0119gu, aby bez obaw oddali\u0107 si\u0119 na wi\u0119ksz\u0105 odleg\u0142o\u015b\u0107Niania o zasi\u0119gu 300 m to idealne rozwi\u0105zanie dla mieszka\u0144 o wi\u0119kszym metra\u017cu. Dzi\u0119ki niej bez obaw mo\u017cesz zaj\u0105\u0107 si\u0119 domowymi [&hellip;]<\/p>\n","protected":false},"featured_media":2476,"comment_status":"closed","ping_status":"open","template":"","meta":[],"product_cat":[898,899],"product_tag":[644,783,693,600],"class_list":["post-2475","product","type-product","status-publish","has-post-thumbnail","hentry","product_cat-motorola","product_cat-nianie-elektroniczne-i-monitory-oddechu","product_tag-mia","product_tag-prezenty-na-roczek-dla-chlopca","product_tag-zagadki-dla-doroslych","product_tag-zaproszenia-na-urodziny-do-druku"],"_links":{"self":[{"href":"http:\/\/klubmamgdynia.pl\/index.php\/wp-json\/wp\/v2\/product\/2475","targetHints":{"allow":["GET"]}}],"collection":[{"href":"http:\/\/klubmamgdynia.pl\/index.php\/wp-json\/wp\/v2\/product"}],"about":[{"href":"http:\/\/klubmamgdynia.pl\/index.php\/wp-json\/wp\/v2\/types\/product"}],"replies":[{"embeddable":true,"href":"http:\/\/klubmamgdynia.pl\/index.php\/wp-json\/wp\/v2\/comments?post=2475"}],"wp:featuredmedia":[{"embeddable":true,"href":"http:\/\/klubmamgdynia.pl\/index.php\/wp-json\/wp\/v2\/media\/2476"}],"wp:attachment":[{"href":"http:\/\/klubmamgdynia.pl\/index.php\/wp-json\/wp\/v2\/media?parent=2475"}],"wp:term":[{"taxonomy":"product_cat","embeddable":true,"href":"http:\/\/klubmamgdynia.pl\/index.php\/wp-json\/wp\/v2\/product_cat?post=2475"},{"taxonomy":"product_tag","embeddable":true,"href":"http:\/\/klubmamgdynia.pl\/index.php\/wp-json\/wp\/v2\/product_tag?post=2475"}],"curies":[{"name":"wp","href":"https:\/\/api.w.org\/{rel}","templated":true}]}}