{"id":2477,"date":"2022-01-14T03:07:32","date_gmt":"2022-01-14T02:07:32","guid":{"rendered":"http:\/\/klubmamgdynia.pl\/index.php\/produkt\/luma-baby-care-termometr-do-kapieli-speckles-purple\/"},"modified":"2026-05-17T22:58:01","modified_gmt":"2026-05-17T20:58:01","slug":"luma-baby-care-termometr-do-kapieli-speckles-purple","status":"publish","type":"product","link":"http:\/\/klubmamgdynia.pl\/index.php\/produkt\/luma-baby-care-termometr-do-kapieli-speckles-purple\/","title":{"rendered":"Luma Baby Care Termometr Do K\u0105pieli Speckles Purple"},"content":{"rendered":"<p>Twoje dziecko jest twoj\u0105 najcenniejsz\u0105 w\u0142asno\u015bci\u0105. To jest nie do pomy\u015blenia, \u017ce co\u015b mo\u017ce si\u0119 sta\u0107 Twojemu dziecku. Dlatego te\u017c termometr k\u0105pielowy holenderskiej marki Luma \u00ae jest Baby care jest konieczno\u015bci\u0105. Dzi\u0119ki termometrowi k\u0105pielowemu zawsze wiesz, czy woda ma w\u0142a\u015bciw\u0105 temperatur\u0119. Idealna temperatura wody w wannie wynosi 37 \u00b0C. Szczeg\u00f3\u0142y produktu: Design : Speckles Purple Wymiary: wysoko\u015b\u0107 x szeroko\u015b\u0107 x g\u0142\u0119boko\u015b\u0107 14,8 cm x 5 cm x 1,3 cm Do temperowania wody w wannie Wype\u0142nione bezpieczniejszym p\u0142ynem<\/p>\n<h2>Luma Baby Care Termometr Do K\u0105pieli Speckles Purple Luma<\/h2>\n<p>co kupi\u0107 ch\u0142opcu na roczek, ko\u0142ysanka tekst, quiz o akademii pana kleksa, ba\u015bniowe imiona \u017ce\u0144skie, postacie z bajek kolorowanki, jak narysowa\u0107 kr\u00f3lika, kolorowanki do druku peppa, psi patrol do czytania, rodzina sentencja, literki, zagadki o lesie<\/p>\n<p>yyyyy<\/p>\n<p>&nbsp;<\/p>\n","protected":false},"excerpt":{"rendered":"<p>Twoje dziecko jest twoj\u0105 najcenniejsz\u0105 w\u0142asno\u015bci\u0105. To jest nie do pomy\u015blenia, \u017ce co\u015b mo\u017ce si\u0119 sta\u0107 Twojemu dziecku. Dlatego te\u017c termometr k\u0105pielowy holenderskiej marki Luma \u00ae jest Baby care jest konieczno\u015bci\u0105. Dzi\u0119ki termometrowi k\u0105pielowemu zawsze wiesz, czy woda ma w\u0142a\u015bciw\u0105 temperatur\u0119. Idealna temperatura wody w wannie wynosi 37 \u00b0C. Szczeg\u00f3\u0142y produktu: Design : Speckles Purple [&hellip;]<\/p>\n","protected":false},"featured_media":2478,"comment_status":"closed","ping_status":"open","template":"","meta":[],"product_cat":[900,901],"product_tag":[761,638,815,806,714,793],"class_list":["post-2477","product","type-product","status-publish","has-post-thumbnail","hentry","product_cat-luma","product_cat-pozostale-akcesoria-do-pielegnacji-dzieci","product_tag-choinko-piekna-jak-las-tekst","product_tag-miastodzieci","product_tag-ozdoby-choinkowe-dla-dzieci","product_tag-prezent-dla-dziecka-na-roczek","product_tag-zagadki-logiczne","product_tag-zagadki-smieszne-podchwytliwe"],"_links":{"self":[{"href":"http:\/\/klubmamgdynia.pl\/index.php\/wp-json\/wp\/v2\/product\/2477","targetHints":{"allow":["GET"]}}],"collection":[{"href":"http:\/\/klubmamgdynia.pl\/index.php\/wp-json\/wp\/v2\/product"}],"about":[{"href":"http:\/\/klubmamgdynia.pl\/index.php\/wp-json\/wp\/v2\/types\/product"}],"replies":[{"embeddable":true,"href":"http:\/\/klubmamgdynia.pl\/index.php\/wp-json\/wp\/v2\/comments?post=2477"}],"wp:featuredmedia":[{"embeddable":true,"href":"http:\/\/klubmamgdynia.pl\/index.php\/wp-json\/wp\/v2\/media\/2478"}],"wp:attachment":[{"href":"http:\/\/klubmamgdynia.pl\/index.php\/wp-json\/wp\/v2\/media?parent=2477"}],"wp:term":[{"taxonomy":"product_cat","embeddable":true,"href":"http:\/\/klubmamgdynia.pl\/index.php\/wp-json\/wp\/v2\/product_cat?post=2477"},{"taxonomy":"product_tag","embeddable":true,"href":"http:\/\/klubmamgdynia.pl\/index.php\/wp-json\/wp\/v2\/product_tag?post=2477"}],"curies":[{"name":"wp","href":"https:\/\/api.w.org\/{rel}","templated":true}]}}