{"id":2479,"date":"2021-10-15T02:00:40","date_gmt":"2021-10-15T00:00:40","guid":{"rendered":"http:\/\/klubmamgdynia.pl\/index.php\/produkt\/castrol-magnatec-5w30-5w30-4l\/"},"modified":"2026-04-06T13:10:59","modified_gmt":"2026-04-06T11:10:59","slug":"castrol-magnatec-5w30-5w30-4l","status":"publish","type":"product","link":"http:\/\/klubmamgdynia.pl\/index.php\/produkt\/castrol-magnatec-5w30-5w30-4l\/","title":{"rendered":"Castrol Magnatec 5W30 5W30 4L"},"content":{"rendered":"<p>Castrol Magnatec 5W-30 A3\/B4:Syntetyczny olej jest przezonaczony dla nowoczesnych silnik\u00f3w beznynowych i wysokopr\u0119\u017cnych z wtryskiem bezpo\u015brednim, uk\u0142adami Common Rail wyposa\u017conych w turbosr\u0119\u017carki, intercoolery oraz filtry cz\u0105stek sta\u0142ych, gdzie producenci rekomenduj\u0105 specyfikacje ACEA A3\/B3\/B4 lub API SL\/CF o lepko\u015bci SAE 5W-30. Szczeg\u00f3lnie dedykowany do pojazd\u00f3w marki Opel.Inteligentne moleku\u0142y Castrol Magnatec 5W-30 A3\/B4 przylegaj\u0105 do kluczowych cz\u0119\u015bci silnika, zapewniaj\u0105c dodatkow\u0105 warstw\u0119 ochronn\u0105. 75% zu\u017cycia silnika nast\u0119puje podczas rozruchu silnika, ale moleku\u0142y Castrol Magnatec s\u0105 tam zawsze i zawsze gotowe, radykalnie zmniejszaj\u0105c* zu\u017cycie podczas kluczowych okres\u00f3w rozruchu i nagrzewania si\u0119 silnika.Castrol Magnatec 5W-30 A3\/B4 \u0142\u0105cz\u0105c Inteligentne Moleku\u0142y i w pe\u0142ni syntetyczn\u0105 technologi\u0119:- Przylega do silnika, tworz\u0105c dodatkow\u0105 warstw\u0119, kt\u00f3ra chroni go podczas i po rozruchu- \u0141\u0105czy si\u0119 z metalowymi powierzchniami, dzi\u0119ki czemu cz\u0119\u015bci silnika staj\u0105 si\u0119 bardziej odporne na zu\u017cycie- \u0141\u0105czy si\u0119 z syntetyczn\u0105 technologi\u0105, aby zapewni\u0107 zwi\u0119kszon\u0105 ochron\u0119 w wysokich i niskich temperaturach- zapewnia sta\u0142\u0105 ochron\u0119 we wszystkich warunkach jazdy, stylach jazdy i temperaturach- zapewnia doskona\u0142\u0105 wydajno\u015b\u0107 w ekstremalnych warunkach zimnego rozruchuNormy i specyfikacje:API SL\/CFACEA A3\/B3, A3\/B4BMW Longlife-01GM-LL-A-025GM-LL-B-025MB-Approval 229.3Renault RN0700VW 502 00\/505 00Spe\u0142nia Fiat 9.55535-G1Przetestowano w bran\u017cowym te\u015bcie zu\u017cyciowym Sequence IVA.Pojemno\u015b\u0107:4 litry<\/p>\n<h2>Castrol Magnatec 5W30 5W30 4L Castrol<\/h2>\n<p>kolorowanki star wars, quizy dla dzieci o zwierz\u0119tach, wroc\u0142aw dla dzieci, park ujazdowski, test z opowie\u015bci z narnii lew czarownica i stara szafa, podchwytliwe zagadki na inteligencj\u0119, bajki na dobranoc, kolorowanki minecraft, kolorowanki pokemon, gdy strumyk p\u0142ynie z wolna, doros\u0142ych kolorowanki dziewczyny, wierszyk o wakacjach, prezent na roczek dla dziewczynki, znaczenie imienia julian, \u0142ama\u0144ce j\u0119zykowe dla dzieci, quiz online, karty pracy do druku za darmo<\/p>\n<p>yyyyy<\/p>\n<p>&nbsp;<\/p>\n","protected":false},"excerpt":{"rendered":"<p>Castrol Magnatec 5W-30 A3\/B4:Syntetyczny olej jest przezonaczony dla nowoczesnych silnik\u00f3w beznynowych i wysokopr\u0119\u017cnych z wtryskiem bezpo\u015brednim, uk\u0142adami Common Rail wyposa\u017conych w turbosr\u0119\u017carki, intercoolery oraz filtry cz\u0105stek sta\u0142ych, gdzie producenci rekomenduj\u0105 specyfikacje ACEA A3\/B3\/B4 lub API SL\/CF o lepko\u015bci SAE 5W-30. Szczeg\u00f3lnie dedykowany do pojazd\u00f3w marki Opel.Inteligentne moleku\u0142y Castrol Magnatec 5W-30 A3\/B4 przylegaj\u0105 do kluczowych cz\u0119\u015bci [&hellip;]<\/p>\n","protected":false},"featured_media":2480,"comment_status":"closed","ping_status":"open","template":"","meta":[],"product_cat":[902,903],"product_tag":[594,589,678,636],"class_list":["post-2479","product","type-product","status-publish","has-post-thumbnail","hentry","product_cat-castrol","product_cat-oleje-silnikowe","product_tag-podchwytliwe-zagadki-dla-dzieci","product_tag-prezent-dla-rocznego-dziecka","product_tag-prezent-na-roczek-dla-dziewczynki","product_tag-teksty-kolysanek"],"_links":{"self":[{"href":"http:\/\/klubmamgdynia.pl\/index.php\/wp-json\/wp\/v2\/product\/2479","targetHints":{"allow":["GET"]}}],"collection":[{"href":"http:\/\/klubmamgdynia.pl\/index.php\/wp-json\/wp\/v2\/product"}],"about":[{"href":"http:\/\/klubmamgdynia.pl\/index.php\/wp-json\/wp\/v2\/types\/product"}],"replies":[{"embeddable":true,"href":"http:\/\/klubmamgdynia.pl\/index.php\/wp-json\/wp\/v2\/comments?post=2479"}],"wp:featuredmedia":[{"embeddable":true,"href":"http:\/\/klubmamgdynia.pl\/index.php\/wp-json\/wp\/v2\/media\/2480"}],"wp:attachment":[{"href":"http:\/\/klubmamgdynia.pl\/index.php\/wp-json\/wp\/v2\/media?parent=2479"}],"wp:term":[{"taxonomy":"product_cat","embeddable":true,"href":"http:\/\/klubmamgdynia.pl\/index.php\/wp-json\/wp\/v2\/product_cat?post=2479"},{"taxonomy":"product_tag","embeddable":true,"href":"http:\/\/klubmamgdynia.pl\/index.php\/wp-json\/wp\/v2\/product_tag?post=2479"}],"curies":[{"name":"wp","href":"https:\/\/api.w.org\/{rel}","templated":true}]}}