{"id":2481,"date":"2012-08-02T21:01:28","date_gmt":"2012-08-02T19:01:28","guid":{"rendered":"http:\/\/klubmamgdynia.pl\/index.php\/produkt\/froster-kubek-zlotej-raczki-bez-napisu-5906660865940\/"},"modified":"2026-04-06T12:43:55","modified_gmt":"2026-04-06T10:43:55","slug":"froster-kubek-zlotej-raczki-bez-napisu-5906660865940","status":"publish","type":"product","link":"http:\/\/klubmamgdynia.pl\/index.php\/produkt\/froster-kubek-zlotej-raczki-bez-napisu-5906660865940\/","title":{"rendered":"Froster Kubek Z\u0142otej R\u0105czki (Bez Napisu) (5906660865940)"},"content":{"rendered":"<p>Kubek Z\u0142otej R\u0105czki (bez napisu)GAD02440Uczynne i zaradne osoby pojawiaj\u0105 si\u0119 w r\u00f3\u017cnych miejscach i zawsze warto je docenia\u0107. Swoj\u0105 wdzi\u0119czno\u015b\u0107 mo\u017cesz okaza\u0107, obdarowuj\u0105c pomocn\u0105 Ci osob\u0119 Kubkiem Z\u0142otej R\u0105czki. Kubek ten po\u0142echta jej ego i b\u0119dzie przypomina\u0142 o umiej\u0119tno\u015bciach podczas ka\u017cdej przerwy na kaw\u0119. To prosty spos\u00f3b, by pokaza\u0107 jej, \u017ce niekt\u00f3rych ludzi zwyczajnie nie mo\u017cna zast\u0105pi\u0107!Kubek Z\u0142otej R\u0105czki sprawi, \u017ce zrobi si\u0119 cieplej na sercu ka\u017cdemu \u2013 od dziadka pomocnego w naprawie samochodu, przez tat\u0119, kt\u00f3ry skr\u0119ci\u0142 nam biurko, a\u017c po brata, kt\u00f3ry naprawi\u0142 naszego laptopa. M\u0105\u017c, kt\u00f3ry potrafi naprawi\u0107 kapi\u0105cy kran czy kolega pomocny w montowaniu p\u00f3\u0142ek, tak\u017ce ch\u0119tnie napij\u0105 si\u0119 z niego gor\u0105cej herbaty. Podaruj go na Dzie\u0144 Ojca, Dzie\u0144 Ch\u0142opaka, urodziny i na ka\u017cd\u0105 inn\u0105 okazj\u0119, podczas kt\u00f3rej chcesz podzi\u0119kowa\u0107 naszej Z\u0142otej R\u0105czce.w zestawie bia\u0142y marker sucho\u015bcieralnysolidny i dobrze wykonanyuwaga: nie u\u017cywa\u0107 w mikrofal\u00f3wce, nie my\u0107 w zmywarceParametryprodukt_wysokosc: 14 cmpojemnosc: 350<\/p>\n<h2>Froster Kubek Z\u0142otej R\u0105czki (Bez Napisu) (5906660865940) Froster<\/h2>\n<p>bajki na dobranoc, kucyki pony kolorowanka, sentencje ma\u0142y ksi\u0105\u017ce cytaty, flagi pa\u0144stw quiz<\/p>\n<p>yyyyy<\/p>\n<p>&nbsp;<\/p>\n","protected":false},"excerpt":{"rendered":"<p>Kubek Z\u0142otej R\u0105czki (bez napisu)GAD02440Uczynne i zaradne osoby pojawiaj\u0105 si\u0119 w r\u00f3\u017cnych miejscach i zawsze warto je docenia\u0107. Swoj\u0105 wdzi\u0119czno\u015b\u0107 mo\u017cesz okaza\u0107, obdarowuj\u0105c pomocn\u0105 Ci osob\u0119 Kubkiem Z\u0142otej R\u0105czki. Kubek ten po\u0142echta jej ego i b\u0119dzie przypomina\u0142 o umiej\u0119tno\u015bciach podczas ka\u017cdej przerwy na kaw\u0119. To prosty spos\u00f3b, by pokaza\u0107 jej, \u017ce niekt\u00f3rych ludzi zwyczajnie nie [&hellip;]<\/p>\n","protected":false},"featured_media":2482,"comment_status":"closed","ping_status":"open","template":"","meta":[],"product_cat":[904,482],"product_tag":[864,729,620,597,633],"class_list":["post-2481","product","type-product","status-publish","has-post-thumbnail","hentry","product_cat-froster","product_cat-gadzety","product_tag-basen-warszawa","product_tag-madre-bajki-dla-dzieci-do-czytania","product_tag-quiz-opowiesci-z-narnii","product_tag-zagadki-o-zimie","product_tag-zagadki-z-odpowiedziami"],"_links":{"self":[{"href":"http:\/\/klubmamgdynia.pl\/index.php\/wp-json\/wp\/v2\/product\/2481","targetHints":{"allow":["GET"]}}],"collection":[{"href":"http:\/\/klubmamgdynia.pl\/index.php\/wp-json\/wp\/v2\/product"}],"about":[{"href":"http:\/\/klubmamgdynia.pl\/index.php\/wp-json\/wp\/v2\/types\/product"}],"replies":[{"embeddable":true,"href":"http:\/\/klubmamgdynia.pl\/index.php\/wp-json\/wp\/v2\/comments?post=2481"}],"wp:featuredmedia":[{"embeddable":true,"href":"http:\/\/klubmamgdynia.pl\/index.php\/wp-json\/wp\/v2\/media\/2482"}],"wp:attachment":[{"href":"http:\/\/klubmamgdynia.pl\/index.php\/wp-json\/wp\/v2\/media?parent=2481"}],"wp:term":[{"taxonomy":"product_cat","embeddable":true,"href":"http:\/\/klubmamgdynia.pl\/index.php\/wp-json\/wp\/v2\/product_cat?post=2481"},{"taxonomy":"product_tag","embeddable":true,"href":"http:\/\/klubmamgdynia.pl\/index.php\/wp-json\/wp\/v2\/product_tag?post=2481"}],"curies":[{"name":"wp","href":"https:\/\/api.w.org\/{rel}","templated":true}]}}