{"id":2483,"date":"2019-08-06T09:00:42","date_gmt":"2019-08-06T07:00:42","guid":{"rendered":"http:\/\/klubmamgdynia.pl\/index.php\/produkt\/jordan-szczoteczka-step-2-2-pack-opcja-kolorystyczna-3-5lat\/"},"modified":"2026-04-27T12:25:13","modified_gmt":"2026-04-27T10:25:13","slug":"jordan-szczoteczka-step-2-2-pack-opcja-kolorystyczna-3-5lat","status":"publish","type":"product","link":"http:\/\/klubmamgdynia.pl\/index.php\/produkt\/jordan-szczoteczka-step-2-2-pack-opcja-kolorystyczna-3-5lat\/","title":{"rendered":"Jordan Szczoteczka Step 2 2-Pack &#8211; Opcja Kolorystyczna 3-5Lat"},"content":{"rendered":"<p>Trzyetapowy program Jordan Step by Step, zapewnia optymaln\u0105 opiek\u0119 stomatologiczn\u0105 dla dzieci od pierwszego z\u0119ba mlecznego do pojawienia si\u0119 z\u0119b\u00f3w sta\u0142ych. Jego celem jest wypracowanie u dzieci prawid\u0142owych nawyk\u00f3w higieny jamy ustnej. Szczoteczka \u201ero\u015bnie\u201d wraz z dzieckiem, dopasowuj\u0105c si\u0119 do jego wieku i zmieniaj\u0105cych si\u0119 potrzeb. Mi\u0119kkie w\u0142osie. Dost\u0119pna z os\u0142onk\u0105 podr\u00f3\u017cn\u0105. 2-pack WYSY\u0141KA LOSOWA.<\/p>\n<h2>Jordan Szczoteczka Step 2 2-Pack &#8211; Opcja Kolorystyczna 3-5Lat Jordan<\/h2>\n<p>zaproszenia na urodziny do wydruku czarno bia\u0142e, wzory zaprosze\u0144 zaproszenie na urodziny szablon do druku, list do miko\u0142aja wz\u00f3r pdf, bajki dla dziewczynek, fabian, najrzadsze imiona w polsce<\/p>\n<p>yyyyy<\/p>\n<p>&nbsp;<\/p>\n","protected":false},"excerpt":{"rendered":"<p>Trzyetapowy program Jordan Step by Step, zapewnia optymaln\u0105 opiek\u0119 stomatologiczn\u0105 dla dzieci od pierwszego z\u0119ba mlecznego do pojawienia si\u0119 z\u0119b\u00f3w sta\u0142ych. Jego celem jest wypracowanie u dzieci prawid\u0142owych nawyk\u00f3w higieny jamy ustnej. Szczoteczka \u201ero\u015bnie\u201d wraz z dzieckiem, dopasowuj\u0105c si\u0119 do jego wieku i zmieniaj\u0105cych si\u0119 potrzeb. Mi\u0119kkie w\u0142osie. Dost\u0119pna z os\u0142onk\u0105 podr\u00f3\u017cn\u0105. 2-pack WYSY\u0141KA LOSOWA. [&hellip;]<\/p>\n","protected":false},"featured_media":2484,"comment_status":"closed","ping_status":"open","template":"","meta":[],"product_cat":[256,901],"product_tag":[839,683,729,576,712],"class_list":["post-2483","product","type-product","status-publish","has-post-thumbnail","hentry","product_cat-jordan","product_cat-pozostale-akcesoria-do-pielegnacji-dzieci","product_tag-bajki-na-dobranoc-do-czytania","product_tag-karaluchy-pod-poduchy","product_tag-madre-bajki-dla-dzieci-do-czytania","product_tag-trudne-zagadki","product_tag-zagadki-o-zwierzetach"],"_links":{"self":[{"href":"http:\/\/klubmamgdynia.pl\/index.php\/wp-json\/wp\/v2\/product\/2483","targetHints":{"allow":["GET"]}}],"collection":[{"href":"http:\/\/klubmamgdynia.pl\/index.php\/wp-json\/wp\/v2\/product"}],"about":[{"href":"http:\/\/klubmamgdynia.pl\/index.php\/wp-json\/wp\/v2\/types\/product"}],"replies":[{"embeddable":true,"href":"http:\/\/klubmamgdynia.pl\/index.php\/wp-json\/wp\/v2\/comments?post=2483"}],"wp:featuredmedia":[{"embeddable":true,"href":"http:\/\/klubmamgdynia.pl\/index.php\/wp-json\/wp\/v2\/media\/2484"}],"wp:attachment":[{"href":"http:\/\/klubmamgdynia.pl\/index.php\/wp-json\/wp\/v2\/media?parent=2483"}],"wp:term":[{"taxonomy":"product_cat","embeddable":true,"href":"http:\/\/klubmamgdynia.pl\/index.php\/wp-json\/wp\/v2\/product_cat?post=2483"},{"taxonomy":"product_tag","embeddable":true,"href":"http:\/\/klubmamgdynia.pl\/index.php\/wp-json\/wp\/v2\/product_tag?post=2483"}],"curies":[{"name":"wp","href":"https:\/\/api.w.org\/{rel}","templated":true}]}}