{"id":2485,"date":"2013-01-02T18:24:01","date_gmt":"2013-01-02T17:24:01","guid":{"rendered":"http:\/\/klubmamgdynia.pl\/index.php\/produkt\/jollein-myjka-spot-caramel-3szt\/"},"modified":"2026-04-29T22:52:53","modified_gmt":"2026-04-29T20:52:53","slug":"jollein-myjka-spot-caramel-3szt","status":"publish","type":"product","link":"http:\/\/klubmamgdynia.pl\/index.php\/produkt\/jollein-myjka-spot-caramel-3szt\/","title":{"rendered":"Jollein Myjka Spot Caramel 3Szt."},"content":{"rendered":"<p>Mix &amp; match To jedna rzecz wiedzie\u0107, w jakim stylu chcesz urz\u0105dzi\u0107 pok\u00f3j swojego dziecka. Ale najpierw znajd\u017a produkty, kt\u00f3re do siebie pasuj\u0105. Jollein wie, jak wa\u017cne dla matek jest to, \u017ce mog\u0105 kupi\u0107 wszystko do wyposa\u017cenia dziecka w jednym, dobrze znanym miejscu. Dlatego te\u017c jollein zadba\u0142 o to, aby wszystkie motywy z ich kolekcji mo\u017cna by\u0142o ze sob\u0105 \u0142\u0105czy\u0107. To jedna rzecz mniej, o kt\u00f3r\u0105 trzeba si\u0119 martwi\u0107. Spot Swobodne i ciep\u0142e Masz bzika na punkcie neutralnych kolor\u00f3w w po\u0142\u0105czeniu z casualowym nadrukiem? Wtedy temat Spot jest w\u0142a\u015bnie dla Ciebie. Dost\u0119pne w wielu pozycjach. Od \u015bpiwork\u00f3w i mu\u015blinowych pieluszek po kocyki do raczkowania i gniazdka dla niemowl\u0105t, wszystkie w ciep\u0142ych odcieniach karmelu i ch\u0142odnej szaro\u015bci z zabawnym nadrukiem w c\u0119tki. Myjki s\u0105 super mi\u0119kkie i piel\u0119gnuj\u0105 wra\u017cliw\u0105 sk\u00f3r\u0119 dziecka. Myjki maj\u0105 weso\u0142y nadruk, kt\u00f3ry mo\u017cna po\u0142\u0105czy\u0107 z chusteczkami wielofunkcyjnymi i chusteczkami do ust od jollein. Szczeg\u00f3\u0142y produktu: Materia\u0142: 100% bawe\u0142na Mo\u017cna pra\u0107 w temperaturze do 60 \u00b0C Nadaje si\u0119 do suszarki b\u0119bnowej Wymiary: 15 x 20 cm<\/p>\n<h2>Jollein Myjka Spot Caramel 3Szt. Jollein<\/h2>\n<p>zygzak mcqueen kolorowanka, kontynenty dla dzieci do druku, wierszyk o marzannie, alan imie, estera, matylda znaczenie imienia, testy z lektury miko\u0142ajek, policja kolorowanka, cytaty dla mamy od c\u00f3rki, zagadki matematyczne z odpowiedziami, prezenty dla nastolatek<\/p>\n<p>yyyyy<\/p>\n<p>&nbsp;<\/p>\n","protected":false},"excerpt":{"rendered":"<p>Mix &amp; match To jedna rzecz wiedzie\u0107, w jakim stylu chcesz urz\u0105dzi\u0107 pok\u00f3j swojego dziecka. Ale najpierw znajd\u017a produkty, kt\u00f3re do siebie pasuj\u0105. Jollein wie, jak wa\u017cne dla matek jest to, \u017ce mog\u0105 kupi\u0107 wszystko do wyposa\u017cenia dziecka w jednym, dobrze znanym miejscu. Dlatego te\u017c jollein zadba\u0142 o to, aby wszystkie motywy z ich kolekcji [&hellip;]<\/p>\n","protected":false},"featured_media":2486,"comment_status":"closed","ping_status":"open","template":"","meta":[],"product_cat":[905,901],"product_tag":[784,588,628,635],"class_list":["post-2485","product","type-product","status-publish","has-post-thumbnail","hentry","product_cat-jollein","product_cat-pozostale-akcesoria-do-pielegnacji-dzieci","product_tag-hymn-gorniczy","product_tag-wzruszajace-slowa-dla-przyjaciela","product_tag-zagadka","product_tag-znaki-drogowe-do-druku"],"_links":{"self":[{"href":"http:\/\/klubmamgdynia.pl\/index.php\/wp-json\/wp\/v2\/product\/2485","targetHints":{"allow":["GET"]}}],"collection":[{"href":"http:\/\/klubmamgdynia.pl\/index.php\/wp-json\/wp\/v2\/product"}],"about":[{"href":"http:\/\/klubmamgdynia.pl\/index.php\/wp-json\/wp\/v2\/types\/product"}],"replies":[{"embeddable":true,"href":"http:\/\/klubmamgdynia.pl\/index.php\/wp-json\/wp\/v2\/comments?post=2485"}],"wp:featuredmedia":[{"embeddable":true,"href":"http:\/\/klubmamgdynia.pl\/index.php\/wp-json\/wp\/v2\/media\/2486"}],"wp:attachment":[{"href":"http:\/\/klubmamgdynia.pl\/index.php\/wp-json\/wp\/v2\/media?parent=2485"}],"wp:term":[{"taxonomy":"product_cat","embeddable":true,"href":"http:\/\/klubmamgdynia.pl\/index.php\/wp-json\/wp\/v2\/product_cat?post=2485"},{"taxonomy":"product_tag","embeddable":true,"href":"http:\/\/klubmamgdynia.pl\/index.php\/wp-json\/wp\/v2\/product_tag?post=2485"}],"curies":[{"name":"wp","href":"https:\/\/api.w.org\/{rel}","templated":true}]}}