{"id":2487,"date":"2014-08-24T22:27:44","date_gmt":"2014-08-24T20:27:44","guid":{"rendered":"http:\/\/klubmamgdynia.pl\/index.php\/produkt\/cartoon-zestaw-do-higieny-jamy-ustnej-dla-dzieci-the-paw-patrol-4-pcs\/"},"modified":"2026-04-03T15:46:36","modified_gmt":"2026-04-03T13:46:36","slug":"cartoon-zestaw-do-higieny-jamy-ustnej-dla-dzieci-the-paw-patrol-4-pcs","status":"publish","type":"product","link":"http:\/\/klubmamgdynia.pl\/index.php\/produkt\/cartoon-zestaw-do-higieny-jamy-ustnej-dla-dzieci-the-paw-patrol-4-pcs\/","title":{"rendered":"Cartoon Zestaw Do Higieny Jamy Ustnej Dla Dzieci The Paw Patrol (4 Pcs)"},"content":{"rendered":"<p>Zestaw do Higieny Jamy Ustnej dla Dzieci The Paw Patrol (4 pcs) jest tym, czego potrzebujesz, aby doda\u0107 sobie uroku! Wypr\u00f3buj jako\u015b\u0107 w 100% oryginalnych The Paw Patrol produkt\u00f3w i pozw\u00f3l, aby najlepsi profesjonali\u015bci zatroszczyli si\u0119 o Twoj\u0105 urod\u0119.Zawiera: Pasta do z\u0119b\u00f3wszklanka\/kieliszekSzczoteczka do Z\u0119b\u00f3wNeseserP\u0142e\u0107: UnisexRodzaj: Set&#8230;<\/p>\n<h2>Cartoon Zestaw Do Higieny Jamy Ustnej Dla Dzieci The Paw Patrol (4 Pcs) <\/h2>\n<p>znaczenie imienia alan, cytaty o rodzinie, pokemon kolorowanki, \u017carty \u017carty na prima aprilis, jak zrobi\u0107 laurk\u0119 dla babci, prezent dla ch\u0142opca na roczek, plac zabaw pozna\u0144, \u015bmigus dyngus wiersz dla dzieci, zabawy dla 5-6 latk\u00f3w, posz\u0142a ola na spacerek, test z dzieci z bullerbyn, aurora imi\u0119, wzruszaj\u0105c\u0105 piosenka dla taty, prezent dla rocznego dziecka, zagadki dla 7 latka, krecik bajka<\/p>\n<p>yyyyy<\/p>\n<p>&nbsp;<\/p>\n","protected":false},"excerpt":{"rendered":"<p>Zestaw do Higieny Jamy Ustnej dla Dzieci The Paw Patrol (4 pcs) jest tym, czego potrzebujesz, aby doda\u0107 sobie uroku! Wypr\u00f3buj jako\u015b\u0107 w 100% oryginalnych The Paw Patrol produkt\u00f3w i pozw\u00f3l, aby najlepsi profesjonali\u015bci zatroszczyli si\u0119 o Twoj\u0105 urod\u0119.Zawiera: Pasta do z\u0119b\u00f3wszklanka\/kieliszekSzczoteczka do Z\u0119b\u00f3wNeseserP\u0142e\u0107: UnisexRodzaj: Set&#8230; Cartoon Zestaw Do Higieny Jamy Ustnej Dla Dzieci The [&hellip;]<\/p>\n","protected":false},"featured_media":2488,"comment_status":"closed","ping_status":"open","template":"","meta":[],"product_cat":[901],"product_tag":[745,743,869,820],"class_list":["post-2487","product","type-product","status-publish","has-post-thumbnail","hentry","product_cat-pozostale-akcesoria-do-pielegnacji-dzieci","product_tag-prezent-dla-15-latki","product_tag-quiz-dla-dzieci","product_tag-zagadki-na-logike","product_tag-ziemia-wyspa-zielona-tekst"],"_links":{"self":[{"href":"http:\/\/klubmamgdynia.pl\/index.php\/wp-json\/wp\/v2\/product\/2487","targetHints":{"allow":["GET"]}}],"collection":[{"href":"http:\/\/klubmamgdynia.pl\/index.php\/wp-json\/wp\/v2\/product"}],"about":[{"href":"http:\/\/klubmamgdynia.pl\/index.php\/wp-json\/wp\/v2\/types\/product"}],"replies":[{"embeddable":true,"href":"http:\/\/klubmamgdynia.pl\/index.php\/wp-json\/wp\/v2\/comments?post=2487"}],"wp:featuredmedia":[{"embeddable":true,"href":"http:\/\/klubmamgdynia.pl\/index.php\/wp-json\/wp\/v2\/media\/2488"}],"wp:attachment":[{"href":"http:\/\/klubmamgdynia.pl\/index.php\/wp-json\/wp\/v2\/media?parent=2487"}],"wp:term":[{"taxonomy":"product_cat","embeddable":true,"href":"http:\/\/klubmamgdynia.pl\/index.php\/wp-json\/wp\/v2\/product_cat?post=2487"},{"taxonomy":"product_tag","embeddable":true,"href":"http:\/\/klubmamgdynia.pl\/index.php\/wp-json\/wp\/v2\/product_tag?post=2487"}],"curies":[{"name":"wp","href":"https:\/\/api.w.org\/{rel}","templated":true}]}}