{"id":2493,"date":"2022-08-20T19:09:22","date_gmt":"2022-08-20T17:09:22","guid":{"rendered":"http:\/\/klubmamgdynia.pl\/index.php\/produkt\/blun-spinner-metallic-zloty-czas-obrotu-okolo-6-min-bltometgo\/"},"modified":"2026-04-04T02:33:35","modified_gmt":"2026-04-04T00:33:35","slug":"blun-spinner-metallic-zloty-czas-obrotu-okolo-6-min-bltometgo","status":"publish","type":"product","link":"http:\/\/klubmamgdynia.pl\/index.php\/produkt\/blun-spinner-metallic-zloty-czas-obrotu-okolo-6-min-bltometgo\/","title":{"rendered":"Blun Spinner Metallic Z\u0142oty Czas Obrotu Oko\u0142o 6 Min (BLTOMETGO)"},"content":{"rendered":"<p>Spinner &#8211; METALLIC Z\u0141OTY &#8211; Czas obrotu oko\u0142o 6 minut<\/p>\n<h2>Blun Spinner Metallic Z\u0142oty Czas Obrotu Oko\u0142o 6 Min (BLTOMETGO) <\/h2>\n<p>dzieci.pl, test detektyw pozytywka, jak rozmawia\u0107 z dzie\u0107mi o wojnie, oryginalny prezent na roczek dla dziewczynki, mini zoo warszawa, kolorowanka prezent, bajki na dobranoc, ahmed, kolorowanka europa, quiz o kosmosie dla dzieci, zagadki matematyczne dla przedszkolak\u00f3w, zagadki dla dzieci 6-7 lat, \u015bwinka peppa kolorowanka do druku, zimowe zabawy dla dzieci, gry planszowe dla m\u0142odzie\u017cy, darmowe quizy<\/p>\n<p>yyyyy<\/p>\n<p>&nbsp;<\/p>\n","protected":false},"excerpt":{"rendered":"<p>Spinner &#8211; METALLIC Z\u0141OTY &#8211; Czas obrotu oko\u0142o 6 minut Blun Spinner Metallic Z\u0142oty Czas Obrotu Oko\u0142o 6 Min (BLTOMETGO) dzieci.pl, test detektyw pozytywka, jak rozmawia\u0107 z dzie\u0107mi o wojnie, oryginalny prezent na roczek dla dziewczynki, mini zoo warszawa, kolorowanka prezent, bajki na dobranoc, ahmed, kolorowanka europa, quiz o kosmosie dla dzieci, zagadki matematyczne dla [&hellip;]<\/p>\n","protected":false},"featured_media":2494,"comment_status":"closed","ping_status":"open","template":"","meta":[],"product_cat":[482],"product_tag":[740,585,697,646],"class_list":["post-2493","product","type-product","status-publish","has-post-thumbnail","hentry","product_cat-gadzety","product_tag-fajne-prezenty-dla-nastolatkow","product_tag-kolorowanki-dla-chlopcow","product_tag-krotkie-bajki-do-czytania","product_tag-prezent-na-pierwsze-urodziny"],"_links":{"self":[{"href":"http:\/\/klubmamgdynia.pl\/index.php\/wp-json\/wp\/v2\/product\/2493","targetHints":{"allow":["GET"]}}],"collection":[{"href":"http:\/\/klubmamgdynia.pl\/index.php\/wp-json\/wp\/v2\/product"}],"about":[{"href":"http:\/\/klubmamgdynia.pl\/index.php\/wp-json\/wp\/v2\/types\/product"}],"replies":[{"embeddable":true,"href":"http:\/\/klubmamgdynia.pl\/index.php\/wp-json\/wp\/v2\/comments?post=2493"}],"wp:featuredmedia":[{"embeddable":true,"href":"http:\/\/klubmamgdynia.pl\/index.php\/wp-json\/wp\/v2\/media\/2494"}],"wp:attachment":[{"href":"http:\/\/klubmamgdynia.pl\/index.php\/wp-json\/wp\/v2\/media?parent=2493"}],"wp:term":[{"taxonomy":"product_cat","embeddable":true,"href":"http:\/\/klubmamgdynia.pl\/index.php\/wp-json\/wp\/v2\/product_cat?post=2493"},{"taxonomy":"product_tag","embeddable":true,"href":"http:\/\/klubmamgdynia.pl\/index.php\/wp-json\/wp\/v2\/product_tag?post=2493"}],"curies":[{"name":"wp","href":"https:\/\/api.w.org\/{rel}","templated":true}]}}