{"id":2495,"date":"2021-09-19T15:41:54","date_gmt":"2021-09-19T13:41:54","guid":{"rendered":"http:\/\/klubmamgdynia.pl\/index.php\/produkt\/brelok-sportowy-golf-dla-sportowca-kij-golfowy-5903815480782\/"},"modified":"2026-04-19T09:53:12","modified_gmt":"2026-04-19T07:53:12","slug":"brelok-sportowy-golf-dla-sportowca-kij-golfowy-5903815480782","status":"publish","type":"product","link":"http:\/\/klubmamgdynia.pl\/index.php\/produkt\/brelok-sportowy-golf-dla-sportowca-kij-golfowy-5903815480782\/","title":{"rendered":"Brelok Sportowy Golf Dla Sportowca Kij Golfowy (5903815480782)"},"content":{"rendered":"<p>\u015awietny brelok na klucze czy pendriva dla wszystkich aktywnych i kochaj\u0105cych sport. Odnajd\u017a swoj\u0105 ulubion\u0105 dyscyplin\u0119 sportu, cho\u0107 niewykluczone, \u017ce przypadnie do gustu nie tylko mi\u0142o\u015bnikom sportu\/ Gad\u017cet w szczeg\u00f3\u0142ach:brelok sportowca: kij do golfa z pi\u0142eczk\u0105 materia\u0142: metal+tworzywo sztuczne z metalowym k\u00f3\u0142kiem na kluczy czy pendrivedost\u0119pne r\u00f3wnie\u017c: tenis ziemny, kr\u0119gle, tenis sto\u0142owy, badminton<\/p>\n<h2>Brelok Sportowy Golf Dla Sportowca Kij Golfowy (5903815480782) Inny<\/h2>\n<p>rzadkie imiona \u017ce\u0144skie, dekorowanie kanapek dla dzieci, cytaty o dzieciach i rodzicach, zagadki o zwierz\u0119tach, rysunki do druku, prezent dla rocznego dziecka, natan imi\u0119, oliwier, quiz o koniach, platformy edukacyjne dla dzieci, piosenka przyjed\u017a do nas miko\u0142aju, zosia samosia, tr\u00f3jmiasto atrakcje dla dzieci, sentencje o dzieciach<\/p>\n<p>yyyyy<\/p>\n<p>&nbsp;<\/p>\n","protected":false},"excerpt":{"rendered":"<p>\u015awietny brelok na klucze czy pendriva dla wszystkich aktywnych i kochaj\u0105cych sport. Odnajd\u017a swoj\u0105 ulubion\u0105 dyscyplin\u0119 sportu, cho\u0107 niewykluczone, \u017ce przypadnie do gustu nie tylko mi\u0142o\u015bnikom sportu\/ Gad\u017cet w szczeg\u00f3\u0142ach:brelok sportowca: kij do golfa z pi\u0142eczk\u0105 materia\u0142: metal+tworzywo sztuczne z metalowym k\u00f3\u0142kiem na kluczy czy pendrivedost\u0119pne r\u00f3wnie\u017c: tenis ziemny, kr\u0119gle, tenis sto\u0142owy, badminton Brelok Sportowy [&hellip;]<\/p>\n","protected":false},"featured_media":2496,"comment_status":"closed","ping_status":"open","template":"","meta":[],"product_cat":[482,169],"product_tag":[753,775,807,627],"class_list":["post-2495","product","type-product","status-publish","has-post-thumbnail","hentry","product_cat-gadzety","product_cat-inny","product_tag-kamila","product_tag-kolorowanki-do-druku-pokemon","product_tag-logiczne-zagadki","product_tag-quiz-dzieci-z-bullerbyn"],"_links":{"self":[{"href":"http:\/\/klubmamgdynia.pl\/index.php\/wp-json\/wp\/v2\/product\/2495","targetHints":{"allow":["GET"]}}],"collection":[{"href":"http:\/\/klubmamgdynia.pl\/index.php\/wp-json\/wp\/v2\/product"}],"about":[{"href":"http:\/\/klubmamgdynia.pl\/index.php\/wp-json\/wp\/v2\/types\/product"}],"replies":[{"embeddable":true,"href":"http:\/\/klubmamgdynia.pl\/index.php\/wp-json\/wp\/v2\/comments?post=2495"}],"wp:featuredmedia":[{"embeddable":true,"href":"http:\/\/klubmamgdynia.pl\/index.php\/wp-json\/wp\/v2\/media\/2496"}],"wp:attachment":[{"href":"http:\/\/klubmamgdynia.pl\/index.php\/wp-json\/wp\/v2\/media?parent=2495"}],"wp:term":[{"taxonomy":"product_cat","embeddable":true,"href":"http:\/\/klubmamgdynia.pl\/index.php\/wp-json\/wp\/v2\/product_cat?post=2495"},{"taxonomy":"product_tag","embeddable":true,"href":"http:\/\/klubmamgdynia.pl\/index.php\/wp-json\/wp\/v2\/product_tag?post=2495"}],"curies":[{"name":"wp","href":"https:\/\/api.w.org\/{rel}","templated":true}]}}