{"id":2499,"date":"2014-04-11T20:26:40","date_gmt":"2014-04-11T18:26:40","guid":{"rendered":"http:\/\/klubmamgdynia.pl\/index.php\/produkt\/tristar-powervan-2-225-65r16-112-110t\/"},"modified":"2026-04-23T08:19:03","modified_gmt":"2026-04-23T06:19:03","slug":"tristar-powervan-2-225-65r16-112-110t","status":"publish","type":"product","link":"http:\/\/klubmamgdynia.pl\/index.php\/produkt\/tristar-powervan-2-225-65r16-112-110t\/","title":{"rendered":"Tristar Powervan 2 225\/65R16 112\/110T"},"content":{"rendered":"<p>Tristar Powervan 2 225\/65R16 112\/110 T CProducent: TristarModel: Powervan 2Sezon: letnieRozmiar: 225\/65R16Data produkcji: do 36 miesi\u0119cyZu\u017cycie paliwa: klasa CPrzyczepno\u015b\u0107 na mokrym: klasa CPoziom ha\u0142asu: 71 dB<\/p>\n<h2>Tristar Powervan 2 225\/65R16 112\/110T Tristar<\/h2>\n<p>\u017cyczenia bo\u017ce narodzenie oryginalne, prezent dla trzynastolatki, przek\u0105ski na urodziny dziecka, milan imie, karty pracy dla dzieci z ukrainy klasa 3, warszawa dzieci, \u015bwinka peppa do druku, znaczenie imienia gabriel, prezent dla ch\u0142opca 7 lat, karty matematyczne tabliczka mno\u017cenia do wydruku, lato lato lato czeka<\/p>\n<p>yyyyy<\/p>\n<p>&nbsp;<\/p>\n","protected":false},"excerpt":{"rendered":"<p>Tristar Powervan 2 225\/65R16 112\/110 T CProducent: TristarModel: Powervan 2Sezon: letnieRozmiar: 225\/65R16Data produkcji: do 36 miesi\u0119cyZu\u017cycie paliwa: klasa CPrzyczepno\u015b\u0107 na mokrym: klasa CPoziom ha\u0142asu: 71 dB Tristar Powervan 2 225\/65R16 112\/110T Tristar \u017cyczenia bo\u017ce narodzenie oryginalne, prezent dla trzynastolatki, przek\u0105ski na urodziny dziecka, milan imie, karty pracy dla dzieci z ukrainy klasa 3, warszawa dzieci, [&hellip;]<\/p>\n","protected":false},"featured_media":2500,"comment_status":"closed","ping_status":"open","template":"","meta":[],"product_cat":[552,907],"product_tag":[863,629,721],"class_list":["post-2499","product","type-product","status-publish","has-post-thumbnail","hentry","product_cat-opony-dostawcze-letnie","product_cat-tristar","product_tag-bajki-dla-dziewczynek","product_tag-smieszne-zagadki-z-odpowiedziami","product_tag-zagadki-matematyczne"],"_links":{"self":[{"href":"http:\/\/klubmamgdynia.pl\/index.php\/wp-json\/wp\/v2\/product\/2499","targetHints":{"allow":["GET"]}}],"collection":[{"href":"http:\/\/klubmamgdynia.pl\/index.php\/wp-json\/wp\/v2\/product"}],"about":[{"href":"http:\/\/klubmamgdynia.pl\/index.php\/wp-json\/wp\/v2\/types\/product"}],"replies":[{"embeddable":true,"href":"http:\/\/klubmamgdynia.pl\/index.php\/wp-json\/wp\/v2\/comments?post=2499"}],"wp:featuredmedia":[{"embeddable":true,"href":"http:\/\/klubmamgdynia.pl\/index.php\/wp-json\/wp\/v2\/media\/2500"}],"wp:attachment":[{"href":"http:\/\/klubmamgdynia.pl\/index.php\/wp-json\/wp\/v2\/media?parent=2499"}],"wp:term":[{"taxonomy":"product_cat","embeddable":true,"href":"http:\/\/klubmamgdynia.pl\/index.php\/wp-json\/wp\/v2\/product_cat?post=2499"},{"taxonomy":"product_tag","embeddable":true,"href":"http:\/\/klubmamgdynia.pl\/index.php\/wp-json\/wp\/v2\/product_tag?post=2499"}],"curies":[{"name":"wp","href":"https:\/\/api.w.org\/{rel}","templated":true}]}}