{"id":2503,"date":"2021-07-12T21:45:08","date_gmt":"2021-07-12T19:45:08","guid":{"rendered":"http:\/\/klubmamgdynia.pl\/index.php\/produkt\/flexi-new-classic-tasma-l-8m-max-50kg-czarna\/"},"modified":"2026-04-05T22:10:08","modified_gmt":"2026-04-05T20:10:08","slug":"flexi-new-classic-tasma-l-8m-max-50kg-czarna","status":"publish","type":"product","link":"http:\/\/klubmamgdynia.pl\/index.php\/produkt\/flexi-new-classic-tasma-l-8m-max-50kg-czarna\/","title":{"rendered":"Flexi New Classic Ta\u015bma L 8M Max 50Kg Czarna"},"content":{"rendered":"<p>SMYCZ<br \/>\nFLEXI CLASSIC TA\u015aMA L 8M 50KG <\/p>\n<p>Solidne wykonanie<\/p>\n<p>Smycz Flexi wykonana jest z wysokiej jako\u015bci, trwa\u0142ego materia\u0142u, kt\u00f3ry<br \/>\nzapewnia odporno\u015b\u0107 na wszelkie uszkodzenia mechaniczne. Tworzywo smyczy jest<br \/>\nbezpieczne w u\u017cytkowaniu i nie wywo\u0142uje reakcji alergicznych. Dodatkowo<br \/>\nzapewnia pe\u0142n\u0105 wygod\u0119 i stabilno\u015b\u0107 d\u0142oni nawet podczas niekorzystnych warunk\u00f3w<br \/>\npogodowych.<\/p>\n<p>Dopasowana do Twojej d\u0142oni<\/p>\n<p>Smycz Flexi to produkt doskonale dopasowuj\u0105cy si\u0119 do ka\u017cdej d\u0142oni. Op\u0142ywowy<br \/>\nkszta\u0142t oraz solidny uchwyt, pozwala na lepsz\u0105 kontrol\u0119\u00a0nad\u00a0czworonogiem,<br \/>\njak r\u00f3wnie\u017c zapewnia \u0142atwo\u015b\u0107 u\u017cytkowania jej jedn\u0105 r\u0119k\u0105. Wygodne dopasowanie do<br \/>\nwielko\u015bci d\u0142oni w\u0142a\u015bciciela, powoduje zwi\u0119kszon\u0105 stabilno\u015b\u0107, co znacznie<br \/>\npoprawia komfort oraz bezpiecze\u0144stwo podczas spacer\u00f3w.<\/p>\n<p>Wygodna ta\u015bma<\/p>\n<p>Najnowsze standardy techniki oraz nowoczesne linie produkcyjne zapewniaj\u0105 ich<br \/>\nwysok\u0105 jako\u015b\u0107, dzi\u0119ki czemu s\u0105 odporne na przetarcia i skr\u0119cania si\u0119. Mechanizm<br \/>\nsmyczy jest niezwykle trwa\u0142y, zapewnia bezproblemowe zwijanie i rozwijanie si\u0119,<br \/>\ndzi\u0119ki czemu s\u0142u\u017cy ona w\u0142a\u015bcicielom przez d\u0142ugie lata.                            <\/p>\n<p>G\u0142\u00f3wne Cechy:<\/p>\n<p> Precyzyjny<br \/>\n     mechanizm zatrzymuj\u0105cy.<br \/>\n Posiada<br \/>\n     jedyny w swoim rodzaju, opatentowany, zaawansowany technicznie system<br \/>\n     spr\u0119\u017cynowy i wiele innych chronionych innowacji.<br \/>\n Perfekcyjnie<br \/>\n     dopracowana:<br \/>\n     &#8211; Nowatorskie rozwi\u0105zania techniczne,<br \/>\n     &#8211; komfortowa obs\u0142uga,<br \/>\n     &#8211; wysokiej jako\u015bci materia\u0142y<br \/>\n     &#8211; precyzyjne wykonanie to cechy.<br \/>\n Smycz<br \/>\n     FLEXI wyr\u00f3\u017cnia jako\u015b\u0107, funkcjonalno\u015b\u0107, bezpiecze\u0144stwo i nowoczesny design.<br \/>\n Kieszonkowy<br \/>\n     format\u00a0smyczy o d\u0142ugo\u015bci a\u017c 8 m spowoduje, \u017ce<br \/>\n     spacer z psem stanie si\u0119 bardziej przyjemny.<br \/>\n Smycz<br \/>\n     kompatybilna z innymi akcesoriami FLEXI:<br \/>\n     &#8211; Multi Box (pojemnik na przysmaki lub woreczki)<br \/>\n     &#8211; Led Lighting System (latarka).<\/p>\n<p>Charakterystyka:RODZAJ:<br \/>\nta\u015bmowaKOLOR:\u00a0czarnyROZMIAR: L\u00a0(dla ps\u00f3w o wadze<br \/>\nmax.50 kg)D\u0141UGO\u015a\u0106: 8<br \/>\nmetr\u00f3wWaga smyczy:<br \/>\n510g<\/p>\n<p>\u00a0<\/p>\n<h2>Flexi New Classic Ta\u015bma L 8M Max 50Kg Czarna Flexi<\/h2>\n<p>z\u0142ote my\u015bli o przyja\u017ani, podchwytliwe zagadki na inteligencj\u0119, dzie\u0144 pluszowego misia, piosenka na dzie\u0144 nauczyciela przedszkole, zagadki dla 7 latk\u00f3w, filmy rodzinne na halloween, stolice europy quiz<\/p>\n<p>yyyyy<\/p>\n<p>&nbsp;<\/p>\n","protected":false},"excerpt":{"rendered":"<p>SMYCZ FLEXI CLASSIC TA\u015aMA L 8M 50KG Solidne wykonanie Smycz Flexi wykonana jest z wysokiej jako\u015bci, trwa\u0142ego materia\u0142u, kt\u00f3ry zapewnia odporno\u015b\u0107 na wszelkie uszkodzenia mechaniczne. Tworzywo smyczy jest bezpieczne w u\u017cytkowaniu i nie wywo\u0142uje reakcji alergicznych. Dodatkowo zapewnia pe\u0142n\u0105 wygod\u0119 i stabilno\u015b\u0107 d\u0142oni nawet podczas niekorzystnych warunk\u00f3w pogodowych. Dopasowana do Twojej d\u0142oni Smycz Flexi to [&hellip;]<\/p>\n","protected":false},"featured_media":2504,"comment_status":"closed","ping_status":"open","template":"","meta":[],"product_cat":[909,910],"product_tag":[844,689,738],"class_list":["post-2503","product","type-product","status-publish","has-post-thumbnail","hentry","product_cat-flexi","product_cat-smycze-dla-psow","product_tag-co-kupic-na-roczek","product_tag-linda","product_tag-wroclaw-dla-dzieci"],"_links":{"self":[{"href":"http:\/\/klubmamgdynia.pl\/index.php\/wp-json\/wp\/v2\/product\/2503","targetHints":{"allow":["GET"]}}],"collection":[{"href":"http:\/\/klubmamgdynia.pl\/index.php\/wp-json\/wp\/v2\/product"}],"about":[{"href":"http:\/\/klubmamgdynia.pl\/index.php\/wp-json\/wp\/v2\/types\/product"}],"replies":[{"embeddable":true,"href":"http:\/\/klubmamgdynia.pl\/index.php\/wp-json\/wp\/v2\/comments?post=2503"}],"wp:featuredmedia":[{"embeddable":true,"href":"http:\/\/klubmamgdynia.pl\/index.php\/wp-json\/wp\/v2\/media\/2504"}],"wp:attachment":[{"href":"http:\/\/klubmamgdynia.pl\/index.php\/wp-json\/wp\/v2\/media?parent=2503"}],"wp:term":[{"taxonomy":"product_cat","embeddable":true,"href":"http:\/\/klubmamgdynia.pl\/index.php\/wp-json\/wp\/v2\/product_cat?post=2503"},{"taxonomy":"product_tag","embeddable":true,"href":"http:\/\/klubmamgdynia.pl\/index.php\/wp-json\/wp\/v2\/product_tag?post=2503"}],"curies":[{"name":"wp","href":"https:\/\/api.w.org\/{rel}","templated":true}]}}