{"id":2505,"date":"2011-11-07T01:51:24","date_gmt":"2011-11-07T00:51:24","guid":{"rendered":"http:\/\/klubmamgdynia.pl\/index.php\/produkt\/meteor-tlok-yamaha-scooter-malossi-4780-pc1426080\/"},"modified":"2026-05-17T22:05:44","modified_gmt":"2026-05-17T20:05:44","slug":"meteor-tlok-yamaha-scooter-malossi-4780-pc1426080","status":"publish","type":"product","link":"http:\/\/klubmamgdynia.pl\/index.php\/produkt\/meteor-tlok-yamaha-scooter-malossi-4780-pc1426080\/","title":{"rendered":"Meteor T\u0142ok Yamaha Scooter Malossi 47,80 Pc1426080"},"content":{"rendered":"<p>T\u0141OK METEOR YAMAHA SCOOTER MALOSSI (47,80) PC1426080T\u0142ok kompletny YAMAHA SCOOTER MALOSSI (47,80) PC1426080 Meteor<\/p>\n<h2>Meteor T\u0142ok Yamaha Scooter Malossi 47,80 Pc1426080 Meteor<\/h2>\n<p>atrakcje dla dzieci w warszawie dzi\u015b, co mo\u017cna zrobi\u0107 z rolek po papierze toaletowym, miasto dzieci krak\u00f3w, plac zabaw pozna\u0144, kr\u00f3tkie bajki do czytania na dobranoc, zagadka logiczna, \u015bwi\u0105teczne filmy familijne, cytaty o przyja\u017ani, bajka na dobranoc, upominek dla nastolatk\u00f3w, eneduerabe, cytaty o rodzinie i dzieciach, estera, kolorowe listki tekst, trudne zadania matematyczne, mia, kr\u00f3tkie zagadki matematyczne z odpowiedziami<\/p>\n<p>yyyyy<\/p>\n<p>&nbsp;<\/p>\n","protected":false},"excerpt":{"rendered":"<p>T\u0141OK METEOR YAMAHA SCOOTER MALOSSI (47,80) PC1426080T\u0142ok kompletny YAMAHA SCOOTER MALOSSI (47,80) PC1426080 Meteor Meteor T\u0142ok Yamaha Scooter Malossi 47,80 Pc1426080 Meteor atrakcje dla dzieci w warszawie dzi\u015b, co mo\u017cna zrobi\u0107 z rolek po papierze toaletowym, miasto dzieci krak\u00f3w, plac zabaw pozna\u0144, kr\u00f3tkie bajki do czytania na dobranoc, zagadka logiczna, \u015bwi\u0105teczne filmy familijne, cytaty o [&hellip;]<\/p>\n","protected":false},"featured_media":2506,"comment_status":"closed","ping_status":"open","template":"","meta":[],"product_cat":[911,320],"product_tag":[598,865,744,705,653],"class_list":["post-2505","product","type-product","status-publish","has-post-thumbnail","hentry","product_cat-czesci-motocyklowe","product_cat-meteor","product_tag-co-na-roczek-dla-dziewczynki","product_tag-cytaty-o-dzieciach","product_tag-kolorowanki-swiateczne-do-wydruku","product_tag-prezent-na-roczek-dla-chlopca","product_tag-warszawa-dla-dzieci"],"_links":{"self":[{"href":"http:\/\/klubmamgdynia.pl\/index.php\/wp-json\/wp\/v2\/product\/2505","targetHints":{"allow":["GET"]}}],"collection":[{"href":"http:\/\/klubmamgdynia.pl\/index.php\/wp-json\/wp\/v2\/product"}],"about":[{"href":"http:\/\/klubmamgdynia.pl\/index.php\/wp-json\/wp\/v2\/types\/product"}],"replies":[{"embeddable":true,"href":"http:\/\/klubmamgdynia.pl\/index.php\/wp-json\/wp\/v2\/comments?post=2505"}],"wp:featuredmedia":[{"embeddable":true,"href":"http:\/\/klubmamgdynia.pl\/index.php\/wp-json\/wp\/v2\/media\/2506"}],"wp:attachment":[{"href":"http:\/\/klubmamgdynia.pl\/index.php\/wp-json\/wp\/v2\/media?parent=2505"}],"wp:term":[{"taxonomy":"product_cat","embeddable":true,"href":"http:\/\/klubmamgdynia.pl\/index.php\/wp-json\/wp\/v2\/product_cat?post=2505"},{"taxonomy":"product_tag","embeddable":true,"href":"http:\/\/klubmamgdynia.pl\/index.php\/wp-json\/wp\/v2\/product_tag?post=2505"}],"curies":[{"name":"wp","href":"https:\/\/api.w.org\/{rel}","templated":true}]}}