{"id":2507,"date":"2025-03-14T09:36:37","date_gmt":"2025-03-14T08:36:37","guid":{"rendered":"http:\/\/klubmamgdynia.pl\/?post_type=product&#038;p=2507"},"modified":"2026-05-02T12:40:31","modified_gmt":"2026-05-02T10:40:31","slug":"jazwares-pokemon-figurka-sirfetchd-6-cm","status":"publish","type":"product","link":"http:\/\/klubmamgdynia.pl\/index.php\/produkt\/jazwares-pokemon-figurka-sirfetchd-6-cm\/","title":{"rendered":"Jazwares Pokemon figurka Sirfetch&#8217;d 6 cm"},"content":{"rendered":"<p>ORYGINALA MINIFIGURKA POKEMON &#8211; BATTLE FEATURE FIGURESIRFETCHDStan produktu \/ fabrycznie nowySpecyfikacja:Wysoko\u015b\u0107 figurki: ok. 12 cm (wraz z broni\u0105)Posiada ruchome punkty artykulacjiMateria\u0142: plastikProducent: firma JazwaresProdukt na Oficjalnej Licencji Pokemon.<\/p>\n<h2>Jazwares Pokemon figurka Sirfetchd 6 cm Jazwares<\/h2>\n<p>cytaty dla nauczycieli, roczek prezent, \u0142amig\u0142\u00f3wki s\u0142owne, prezenty dla nastolatka, test dynastia mizio\u0142k\u00f3w, karolcia test z lektury, kornelia, zagadki dla m\u0142odzie\u017cy, pomys\u0142y na dzie\u0144 dziecka dla nastolatk\u00f3w, zygzak mcqueen kolorowanka, miriam imi\u0119, linda, znaczenie imienia pola, co kupi\u0107 dziecku na roczek, zabawy z 7 latkiem, kolorowanka piesek, \u015bmieszne zagadki dla dzieci 10 lat, jacek, rodzina cytaty, bajki terapeutyczne o emocjach pdf, kolorowanka ze zdj\u0119cia<\/p>\n<p>yyyyy<\/p>\n<p>&nbsp;<\/p>\n","protected":false},"excerpt":{"rendered":"<p>ORYGINALA MINIFIGURKA POKEMON &#8211; BATTLE FEATURE FIGURESIRFETCHDStan produktu \/ fabrycznie nowySpecyfikacja:Wysoko\u015b\u0107 figurki: ok. 12 cm (wraz z broni\u0105)Posiada ruchome punkty artykulacjiMateria\u0142: plastikProducent: firma JazwaresProdukt na Oficjalnej Licencji Pokemon. Jazwares Pokemon figurka Sirfetchd 6 cm Jazwares cytaty dla nauczycieli, roczek prezent, \u0142amig\u0142\u00f3wki s\u0142owne, prezenty dla nastolatka, test dynastia mizio\u0142k\u00f3w, karolcia test z lektury, kornelia, zagadki dla [&hellip;]<\/p>\n","protected":false},"featured_media":2508,"comment_status":"closed","ping_status":"open","template":"","meta":[],"product_cat":[95,912],"product_tag":[658,766,867,778],"class_list":["post-2507","product","type-product","status-publish","has-post-thumbnail","hentry","product_cat-figurki-makiety-i-zestawy","product_cat-jazwares","product_tag-alan-znaczenie-imienia","product_tag-kira","product_tag-kolorowanki-dla-dziewczynek","product_tag-zabawki-na-roczek-dla-chlopca"],"_links":{"self":[{"href":"http:\/\/klubmamgdynia.pl\/index.php\/wp-json\/wp\/v2\/product\/2507","targetHints":{"allow":["GET"]}}],"collection":[{"href":"http:\/\/klubmamgdynia.pl\/index.php\/wp-json\/wp\/v2\/product"}],"about":[{"href":"http:\/\/klubmamgdynia.pl\/index.php\/wp-json\/wp\/v2\/types\/product"}],"replies":[{"embeddable":true,"href":"http:\/\/klubmamgdynia.pl\/index.php\/wp-json\/wp\/v2\/comments?post=2507"}],"wp:featuredmedia":[{"embeddable":true,"href":"http:\/\/klubmamgdynia.pl\/index.php\/wp-json\/wp\/v2\/media\/2508"}],"wp:attachment":[{"href":"http:\/\/klubmamgdynia.pl\/index.php\/wp-json\/wp\/v2\/media?parent=2507"}],"wp:term":[{"taxonomy":"product_cat","embeddable":true,"href":"http:\/\/klubmamgdynia.pl\/index.php\/wp-json\/wp\/v2\/product_cat?post=2507"},{"taxonomy":"product_tag","embeddable":true,"href":"http:\/\/klubmamgdynia.pl\/index.php\/wp-json\/wp\/v2\/product_tag?post=2507"}],"curies":[{"name":"wp","href":"https:\/\/api.w.org\/{rel}","templated":true}]}}