{"id":2509,"date":"2021-11-18T08:03:28","date_gmt":"2021-11-18T07:03:28","guid":{"rendered":"http:\/\/klubmamgdynia.pl\/index.php\/produkt\/torque-ht701-215-65r16-98h\/"},"modified":"2026-04-06T02:46:19","modified_gmt":"2026-04-06T00:46:19","slug":"torque-ht701-215-65r16-98h","status":"publish","type":"product","link":"http:\/\/klubmamgdynia.pl\/index.php\/produkt\/torque-ht701-215-65r16-98h\/","title":{"rendered":"Torque HT701 215\/65R16 98H"},"content":{"rendered":"<p>Opona letnia Torque HT701 215\/65 R16 98 H 200T6002Nazwa modelu: HT701Indeks pr\u0119dko\u015bci: HIndeks no\u015bno\u015bci: 98Szeroko\u015b\u0107 (mm): 215Profil: 65\u015arednica (w calach): 16Op\u00f3r toczenia: EPoziom ha\u0142asu (dB): 71Hamowanie na mokrej nawierzchni: CSezon: LetnieRodzaj pojazdu: SUV\/4x4Rocznik: Opony nowe, pe\u0142nowarto\u015bciowe<\/p>\n<h2>Torque HT701 215\/65R16 98H Mirage<\/h2>\n<p>atrakcje dla dzieci w warszawie dzi\u015b, quiz o flagach, sta\u0142a pod \u015bniegiem, zagadki o zimie, prima aprilis zarty, gry i zabawy dla dzieci, karty pracy obrazki do wyklejania plastelin\u0105, wzruszaj\u0105ce s\u0142owa dla przyjaci\u00f3\u0142ki, bajki halloween, imiona z bajek, aaa kotki dwa tekst, nauczyciel cytaty, ja\u015bmina imi\u0119, quiz o psie kt\u00f3ry je\u017adzi\u0142 kolej\u0105, film animowany o \u015bwi\u0119tach, \u0142amig\u0142\u00f3wki dla dzieci do wydruku, bal halloween dla dzieci 2021, test szatan z si\u00f3dmej klasy, zagadki dla dzieci 6 lat, kolorowanka dla dzieci<\/p>\n<p>yyyyy<\/p>\n<p>&nbsp;<\/p>\n","protected":false},"excerpt":{"rendered":"<p>Opona letnia Torque HT701 215\/65 R16 98 H 200T6002Nazwa modelu: HT701Indeks pr\u0119dko\u015bci: HIndeks no\u015bno\u015bci: 98Szeroko\u015b\u0107 (mm): 215Profil: 65\u015arednica (w calach): 16Op\u00f3r toczenia: EPoziom ha\u0142asu (dB): 71Hamowanie na mokrej nawierzchni: CSezon: LetnieRodzaj pojazdu: SUV\/4x4Rocznik: Opony nowe, pe\u0142nowarto\u015bciowe Torque HT701 215\/65R16 98H Mirage atrakcje dla dzieci w warszawie dzi\u015b, quiz o flagach, sta\u0142a pod \u015bniegiem, zagadki o [&hellip;]<\/p>\n","protected":false},"featured_media":2510,"comment_status":"closed","ping_status":"open","template":"","meta":[],"product_cat":[547,548],"product_tag":[618,866,659],"class_list":["post-2509","product","type-product","status-publish","has-post-thumbnail","hentry","product_cat-mirage","product_cat-opony-letnie","product_tag-lato-lato-lato-czeka-tekst","product_tag-opis-do-zdjecia-dziecka-na-fb","product_tag-tupu-tup-po-sniegu-tekst"],"_links":{"self":[{"href":"http:\/\/klubmamgdynia.pl\/index.php\/wp-json\/wp\/v2\/product\/2509","targetHints":{"allow":["GET"]}}],"collection":[{"href":"http:\/\/klubmamgdynia.pl\/index.php\/wp-json\/wp\/v2\/product"}],"about":[{"href":"http:\/\/klubmamgdynia.pl\/index.php\/wp-json\/wp\/v2\/types\/product"}],"replies":[{"embeddable":true,"href":"http:\/\/klubmamgdynia.pl\/index.php\/wp-json\/wp\/v2\/comments?post=2509"}],"wp:featuredmedia":[{"embeddable":true,"href":"http:\/\/klubmamgdynia.pl\/index.php\/wp-json\/wp\/v2\/media\/2510"}],"wp:attachment":[{"href":"http:\/\/klubmamgdynia.pl\/index.php\/wp-json\/wp\/v2\/media?parent=2509"}],"wp:term":[{"taxonomy":"product_cat","embeddable":true,"href":"http:\/\/klubmamgdynia.pl\/index.php\/wp-json\/wp\/v2\/product_cat?post=2509"},{"taxonomy":"product_tag","embeddable":true,"href":"http:\/\/klubmamgdynia.pl\/index.php\/wp-json\/wp\/v2\/product_tag?post=2509"}],"curies":[{"name":"wp","href":"https:\/\/api.w.org\/{rel}","templated":true}]}}