{"id":251,"date":"2020-06-29T03:38:28","date_gmt":"2020-06-29T01:38:28","guid":{"rendered":"http:\/\/klubmamgdynia.pl\/index.php\/produkt\/playmates-ben-10-zegarek-interaktywny-omnitrix-76953\/"},"modified":"2026-04-26T20:54:37","modified_gmt":"2026-04-26T18:54:37","slug":"playmates-ben-10-zegarek-interaktywny-omnitrix-76953","status":"publish","type":"product","link":"http:\/\/klubmamgdynia.pl\/index.php\/produkt\/playmates-ben-10-zegarek-interaktywny-omnitrix-76953\/","title":{"rendered":"Playmates Ben 10 Zegarek Interaktywny Omnitrix 76953"},"content":{"rendered":"<p>BEN 10 &#8211; Zegarek interaktywny &#8211; OMNITRIX &#8211; \u015bwiat\u0142o + d\u017awi\u0119k &#8211; wersja angloj\u0119zyczna &#8211; 76953 Ben 10 to s\u0142ynny, ameryka\u0144ski serial animowany, kt\u00f3ry rozpocz\u0105\u0142 emisj\u0119 od 2005 roku na kanale Cartoon Network. Opowiada o przygodach 10-letniego Bena Tennysona, kt\u00f3ry znajduje do\u015b\u0107 dziwny przyrz\u0105d. Omnitrix! Wygl\u0105dem przypomina zegarek, jednak zaskoczy Ci\u0119 swoj\u0105 wielofunkcyjno\u015bci\u0105&#8230; Ben przekszta\u0142ca si\u0119 w kosmit\u0119 i w ten spos\u00f3b walczy z wszechobecnym z\u0142em! Zbierz ca\u0142\u0105 kolekcj\u0119 figurek!Tym razem mo\u017cesz wyposa\u017cy\u0107 si\u0119 w swojego w\u0142asnego Omintrixa! Jest to interaktywny &#8222;zegarek&#8221;, atrybut Bena z serialu animowanego. Przyrz\u0105d zak\u0142adamy na nadgarstek, a nast\u0119pnie rozpoczynamy odkrywanie jego ciekawych funkcji! Kiedy obr\u00f3cisz &#8222;tarcz\u0119&#8221; zegarka w niewielkim okienku pojawi si\u0119 posta\u0107 kosmity. W\u00f3wczas naci\u015bnij &#8222;tarcz\u0119&#8221; i pos\u0142uchaj, jakie Tw\u00f3j omnitrix wydaje d\u017awi\u0119ki! To ponad 40 r\u00f3\u017cnych d\u017awi\u0119k\u00f3w. Wszystkie d\u017awi\u0119ki wydawane przez zegarek wyst\u0119puj\u0105 w wersji angloj\u0119zycznej.Zestaw zawiera:- interaktywny &#8211; 1 szt.- akcesoria tematyczne. Wiek dziecka: 4+Producent: PlaymatesNr katalogowy: 76953Wymagane baterie: 3 x LR44 (w zestawie baterie testowe)Wymiary opakowania: 23 cm x 19 cm x 6,5 cm<\/p>\n<h2>Playmates Ben 10 Zegarek Interaktywny Omnitrix 76953 Playmates<\/h2>\n<p>pisanie literek do druku, wielkanocne zagadki dla dzieci, prima aprilis pomys\u0142y, aniela znaczenie imienia, zadania dla dzieci z ukrainy, domki nad morzem z atrakcjami dla dzieci<\/p>\n<p>yyyyy<\/p>\n<p>&nbsp;<\/p>\n","protected":false},"excerpt":{"rendered":"<p>BEN 10 &#8211; Zegarek interaktywny &#8211; OMNITRIX &#8211; \u015bwiat\u0142o + d\u017awi\u0119k &#8211; wersja angloj\u0119zyczna &#8211; 76953 Ben 10 to s\u0142ynny, ameryka\u0144ski serial animowany, kt\u00f3ry rozpocz\u0105\u0142 emisj\u0119 od 2005 roku na kanale Cartoon Network. Opowiada o przygodach 10-letniego Bena Tennysona, kt\u00f3ry znajduje do\u015b\u0107 dziwny przyrz\u0105d. Omnitrix! Wygl\u0105dem przypomina zegarek, jednak zaskoczy Ci\u0119 swoj\u0105 wielofunkcyjno\u015bci\u0105&#8230; Ben przekszta\u0142ca [&hellip;]<\/p>\n","protected":false},"featured_media":252,"comment_status":"closed","ping_status":"open","template":"","meta":[],"product_cat":[115,39],"product_tag":[817,585,703,769],"class_list":["post-251","product","type-product","status-publish","has-post-thumbnail","hentry","product_cat-playmates","product_cat-zabawki-interaktywne","product_tag-bajka-terapeutyczna-o-emocjach","product_tag-kolorowanki-dla-chlopcow","product_tag-prezent-dla-nastolatki","product_tag-psi-patrol-do-czytania"],"_links":{"self":[{"href":"http:\/\/klubmamgdynia.pl\/index.php\/wp-json\/wp\/v2\/product\/251","targetHints":{"allow":["GET"]}}],"collection":[{"href":"http:\/\/klubmamgdynia.pl\/index.php\/wp-json\/wp\/v2\/product"}],"about":[{"href":"http:\/\/klubmamgdynia.pl\/index.php\/wp-json\/wp\/v2\/types\/product"}],"replies":[{"embeddable":true,"href":"http:\/\/klubmamgdynia.pl\/index.php\/wp-json\/wp\/v2\/comments?post=251"}],"wp:featuredmedia":[{"embeddable":true,"href":"http:\/\/klubmamgdynia.pl\/index.php\/wp-json\/wp\/v2\/media\/252"}],"wp:attachment":[{"href":"http:\/\/klubmamgdynia.pl\/index.php\/wp-json\/wp\/v2\/media?parent=251"}],"wp:term":[{"taxonomy":"product_cat","embeddable":true,"href":"http:\/\/klubmamgdynia.pl\/index.php\/wp-json\/wp\/v2\/product_cat?post=251"},{"taxonomy":"product_tag","embeddable":true,"href":"http:\/\/klubmamgdynia.pl\/index.php\/wp-json\/wp\/v2\/product_tag?post=251"}],"curies":[{"name":"wp","href":"https:\/\/api.w.org\/{rel}","templated":true}]}}