{"id":2513,"date":"2013-06-20T17:11:30","date_gmt":"2013-06-20T15:11:30","guid":{"rendered":"http:\/\/klubmamgdynia.pl\/index.php\/produkt\/kurtka-brandit-m65-giant-olive\/"},"modified":"2026-04-19T03:25:34","modified_gmt":"2026-04-19T01:25:34","slug":"kurtka-brandit-m65-giant-olive","status":"publish","type":"product","link":"http:\/\/klubmamgdynia.pl\/index.php\/produkt\/kurtka-brandit-m65-giant-olive\/","title":{"rendered":"Kurtka Brandit M65 Giant Olive"},"content":{"rendered":"<p>Ciep\u0142a, ca\u0142oroczna kurtka wzorowana na legendarnej M-65,<br \/>\n w kolorze oliwkowym. Kurtka posiada chowany w w st\u00f3jce kaptur, 4<br \/>\nkieszenie (po dwie na piersiach i na pasie) oraz pagony na ramionach.<br \/>\nMateria\u0142 z kt\u00f3rego wykonano kurtk\u0119 poddano procesowi dekatyzacji, dzi\u0119ki czemu uzyskano efekt sprania w stylu vintage.<br \/>\nKurtka jest dok\u0142adnym odwzorowaniem kroju M65 u\u017cywanego przez<br \/>\nameryka\u0144sk\u0105 armi\u0119 od czasu wojny w Wietnamie. Kurtka M65 to prawdziwa<br \/>\nlegenda &#8211; praktyczna, wygodna, pojemna, mocna. Posiada<br \/>\nrzesz\u0119 mi\u0142o\u015bnik\u00f3w- u\u017cytkownik\u00f3w na ca\u0142ym \u015bwiecie. Z ciekawostek mo\u017cna<br \/>\npowiedzie\u0107, \u017ce wielokrotnie by\u0142a wykorzystywana w filmach, a nosi\u0142y j\u0105 postaci kreowane przez takich aktor\u00f3w jak Sylwester Stallone w Rambo czy Robert De Niro w Przyl\u0105dku Strachu.<br \/>\nWykonana z bawe\u0142ny kurtka od wewn\u0119trznej strony posiada cienk\u0105<br \/>\npodszewk\u0119 oraz zamek b\u0142yskawiczny, do kt\u00f3rego szybko i sprawnie mo\u017cna<br \/>\nprzypi\u0105\u0107 dodan\u0105 w komplecie ciep\u0142\u0105 podpink\u0119 wykonan\u0105 i<br \/>\nwype\u0142nion\u0105 syntetyczna tkanin\u0105. Dla wygody u\u017cytkownika, podpinka jest<br \/>\ndodatkowo stabilizowana guzikami wszytymi na wysoko\u015bci karku oraz w<br \/>\nr\u0119kawach. Od wewn\u0119trznej strony wykonana zosta\u0142a w technologii frotte zwi\u0119kszaj\u0105cym komfort noszenia oraz poprawiaj\u0105cym w\u0142a\u015bciwo\u015bci termoizolacyjne. Dzi\u0119ki podpince kurtka nadaje si\u0119 do noszenia o ka\u017cdej porze roku.<br \/>\nDodatkowym zabezpieczeniem przed zimnem s\u0105 mankiety regulowane rzepem (velcro) oraz \u015bci\u0105gacze w pasie biodrowym i u do\u0142u kurtki.<br \/>\nModel M65 zamykany jest suwakiem, kt\u00f3ry mo\u017cna dodatkowo zas\u0142oni\u0107 listw\u0105 zapinan\u0105<br \/>\n na zatrzaski, co zapewni lepsze utrzymanie temperatury pod kurtk\u0105 i<br \/>\nchroni przed przenikaniem silnego wiatru przez zamek b\u0142yskawiczny.<br \/>\nListwa zapobiega r\u00f3wnie\u017c blokowaniu si\u0119 zamka spowodowanego gromadzeniem<br \/>\n si\u0119 brudu, kurzu, piachu i li\u015bci, a nawet zamarzaniu na nim wody czy<br \/>\nzbrylaniu si\u0119 \u015bniegu. Kurtka posiada r\u00f3wnie\u017c st\u00f3jk\u0119 chroni\u0105c\u0105 przed wiatrem, w kt\u00f3rej pod zamkiem b\u0142yskawicznym schowany zosta\u0142 kaptur.                            <\/p>\n<p>Dane techniczne:<br \/>\nModel: M65<br \/>\nKolor: oliwkowy<br \/>\nMateria\u0142y:<br \/>\n&#8211; kurtka 100% bawe\u0142na<br \/>\n&#8211; podpinka 100% poliester<br \/>\nProducent: Brandit, Niemcy                            <\/p>\n<p>            Tabela rozmiar\u00f3w:<\/p>\n<h2>Kurtka Brandit M65 Giant Olive Brandit<\/h2>\n<p>zagadki dla dzieci 6-7 lat online, kolorowanki pokemon, atrakcje dla dzieci wielkopolska, zagadki dla dzieci 7 lat, zadania logiczne, quiz o psie kt\u00f3ry je\u017adzi\u0142 kolej\u0105, zagadki logiczne trudne, czasdzieci krak\u00f3w, iwo imi\u0119, plac zamkowy, ci\u0119\u017ckie zagadki, pola znaczenie imienia, dzieci z bullerbyn quiz, pytania do lektury asiunia<\/p>\n<p>yyyyy<\/p>\n<p>&nbsp;<\/p>\n","protected":false},"excerpt":{"rendered":"<p>Ciep\u0142a, ca\u0142oroczna kurtka wzorowana na legendarnej M-65, w kolorze oliwkowym. Kurtka posiada chowany w w st\u00f3jce kaptur, 4 kieszenie (po dwie na piersiach i na pasie) oraz pagony na ramionach. Materia\u0142 z kt\u00f3rego wykonano kurtk\u0119 poddano procesowi dekatyzacji, dzi\u0119ki czemu uzyskano efekt sprania w stylu vintage. Kurtka jest dok\u0142adnym odwzorowaniem kroju M65 u\u017cywanego przez ameryka\u0144sk\u0105 [&hellip;]<\/p>\n","protected":false},"featured_media":2514,"comment_status":"closed","ping_status":"open","template":"","meta":[],"product_cat":[914,915],"product_tag":[753,692,679],"class_list":["post-2513","product","type-product","status-publish","has-post-thumbnail","hentry","product_cat-brandit","product_cat-odziez-i-obuwie-taktyczne","product_tag-kamila","product_tag-prezenty-na-roczek","product_tag-zabawki-na-roczek-dla-dziewczynki"],"_links":{"self":[{"href":"http:\/\/klubmamgdynia.pl\/index.php\/wp-json\/wp\/v2\/product\/2513","targetHints":{"allow":["GET"]}}],"collection":[{"href":"http:\/\/klubmamgdynia.pl\/index.php\/wp-json\/wp\/v2\/product"}],"about":[{"href":"http:\/\/klubmamgdynia.pl\/index.php\/wp-json\/wp\/v2\/types\/product"}],"replies":[{"embeddable":true,"href":"http:\/\/klubmamgdynia.pl\/index.php\/wp-json\/wp\/v2\/comments?post=2513"}],"wp:featuredmedia":[{"embeddable":true,"href":"http:\/\/klubmamgdynia.pl\/index.php\/wp-json\/wp\/v2\/media\/2514"}],"wp:attachment":[{"href":"http:\/\/klubmamgdynia.pl\/index.php\/wp-json\/wp\/v2\/media?parent=2513"}],"wp:term":[{"taxonomy":"product_cat","embeddable":true,"href":"http:\/\/klubmamgdynia.pl\/index.php\/wp-json\/wp\/v2\/product_cat?post=2513"},{"taxonomy":"product_tag","embeddable":true,"href":"http:\/\/klubmamgdynia.pl\/index.php\/wp-json\/wp\/v2\/product_tag?post=2513"}],"curies":[{"name":"wp","href":"https:\/\/api.w.org\/{rel}","templated":true}]}}