{"id":2515,"date":"2016-05-08T05:57:04","date_gmt":"2016-05-08T03:57:04","guid":{"rendered":"http:\/\/klubmamgdynia.pl\/index.php\/produkt\/daiwa-wedka-ninja-x-feeder-390cm-do-220g-11607395\/"},"modified":"2026-04-05T23:47:12","modified_gmt":"2026-04-05T21:47:12","slug":"daiwa-wedka-ninja-x-feeder-390cm-do-220g-11607395","status":"publish","type":"product","link":"http:\/\/klubmamgdynia.pl\/index.php\/produkt\/daiwa-wedka-ninja-x-feeder-390cm-do-220g-11607395\/","title":{"rendered":"DAIWA W\u0118DKA NINJA X FEEDER 390CM \/ DO 220G (11607395)"},"content":{"rendered":"<p>W\u0119dka Daiwa Ninja X Feeder 3.90m -220gW\u0119dka Ninja X Feeder marki DAIWAFeedery Ninja X to seria wysokiej jako\u015bci w\u0119dzisk w znakomitej relacji ceny do jako\u015bci. Zbudowane na cienkim i lekkim w\u0119glowym blanku, cechuj\u0105 si\u0119 dobrym wywa\u017ceniem i znaczn\u0105 moc\u0105 daj\u0105c\u0105 du\u017c\u0105 swobod\u0119 dzia\u0142ania w trakcie holu. Modele Heavy i Extra Heavy posiadaj\u0105 du\u017ce przelotki na drgaj\u0105cych szczyt\u00f3wkach &#8211; nadaj\u0105ce si\u0119 do stosowania przypon\u00f3w strza\u0142owych. Wyposa\u017cone w dwu- i jednostopkowe przelotki Titanium-Oxyd, dwie szczyt\u00f3wki w\u0119glowe i jedn\u0105 szklan\u0105, korkow\u0105 r\u0119koje\u015b\u0107 oraz wysokiej klasy futera\u0142 transportowy.Dane techniczne:- HMC+ blank z w\u0142\u00f3kna w\u0119glowego- korkowa r\u0119koje\u015b\u0107,- przelotki Titanum Oxide- futera\u0142 transportowyNumer katalogowy: 11607-395D\u0142ugo\u015b\u0107: 390 cmCi\u0119\u017car rzutowy: 0-220gD\u0142ugo\u015b\u0107 transportowa: 136 cmLiczba element\u00f3w: 3+3Waga: 290gSymbol produktu: WDAIWA-11607-395<\/p>\n<h2>DAIWA W\u0118DKA NINJA X FEEDER 390CM \/ DO 220G (11607395) Daiwa<\/h2>\n<p>bombki do kolorowania, na roczek dla dziewczynki, kolorowanki do wydruku, bajki terapeutyczne o emocjach pdf, zagadki na inteligencj\u0119, gry dla m\u0142odzie\u017cy, prima aprilis w szkole, najpi\u0119kniejsze cytaty o przyja\u017ani, prezent dla 1 latka, quiz o psie kt\u00f3ry je\u017adzi\u0142 kolej\u0105, zagadki dla dzieci 10-12 lat trudne, kartki na dobranoc dla przyjaci\u00f3\u0142, bajki dla dziewczynek, atrakcje dla nastolatk\u00f3w warszawa, kwiaty polne nazwy i zdj\u0119cia<\/p>\n<p>yyyyy<\/p>\n<p>&nbsp;<\/p>\n","protected":false},"excerpt":{"rendered":"<p>W\u0119dka Daiwa Ninja X Feeder 3.90m -220gW\u0119dka Ninja X Feeder marki DAIWAFeedery Ninja X to seria wysokiej jako\u015bci w\u0119dzisk w znakomitej relacji ceny do jako\u015bci. Zbudowane na cienkim i lekkim w\u0119glowym blanku, cechuj\u0105 si\u0119 dobrym wywa\u017ceniem i znaczn\u0105 moc\u0105 daj\u0105c\u0105 du\u017c\u0105 swobod\u0119 dzia\u0142ania w trakcie holu. Modele Heavy i Extra Heavy posiadaj\u0105 du\u017ce przelotki na [&hellip;]<\/p>\n","protected":false},"featured_media":2516,"comment_status":"closed","ping_status":"open","template":"","meta":[],"product_cat":[916,917],"product_tag":[837,740,591],"class_list":["post-2515","product","type-product","status-publish","has-post-thumbnail","hentry","product_cat-daiwa","product_cat-wedki","product_tag-cicha-noc-po-angielsku","product_tag-fajne-prezenty-dla-nastolatkow","product_tag-quiz-o-minecraft"],"_links":{"self":[{"href":"http:\/\/klubmamgdynia.pl\/index.php\/wp-json\/wp\/v2\/product\/2515","targetHints":{"allow":["GET"]}}],"collection":[{"href":"http:\/\/klubmamgdynia.pl\/index.php\/wp-json\/wp\/v2\/product"}],"about":[{"href":"http:\/\/klubmamgdynia.pl\/index.php\/wp-json\/wp\/v2\/types\/product"}],"replies":[{"embeddable":true,"href":"http:\/\/klubmamgdynia.pl\/index.php\/wp-json\/wp\/v2\/comments?post=2515"}],"wp:featuredmedia":[{"embeddable":true,"href":"http:\/\/klubmamgdynia.pl\/index.php\/wp-json\/wp\/v2\/media\/2516"}],"wp:attachment":[{"href":"http:\/\/klubmamgdynia.pl\/index.php\/wp-json\/wp\/v2\/media?parent=2515"}],"wp:term":[{"taxonomy":"product_cat","embeddable":true,"href":"http:\/\/klubmamgdynia.pl\/index.php\/wp-json\/wp\/v2\/product_cat?post=2515"},{"taxonomy":"product_tag","embeddable":true,"href":"http:\/\/klubmamgdynia.pl\/index.php\/wp-json\/wp\/v2\/product_tag?post=2515"}],"curies":[{"name":"wp","href":"https:\/\/api.w.org\/{rel}","templated":true}]}}