{"id":2517,"date":"2010-12-22T04:17:10","date_gmt":"2010-12-22T03:17:10","guid":{"rendered":"http:\/\/klubmamgdynia.pl\/index.php\/produkt\/magic-box-super-zings-things-seria-8-saszetka-z-figurka\/"},"modified":"2026-04-27T07:38:54","modified_gmt":"2026-04-27T05:38:54","slug":"magic-box-super-zings-things-seria-8-saszetka-z-figurka","status":"publish","type":"product","link":"http:\/\/klubmamgdynia.pl\/index.php\/produkt\/magic-box-super-zings-things-seria-8-saszetka-z-figurka\/","title":{"rendered":"Magic Box Super Zings Things Seria 8 Saszetka Z Figurka"},"content":{"rendered":"<p>SERIA SUPERTHINGS JEST KONTYNUACJ\u0104 KULTOWEJ SERII ZABAWEK SUPER ZINGS. JEST TO 8 SERIA &#8222;KAZOOM KIDS&#8221;, ZBIERZ PONAD 80 NOWYCH FIGUREK.Przyby\u0142y SuperThings Kazoom Kids! Do zebrania jest ponad 80 nowych postaci. Znajd\u017a srebrne i z\u0142ote figurki oraz niezwykle rzadki Neonblast, iskr\u0119 energii powsta\u0142\u0105 w wyniku nieudanego eksperymentu profesora K, biegn\u0105c\u0105 swobodnie przez Kaboom City, siej\u0105c spustoszenie i \u0142aduj\u0105c ka\u017cdy obiekt, kt\u00f3rego dotknie, energi\u0105 Kazoom. Kiedy zwykli ch\u0142opcy i dziewcz\u0119ta s\u0105 nara\u017ceni na te przedmioty\u2026 zamieniaj\u0105 si\u0119 w Kazoom Kids i maj\u0105 niesamowite moce! W mie\u015bcie jest 6 nowych kapitan\u00f3w: i s\u0105 to Kazoom Kids!Zestaw zawiera:1x saszetka= Figurka Super Things + 1x Lista Bohater\u00f3wPRODUKT FABRYCZNIE ZAPAKOWANYCechy:Znajd\u017a srebrne i z\u0142ote figurki oraz niezwykle rzadkiego neoblasta!Ponad 80 nowych SuperThings do zebrania!Zbuduj w\u0142asny superteam.producent &#8211; MagicBox Toysfigurki z najnowszej serii 8 SuperThings Kazoom Kidswysoko\u015b\u0107 figurek to oko\u0142o 3 cmProdukt jest nowy, oryginalny i pochodzi z oficjalnej dystrybucji.<\/p>\n<h2>Magic Box Super Zings Things Seria 8 Saszetka Z Figurka Magic Box<\/h2>\n<p>cytaty o macierzy\u0144stwie, mitologia test wiedzy, podzi\u0119kowania dla nauczyciela cytaty, najrzadsze imiona, zabawy tematyczne przyk\u0142ady, kolorowanki z bajek, litery kolorowanka, rzadkie imiona<\/p>\n<p>yyyyy<\/p>\n<p>&nbsp;<\/p>\n","protected":false},"excerpt":{"rendered":"<p>SERIA SUPERTHINGS JEST KONTYNUACJ\u0104 KULTOWEJ SERII ZABAWEK SUPER ZINGS. JEST TO 8 SERIA &#8222;KAZOOM KIDS&#8221;, ZBIERZ PONAD 80 NOWYCH FIGUREK.Przyby\u0142y SuperThings Kazoom Kids! Do zebrania jest ponad 80 nowych postaci. Znajd\u017a srebrne i z\u0142ote figurki oraz niezwykle rzadki Neonblast, iskr\u0119 energii powsta\u0142\u0105 w wyniku nieudanego eksperymentu profesora K, biegn\u0105c\u0105 swobodnie przez Kaboom City, siej\u0105c spustoszenie [&hellip;]<\/p>\n","protected":false},"featured_media":2518,"comment_status":"closed","ping_status":"open","template":"","meta":[],"product_cat":[95,510],"product_tag":[667,824,712],"class_list":["post-2517","product","type-product","status-publish","has-post-thumbnail","hentry","product_cat-figurki-makiety-i-zestawy","product_cat-magic-box","product_tag-kolorowanka-lol","product_tag-warszawa-atrakcje-dla-dzieci","product_tag-zagadki-o-zwierzetach"],"_links":{"self":[{"href":"http:\/\/klubmamgdynia.pl\/index.php\/wp-json\/wp\/v2\/product\/2517","targetHints":{"allow":["GET"]}}],"collection":[{"href":"http:\/\/klubmamgdynia.pl\/index.php\/wp-json\/wp\/v2\/product"}],"about":[{"href":"http:\/\/klubmamgdynia.pl\/index.php\/wp-json\/wp\/v2\/types\/product"}],"replies":[{"embeddable":true,"href":"http:\/\/klubmamgdynia.pl\/index.php\/wp-json\/wp\/v2\/comments?post=2517"}],"wp:featuredmedia":[{"embeddable":true,"href":"http:\/\/klubmamgdynia.pl\/index.php\/wp-json\/wp\/v2\/media\/2518"}],"wp:attachment":[{"href":"http:\/\/klubmamgdynia.pl\/index.php\/wp-json\/wp\/v2\/media?parent=2517"}],"wp:term":[{"taxonomy":"product_cat","embeddable":true,"href":"http:\/\/klubmamgdynia.pl\/index.php\/wp-json\/wp\/v2\/product_cat?post=2517"},{"taxonomy":"product_tag","embeddable":true,"href":"http:\/\/klubmamgdynia.pl\/index.php\/wp-json\/wp\/v2\/product_tag?post=2517"}],"curies":[{"name":"wp","href":"https:\/\/api.w.org\/{rel}","templated":true}]}}