{"id":2519,"date":"2014-03-04T19:41:25","date_gmt":"2014-03-04T18:41:25","guid":{"rendered":"http:\/\/klubmamgdynia.pl\/index.php\/produkt\/magic-box-mojipops-seria-1-figurka-w-saszetce\/"},"modified":"2026-04-30T17:20:41","modified_gmt":"2026-04-30T15:20:41","slug":"magic-box-mojipops-seria-1-figurka-w-saszetce","status":"publish","type":"product","link":"http:\/\/klubmamgdynia.pl\/index.php\/produkt\/magic-box-mojipops-seria-1-figurka-w-saszetce\/","title":{"rendered":"Magic Box MojiPops seria 1 figurka w saszetce"},"content":{"rendered":"<p>MOJI POPS S1 SASZETKA Z FIGURKA + LISTA MOJIPOPSMojiPops to wyj\u0105tkowe figurki kolekcjonerskie, kt\u00f3re uwielbiaj\u0105 wyra\u017ca\u0107 swoje emocje. Buzi\u0119 ka\u017cdej figurki mo\u017cna odwr\u00f3ci\u0107, by na drugiej stronie odkry\u0107 zupe\u0142nie inny wyraz twarzy. MojiPops s\u0105 wi\u0119c zakochane, rozbawione, smutne lub \u015bpi\u0105ce &#8211; ka\u017cda z twarzyczek odzwierciedla dwie emocje. Buzie mo\u017cna te\u017c wymienia\u0107 mi\u0119dzy figurkami.W kolekcji znajduje si\u0119 ponad 90 MojiPops w\u015br\u00f3d kt\u00f3rych mo\u017cna ebra\u0107 12 r\u00f3\u017cnych wyraz\u00f3w twarzy. W\u015br\u00f3d MojiPops znajduje si\u0119 6 ekskluzywnych, pokrytych brokatem postaci (Glitter).Szczelnie zamkni\u0119ta saszetka skrywa w sobie figurk\u0119 niespodziank\u0119 z 1 serii MojiPops. Seria ta sk\u0142ada si\u0119 z +90 unikatowych figurek . Dzieci mog\u0105 r\u00f3wnie\u017c wymienia\u0107 si\u0119 swoimi figurkami z r\u00f3wie\u015bnikami tworz\u0105c wymarzon\u0105 kolekcj\u0119 zabawek z serii Moji Pops.Dodatkowe Informacje:\u2022Ponad 90 nowych postaci do dodania do kolekcji.\u2022 12 nowych wyra\u017ce\u0144 do zebrania!\u2022 Wymiar saszetki: 0.5cm x 9cm x 10cmZESTAW ZAWIERA:1 x Figurka1 x Lista Moji Pops<\/p>\n<h2>Magic Box MojiPops seria 1 figurka w saszetce Magic Box<\/h2>\n<p>ja\u015bmina imie, bo\u017ce narodzenie quiz, uk\u0142ad s\u0142oneczny kolorowanka, opisy o rodzinie, r\u00f3\u017ca imie, zings kolorowanka, co kupi\u0107 nastolatkowi, podchwytliwe zagadki dla doros\u0142ych, mitologia grecka quiz, kolorowanki \u015bwi\u0105teczne do wydruku, przeczytaj mi wiersz, \u017carty prima aprilis, stare wierszyki dla dzieci, test z opowie\u015bci z narnii, kolorowanka wakacje, roczek dziewczynki, bajka o piesku do czytania, super zings do druku, bajki o ksi\u0119\u017cniczkach do czytania<\/p>\n<p>yyyyy<\/p>\n<p>&nbsp;<\/p>\n","protected":false},"excerpt":{"rendered":"<p>MOJI POPS S1 SASZETKA Z FIGURKA + LISTA MOJIPOPSMojiPops to wyj\u0105tkowe figurki kolekcjonerskie, kt\u00f3re uwielbiaj\u0105 wyra\u017ca\u0107 swoje emocje. Buzi\u0119 ka\u017cdej figurki mo\u017cna odwr\u00f3ci\u0107, by na drugiej stronie odkry\u0107 zupe\u0142nie inny wyraz twarzy. MojiPops s\u0105 wi\u0119c zakochane, rozbawione, smutne lub \u015bpi\u0105ce &#8211; ka\u017cda z twarzyczek odzwierciedla dwie emocje. Buzie mo\u017cna te\u017c wymienia\u0107 mi\u0119dzy figurkami.W kolekcji znajduje [&hellip;]<\/p>\n","protected":false},"featured_media":2520,"comment_status":"closed","ping_status":"open","template":"","meta":[],"product_cat":[95,510],"product_tag":[731,739,849],"class_list":["post-2519","product","type-product","status-publish","has-post-thumbnail","hentry","product_cat-figurki-makiety-i-zestawy","product_cat-magic-box","product_tag-maly-ksiaze-cytaty","product_tag-prima-aprilis-w-szkole","product_tag-zagadki-matematyczne-dla-dzieci"],"_links":{"self":[{"href":"http:\/\/klubmamgdynia.pl\/index.php\/wp-json\/wp\/v2\/product\/2519","targetHints":{"allow":["GET"]}}],"collection":[{"href":"http:\/\/klubmamgdynia.pl\/index.php\/wp-json\/wp\/v2\/product"}],"about":[{"href":"http:\/\/klubmamgdynia.pl\/index.php\/wp-json\/wp\/v2\/types\/product"}],"replies":[{"embeddable":true,"href":"http:\/\/klubmamgdynia.pl\/index.php\/wp-json\/wp\/v2\/comments?post=2519"}],"wp:featuredmedia":[{"embeddable":true,"href":"http:\/\/klubmamgdynia.pl\/index.php\/wp-json\/wp\/v2\/media\/2520"}],"wp:attachment":[{"href":"http:\/\/klubmamgdynia.pl\/index.php\/wp-json\/wp\/v2\/media?parent=2519"}],"wp:term":[{"taxonomy":"product_cat","embeddable":true,"href":"http:\/\/klubmamgdynia.pl\/index.php\/wp-json\/wp\/v2\/product_cat?post=2519"},{"taxonomy":"product_tag","embeddable":true,"href":"http:\/\/klubmamgdynia.pl\/index.php\/wp-json\/wp\/v2\/product_tag?post=2519"}],"curies":[{"name":"wp","href":"https:\/\/api.w.org\/{rel}","templated":true}]}}