{"id":2521,"date":"2018-06-20T15:38:48","date_gmt":"2018-06-20T13:38:48","guid":{"rendered":"http:\/\/klubmamgdynia.pl\/index.php\/produkt\/mirage-statek-sy-polonez-50081\/"},"modified":"2026-04-29T00:02:37","modified_gmt":"2026-04-28T22:02:37","slug":"mirage-statek-sy-polonez-50081","status":"publish","type":"product","link":"http:\/\/klubmamgdynia.pl\/index.php\/produkt\/mirage-statek-sy-polonez-50081\/","title":{"rendered":"Mirage Statek Sy Polonez (50081)"},"content":{"rendered":"<p>Model do sklejania wiernie odwzorowuj\u0105cy Polski jacht POLONEZ.Stocznia jachtowa im. Leonida Teligi w Szczecinie, podejmuj\u0105c si\u0119 zbudowania jachtu &#8222;Polonez&#8221;, zagwarantowa\u0142a bardzo kr\u00f3tki czas budowy (oko\u0142o 6 miesi\u0119cy). Tak kr\u00f3tki okres budowy jachtu dawa\u0142 polskiej ekipie dodatkowy czas na dobre przygotowanie jachtu i jachtowego kpt. \u017c.w. Krzysztofa Baranowskiego reprezentanta Polski do IV Transatlantic Singlehanded Race (Atlantyckich Regat Samotnik\u00f3w). Z uwagi na po\u015bpiech, postanowiono konstrukcj\u0119 &#8222;Poloneza&#8221; oprze\u0107 o dokumentacj\u0119 jachtu &#8222;Arcturus&#8221; o powierzchni \u017cagli 80 m2. Podczas prac projektowych opracowano ca\u0142kowicie now\u0105 cz\u0119\u015b\u0107 rufow\u0105 kad\u0142uba oraz gruntownie przeprojektowano osprz\u0119t i wn\u0119trze przystosowuj\u0105c jacht do wymog\u00f3w \u017ceglowania z jednoosobow\u0105 za\u0142og\u0105. Start w IV Regatach okaza\u0142 si\u0119 dla kpt. Krzysztofa Baranowskiego oraz &#8222;Poloneza&#8221; bardzo pomy\u015blny, gdy\u017c w grupie przesz\u0142o pi\u0119\u0107dziesi\u0119ciu uczestnik\u00f3w zaj\u0105\u0142 12 miejsce. Polonez zosta\u0142 przez znawc\u00f3w \u017ceglarstwa uznany za najbardziej elegancki jacht regat 1972 roku. Krzysztofowi Baranowskiemu nie wystarczy\u0142 udzia\u0142 w Regatach Samotnik\u00f3w i podj\u0105\u0142 decyzj\u0119 odbycia rejsu dooko\u0142a \u015bwiata po najtrudniejszej dla jacht\u00f3w trasie, to jest stref\u0105 czterdziestu stopni szeroko\u015bci geograficznej po\u0142udniowej &#8211; czyli stref\u0105 &#8222;rycz\u0105cych czterdziestek&#8221;. &#8222;Polonez&#8221; podczas tego rejsu op\u0142yn\u0105\u0142 przyl\u0105dki Dobrej Nadziei, Leeuwin na Tasmanii i Horn. Wyczyn ten postawi\u0142 kapitana Baranowskiego w rz\u0119dzie znanych samotnik\u00f3w. Bardzo dobry stan jachtu, kt\u00f3ry mogli\u015bmy ogl\u0105da\u0107 na Placu Defilad w Warszawie, by\u0142 dobrym \u015bwiadectwem dla jego konstruktor\u00f3w i budowniczych.Skala: 1:50Wiek: 14+Seria 8Skala 1:50Model plastikowyKalkomanieWakuformaSk\u0142ad zestawu:Plastikowy model do sklejaniaInstrukcja monta\u017cu &#8211; opisowa z rysunkami<\/p>\n<h2>Mirage Statek Sy Polonez (50081) Mirage<\/h2>\n<p>gda\u0144sk atrakcje dla m\u0142odzie\u017cy, bajki o ksi\u0119\u017cniczkach do czytania, glupie zagadki, plecak torba i walizka, ksi\u0105\u017cka dla dzieci online, wiersze o wio\u015bnie jana brzechwy, wiersz o g\u00f3rniku, dynie pozna\u0144, gry dla m\u0142odzie\u017cy, teksty ko\u0142ysanek, kolorowanka minecraft, bajka do czytania na dobranoc, szlaczki dla dzieci, dziecko cytaty, cytaty o nauczycielach, zadania dla dzieci z ukrainy<\/p>\n<p>yyyyy<\/p>\n<p>&nbsp;<\/p>\n","protected":false},"excerpt":{"rendered":"<p>Model do sklejania wiernie odwzorowuj\u0105cy Polski jacht POLONEZ.Stocznia jachtowa im. Leonida Teligi w Szczecinie, podejmuj\u0105c si\u0119 zbudowania jachtu &#8222;Polonez&#8221;, zagwarantowa\u0142a bardzo kr\u00f3tki czas budowy (oko\u0142o 6 miesi\u0119cy). Tak kr\u00f3tki okres budowy jachtu dawa\u0142 polskiej ekipie dodatkowy czas na dobre przygotowanie jachtu i jachtowego kpt. \u017c.w. Krzysztofa Baranowskiego reprezentanta Polski do IV Transatlantic Singlehanded Race (Atlantyckich [&hellip;]<\/p>\n","protected":false},"featured_media":2522,"comment_status":"closed","ping_status":"open","template":"","meta":[],"product_cat":[547,918],"product_tag":[596,798,771,782],"class_list":["post-2521","product","type-product","status-publish","has-post-thumbnail","hentry","product_cat-mirage","product_cat-modele-do-sklejania","product_tag-pomysly-na-prima-aprilis","product_tag-prezenty-dla-nastolatki","product_tag-stolice-europy-quiz","product_tag-zagadki-dla-dzieci-z-odpowiedziami"],"_links":{"self":[{"href":"http:\/\/klubmamgdynia.pl\/index.php\/wp-json\/wp\/v2\/product\/2521","targetHints":{"allow":["GET"]}}],"collection":[{"href":"http:\/\/klubmamgdynia.pl\/index.php\/wp-json\/wp\/v2\/product"}],"about":[{"href":"http:\/\/klubmamgdynia.pl\/index.php\/wp-json\/wp\/v2\/types\/product"}],"replies":[{"embeddable":true,"href":"http:\/\/klubmamgdynia.pl\/index.php\/wp-json\/wp\/v2\/comments?post=2521"}],"wp:featuredmedia":[{"embeddable":true,"href":"http:\/\/klubmamgdynia.pl\/index.php\/wp-json\/wp\/v2\/media\/2522"}],"wp:attachment":[{"href":"http:\/\/klubmamgdynia.pl\/index.php\/wp-json\/wp\/v2\/media?parent=2521"}],"wp:term":[{"taxonomy":"product_cat","embeddable":true,"href":"http:\/\/klubmamgdynia.pl\/index.php\/wp-json\/wp\/v2\/product_cat?post=2521"},{"taxonomy":"product_tag","embeddable":true,"href":"http:\/\/klubmamgdynia.pl\/index.php\/wp-json\/wp\/v2\/product_tag?post=2521"}],"curies":[{"name":"wp","href":"https:\/\/api.w.org\/{rel}","templated":true}]}}