{"id":2525,"date":"2022-12-12T21:35:10","date_gmt":"2022-12-12T20:35:10","guid":{"rendered":"http:\/\/klubmamgdynia.pl\/?post_type=product&#038;p=2525"},"modified":"2026-04-06T03:10:54","modified_gmt":"2026-04-06T01:10:54","slug":"fiat-126p-brelok-do-kluczy-prl-retro-maluch-5904158347930","status":"publish","type":"product","link":"http:\/\/klubmamgdynia.pl\/index.php\/produkt\/fiat-126p-brelok-do-kluczy-prl-retro-maluch-5904158347930\/","title":{"rendered":"Fiat 126P Brelok Do Kluczy Prl Retro Maluch (5904158347930)"},"content":{"rendered":"<p>Brelok do kluczy Fiat 126pWykonanie &#8211; metalWymiary w cm &#8211; 6&#215;1,5 (bez zawieszki)&#8212;&#8212;&#8212;&#8212;&#8212;&#8212;&#8212;&#8212;&#8212;&#8212;&#8212;&#8212;&#8212;&#8212;&#8212;&#8212;&#8212;&#8212;&#8212;&#8212;&#8212;&#8212;&#8212;&#8212;&#8212;&#8212;&#8212;&#8212;&#8212;&#8212;&#8212;&#8212;&#8212;&#8212;&#8212;&#8212;&#8212;&#8212;&#8212;&#8212;&#8212;&#8212;&#8212;&#8212;&#8212;&#8212;&#8212;&#8212;&#8212;&#8212;&#8212;&#8212;&#8212;&#8212;&#8212;&#8212;&#8212;&#8212;&#8212;&#8212;&#8212;&#8212;&#8212;&#8212;&#8211;Firma zajmuje si\u0119 sprzeda\u017c\u0105 gad\u017cet\u00f3w motoryzacyjnych, g\u0142ownie:- naklejki- koszulki- smycze- breloki- oklejenia Opr\u00f3cz sprzeda\u017cy wysy\u0142kowej mo\u017cna nas znale\u017a\u0107 na najwi\u0119kszych imprezach motoryzacyjnych.Stoisko mamy tak\u017ce na zawodach w drifcie, targach i ma\u0142ych regionalnych zlotach.<\/p>\n<h2>Fiat 126P Brelok Do Kluczy Prl Retro Maluch (5904158347930) Inny<\/h2>\n<p>prezent dla dziewczynki na roczek, \u0142amig\u0142\u00f3wki s\u0142owne, babciu droga babciu tekst, w uk\u0142adzie s\u0142onecznym, urodziny dziecka pomys\u0142y, kolorowanka minecraft<\/p>\n<p>yyyyy<\/p>\n<p>&nbsp;<\/p>\n","protected":false},"excerpt":{"rendered":"<p>Brelok do kluczy Fiat 126pWykonanie &#8211; metalWymiary w cm &#8211; 6&#215;1,5 (bez zawieszki)&#8212;&#8212;&#8212;&#8212;&#8212;&#8212;&#8212;&#8212;&#8212;&#8212;&#8212;&#8212;&#8212;&#8212;&#8212;&#8212;&#8212;&#8212;&#8212;&#8212;&#8212;&#8212;&#8212;&#8212;&#8212;&#8212;&#8212;&#8212;&#8212;&#8212;&#8212;&#8212;&#8212;&#8212;&#8212;&#8212;&#8212;&#8212;&#8212;&#8212;&#8212;&#8212;&#8212;&#8212;&#8212;&#8212;&#8212;&#8212;&#8212;&#8212;&#8212;&#8212;&#8212;&#8212;&#8212;&#8212;&#8212;&#8212;&#8212;&#8212;&#8212;&#8212;&#8212;&#8212;&#8211;Firma zajmuje si\u0119 sprzeda\u017c\u0105 gad\u017cet\u00f3w motoryzacyjnych, g\u0142ownie:- naklejki- koszulki- smycze- breloki- oklejenia Opr\u00f3cz sprzeda\u017cy wysy\u0142kowej mo\u017cna nas znale\u017a\u0107 na najwi\u0119kszych imprezach motoryzacyjnych.Stoisko mamy tak\u017ce na zawodach w drifcie, targach i ma\u0142ych regionalnych zlotach. Fiat 126P Brelok Do Kluczy Prl Retro Maluch (5904158347930) Inny [&hellip;]<\/p>\n","protected":false},"featured_media":2526,"comment_status":"closed","ping_status":"open","template":"","meta":[],"product_cat":[482,169],"product_tag":[685,752,677,714],"class_list":["post-2525","product","type-product","status-publish","has-post-thumbnail","hentry","product_cat-gadzety","product_cat-inny","product_tag-cytaty-o-rodzinie","product_tag-kuba-imie","product_tag-milosz-imie","product_tag-zagadki-logiczne"],"_links":{"self":[{"href":"http:\/\/klubmamgdynia.pl\/index.php\/wp-json\/wp\/v2\/product\/2525","targetHints":{"allow":["GET"]}}],"collection":[{"href":"http:\/\/klubmamgdynia.pl\/index.php\/wp-json\/wp\/v2\/product"}],"about":[{"href":"http:\/\/klubmamgdynia.pl\/index.php\/wp-json\/wp\/v2\/types\/product"}],"replies":[{"embeddable":true,"href":"http:\/\/klubmamgdynia.pl\/index.php\/wp-json\/wp\/v2\/comments?post=2525"}],"wp:featuredmedia":[{"embeddable":true,"href":"http:\/\/klubmamgdynia.pl\/index.php\/wp-json\/wp\/v2\/media\/2526"}],"wp:attachment":[{"href":"http:\/\/klubmamgdynia.pl\/index.php\/wp-json\/wp\/v2\/media?parent=2525"}],"wp:term":[{"taxonomy":"product_cat","embeddable":true,"href":"http:\/\/klubmamgdynia.pl\/index.php\/wp-json\/wp\/v2\/product_cat?post=2525"},{"taxonomy":"product_tag","embeddable":true,"href":"http:\/\/klubmamgdynia.pl\/index.php\/wp-json\/wp\/v2\/product_tag?post=2525"}],"curies":[{"name":"wp","href":"https:\/\/api.w.org\/{rel}","templated":true}]}}