{"id":2527,"date":"2020-05-23T15:15:48","date_gmt":"2020-05-23T13:15:48","guid":{"rendered":"http:\/\/klubmamgdynia.pl\/index.php\/produkt\/oplatek-na-tort-angry-birds\/"},"modified":"2026-04-30T01:40:13","modified_gmt":"2026-04-29T23:40:13","slug":"oplatek-na-tort-angry-birds","status":"publish","type":"product","link":"http:\/\/klubmamgdynia.pl\/index.php\/produkt\/oplatek-na-tort-angry-birds\/","title":{"rendered":"Op\u0142atek na tort Angry Birds"},"content":{"rendered":"<p>Op\u0142atek na tortOp\u0142atek na tort wykonany z arkusza jadalnego wydrukowany tuszami jadalnymi nadaj\u0105cymi si\u0119 do spo\u017cycia.ROZMIARY:\u015aREDNICA 20cm lub 30cmGRUBO\u015a\u0106: 0,7mm<\/p>\n<h2>Op\u0142atek na tort Angry Birds Angry Birds<\/h2>\n<p>\u015bmigus dyngus lany poniedzia\u0142ek zyczenia, \u015bwinka peppa kolorowanka, laurka kolorowanki na dzie\u0144 mamy, zagadki \u015bmieszne z odpowiedziami<\/p>\n<p>yyyyy<\/p>\n<p>&nbsp;<\/p>\n","protected":false},"excerpt":{"rendered":"<p>Op\u0142atek na tortOp\u0142atek na tort wykonany z arkusza jadalnego wydrukowany tuszami jadalnymi nadaj\u0105cymi si\u0119 do spo\u017cycia.ROZMIARY:\u015aREDNICA 20cm lub 30cmGRUBO\u015a\u0106: 0,7mm Op\u0142atek na tort Angry Birds Angry Birds \u015bmigus dyngus lany poniedzia\u0142ek zyczenia, \u015bwinka peppa kolorowanka, laurka kolorowanki na dzie\u0144 mamy, zagadki \u015bmieszne z odpowiedziami yyyyy &nbsp;<\/p>\n","protected":false},"featured_media":2528,"comment_status":"closed","ping_status":"open","template":"","meta":[],"product_cat":[544,482],"product_tag":[677,741,778],"class_list":["post-2527","product","type-product","status-publish","has-post-thumbnail","hentry","product_cat-angry-birds","product_cat-gadzety","product_tag-milosz-imie","product_tag-wlochy","product_tag-zabawki-na-roczek-dla-chlopca"],"_links":{"self":[{"href":"http:\/\/klubmamgdynia.pl\/index.php\/wp-json\/wp\/v2\/product\/2527","targetHints":{"allow":["GET"]}}],"collection":[{"href":"http:\/\/klubmamgdynia.pl\/index.php\/wp-json\/wp\/v2\/product"}],"about":[{"href":"http:\/\/klubmamgdynia.pl\/index.php\/wp-json\/wp\/v2\/types\/product"}],"replies":[{"embeddable":true,"href":"http:\/\/klubmamgdynia.pl\/index.php\/wp-json\/wp\/v2\/comments?post=2527"}],"wp:featuredmedia":[{"embeddable":true,"href":"http:\/\/klubmamgdynia.pl\/index.php\/wp-json\/wp\/v2\/media\/2528"}],"wp:attachment":[{"href":"http:\/\/klubmamgdynia.pl\/index.php\/wp-json\/wp\/v2\/media?parent=2527"}],"wp:term":[{"taxonomy":"product_cat","embeddable":true,"href":"http:\/\/klubmamgdynia.pl\/index.php\/wp-json\/wp\/v2\/product_cat?post=2527"},{"taxonomy":"product_tag","embeddable":true,"href":"http:\/\/klubmamgdynia.pl\/index.php\/wp-json\/wp\/v2\/product_tag?post=2527"}],"curies":[{"name":"wp","href":"https:\/\/api.w.org\/{rel}","templated":true}]}}