{"id":2533,"date":"2024-11-03T10:05:43","date_gmt":"2024-11-03T09:05:43","guid":{"rendered":"http:\/\/klubmamgdynia.pl\/?post_type=product&#038;p=2533"},"modified":"2026-04-03T20:25:09","modified_gmt":"2026-04-03T18:25:09","slug":"kiddymoon-suchy-basen-okragly-velvet-z-pileczkami-7cm-zabawka-basen-piankowy-zielen-lasu-ciemny-turkus-szary-bialy-mieta","status":"publish","type":"product","link":"http:\/\/klubmamgdynia.pl\/index.php\/produkt\/kiddymoon-suchy-basen-okragly-velvet-z-pileczkami-7cm-zabawka-basen-piankowy-zielen-lasu-ciemny-turkus-szary-bialy-mieta\/","title":{"rendered":"Kiddymoon Suchy Basen Okr\u0105g\u0142y Velvet Z Pi\u0142eczkami 7Cm Zabawka Basen Piankowy Ziele\u0144 Lasu Ciemny Turkus-Szary-Bia\u0142y-Mi\u0119ta"},"content":{"rendered":"<p>Piankowy sensoryczny basen KiddyMoon to niesamowita zabawa dla Twojego dziecka!!! Z racji na sw\u00f3j kszta\u0142t i kolor daje du\u017co mo\u017cliwo\u015bci aran\u017cacyjnych wpasowuj\u0105c si\u0119 we wn\u0119trza zar\u00f3wno nowoczesne jak i klasyczne, pokoju dziecka jak i salonu. Charakteru nadaj\u0105 mu kolorystycznie dobrane wedle usposobienia i upodoba\u0144 dziecka pi\u0142eczki, kt\u00f3re razem tworz\u0105 integralne gotowe zestawy. Dzi\u0119ki \u017cywym kolorom basen jest r\u00f3wnie\u017c niezwykle przydatny w terapii integracji sensorycznej Twojego malucha &#8211; pozytywnie wp\u0142ywa na jego zdolno\u015bci wzrokowe, manualne i og\u00f3lny rozw\u00f3j dziecka.W\u0142a\u015bciwo\u015bci basenu:- idealny zar\u00f3wno do zabawy jak i w rozwoju i terapii integracji sensorycznej- produkt solidny i trwa\u0142y, odporny na uszkodzenia w ca\u0142o\u015bci wykonany z najwy\u017cszej jako\u015bci pianki- pokryty pokrowcem wykonanym z przyjemnej w dotyku welurowej dzianiny w wielu atrakcyjnych kolorach- zdejmowany pokrowiec, zapinany na zamek b\u0142yskawiczny umo\u017cliwia upranie go w pralce (pranie w 30\u00b0C), dzi\u0119ki czemu produkt pozostaje d\u0142ugo schludny i atrakcyjnySk\u0142ad: 80% bawe\u0142ny, 20% poliesterWymiary basenu:- okr\u0105g\u0142y o \u015brednicy: 90 cm i wysoko\u015bci 30 cm- stabilne boki o grubo\u015bci 5 cm oraz dno wykonane z pianki.W zestawie z suchym basenem znajduje si\u0119 200 lub 300 sztuk kolorowych bezpiecznych dla dzieci pi\u0142eczek o \u015brednicy 7 cm. Pi\u0142eczki wyprodukowane s\u0105 w Europie z nietoksycznego materia\u0142u.Posiadaj\u0105 certyfikat CE. Przyjemne i lekkie a zarazem elastyczne i odporne na zniekszta\u0142cenia : po \u015bci\u015bni\u0119ciu odzyskuj\u0105 sw\u00f3j pierwotny kszta\u0142t nie robi\u0105c dziecku krzywdy.Sk\u0142ad pi\u0142eczek: 100% polietylen.Baseny oraz pi\u0142eczki KiddyMoon s\u0105 produkowane wy\u0142\u0105cznie z atestowanych, wysokiej jako\u015bci materia\u0142\u00f3w.Zabawa powinna odbywa\u0107 si\u0119 pod opiek\u0105 osoby doros\u0142ej.<\/p>\n<h2>Kiddymoon Suchy Basen Okr\u0105g\u0142y Velvet Z Pi\u0142eczkami 7Cm Zabawka Basen Piankowy Ziele\u0144 Lasu Ciemny Turkus-Szary-Bia\u0142y-Mi\u0119ta KiddyMoon<\/h2>\n<p>by\u0142 sobie kr\u00f3l, jak zrobi\u0107 du\u017ce jajo wielkanocne, w\u0142ochy, podchwytliwe zagadki dla doros\u0142ych, borys imi\u0119, zagadki na my\u015blenie, nauka pisania wyraz\u00f3w dla dzieci do druku pdf, inteligentne zagadki, zabawka dla rocznej dziewczynki, zagadki wielkanocne przedszkole, wzruszaj\u0105ce s\u0142owa dla przyjaciela, prezent dla m\u0142odzie\u017cy, prezent dla 7 letniej dziewczynki, zagadki o zawodach, myszka miki kolorowanka, janusz, bajki dla dzieci do czytania na dobranoc, lol surprise kolorowanka, imie leon<\/p>\n<p>yyyyy<\/p>\n<p>&nbsp;<\/p>\n","protected":false},"excerpt":{"rendered":"<p>Piankowy sensoryczny basen KiddyMoon to niesamowita zabawa dla Twojego dziecka!!! Z racji na sw\u00f3j kszta\u0142t i kolor daje du\u017co mo\u017cliwo\u015bci aran\u017cacyjnych wpasowuj\u0105c si\u0119 we wn\u0119trza zar\u00f3wno nowoczesne jak i klasyczne, pokoju dziecka jak i salonu. Charakteru nadaj\u0105 mu kolorystycznie dobrane wedle usposobienia i upodoba\u0144 dziecka pi\u0142eczki, kt\u00f3re razem tworz\u0105 integralne gotowe zestawy. Dzi\u0119ki \u017cywym kolorom [&hellip;]<\/p>\n","protected":false},"featured_media":2534,"comment_status":"closed","ping_status":"open","template":"","meta":[],"product_cat":[922,346],"product_tag":[867,657,736,724],"class_list":["post-2533","product","type-product","status-publish","has-post-thumbnail","hentry","product_cat-baseny-dla-dzieci","product_cat-kiddymoon","product_tag-kolorowanki-dla-dziewczynek","product_tag-lol-kolorowanka","product_tag-zabawki-na-roczek","product_tag-zagadki-podchwytliwe"],"_links":{"self":[{"href":"http:\/\/klubmamgdynia.pl\/index.php\/wp-json\/wp\/v2\/product\/2533","targetHints":{"allow":["GET"]}}],"collection":[{"href":"http:\/\/klubmamgdynia.pl\/index.php\/wp-json\/wp\/v2\/product"}],"about":[{"href":"http:\/\/klubmamgdynia.pl\/index.php\/wp-json\/wp\/v2\/types\/product"}],"replies":[{"embeddable":true,"href":"http:\/\/klubmamgdynia.pl\/index.php\/wp-json\/wp\/v2\/comments?post=2533"}],"wp:featuredmedia":[{"embeddable":true,"href":"http:\/\/klubmamgdynia.pl\/index.php\/wp-json\/wp\/v2\/media\/2534"}],"wp:attachment":[{"href":"http:\/\/klubmamgdynia.pl\/index.php\/wp-json\/wp\/v2\/media?parent=2533"}],"wp:term":[{"taxonomy":"product_cat","embeddable":true,"href":"http:\/\/klubmamgdynia.pl\/index.php\/wp-json\/wp\/v2\/product_cat?post=2533"},{"taxonomy":"product_tag","embeddable":true,"href":"http:\/\/klubmamgdynia.pl\/index.php\/wp-json\/wp\/v2\/product_tag?post=2533"}],"curies":[{"name":"wp","href":"https:\/\/api.w.org\/{rel}","templated":true}]}}