{"id":2535,"date":"2020-10-04T11:41:04","date_gmt":"2020-10-04T09:41:04","guid":{"rendered":"http:\/\/klubmamgdynia.pl\/index.php\/produkt\/princeton-architectural-press-puzzle-1000el-at-the-beach\/"},"modified":"2026-05-17T22:20:20","modified_gmt":"2026-05-17T20:20:20","slug":"princeton-architectural-press-puzzle-1000el-at-the-beach","status":"publish","type":"product","link":"http:\/\/klubmamgdynia.pl\/index.php\/produkt\/princeton-architectural-press-puzzle-1000el-at-the-beach\/","title":{"rendered":"Princeton Architectural Press Puzzle 1000El. At The Beach"},"content":{"rendered":"<p>PUZZLE: 1000 ELEMENT\u00d3WPRODUCENT: PRINCETON ARCHITECTURAL PRESSNAZWA: AT THE BEACH INDEX: 96132KOD EAN: 9781648961328ROZMIAR: 635 x 501 mmWYMIARY PUDE\u0141KA: 212 x 289 x 63 mm AT THE BEACHTa jasna, pi\u0119kna ilustrowana scena na pla\u017cy ma retro neonowe kolory i jest pe\u0142na pla\u017cowicz\u00f3w, surfer\u00f3w, \u017ceglarzy i p\u0142ywak\u00f3w zgromadzonych na tym \u017cywym odcinku piasku i wok\u00f3\u0142 niego, a ka\u017cdy z nich cieszy si\u0119 inn\u0105 aktywno\u015bci\u0105 do odkrycia kawa\u0142ek po kawa\u0142ku. Princeton Architectural Press to firma z tradycjami prowadzona od 1981 roku.<\/p>\n<h2>Princeton Architectural Press Puzzle 1000El. At The Beach <\/h2>\n<p>przechowywanie zabawek, bajka o dinozaurach do czytania, kwiecie\u0144 plecie\u0144 wiersz, prezent dla 13 latki na \u015bwi\u0119ta, kolorowanka lol do druku, zagadki dla dzieci 10-12 lat trudne, zabawki na roczek dla ch\u0142opca, mia, pomys\u0142 na prezent dla nastolatk\u00f3w, kolorowanki dla dziewczynek lol, mini kanapki dla dzieci, podchwytliwe zagadki i odpowiedzi, zagadka, kolorowanki lato, maski zwierz\u0105t szablony do druku<\/p>\n<p>yyyyy<\/p>\n<p>&nbsp;<\/p>\n","protected":false},"excerpt":{"rendered":"<p>PUZZLE: 1000 ELEMENT\u00d3WPRODUCENT: PRINCETON ARCHITECTURAL PRESSNAZWA: AT THE BEACH INDEX: 96132KOD EAN: 9781648961328ROZMIAR: 635 x 501 mmWYMIARY PUDE\u0141KA: 212 x 289 x 63 mm AT THE BEACHTa jasna, pi\u0119kna ilustrowana scena na pla\u017cy ma retro neonowe kolory i jest pe\u0142na pla\u017cowicz\u00f3w, surfer\u00f3w, \u017ceglarzy i p\u0142ywak\u00f3w zgromadzonych na tym \u017cywym odcinku piasku i wok\u00f3\u0142 niego, a [&hellip;]<\/p>\n","protected":false},"featured_media":2536,"comment_status":"closed","ping_status":"open","template":"","meta":[],"product_cat":[90],"product_tag":[802,591,653,799],"class_list":["post-2535","product","type-product","status-publish","has-post-thumbnail","hentry","product_cat-puzzle","product_tag-co-kupic-dziewczynce-na-roczek","product_tag-quiz-o-minecraft","product_tag-warszawa-dla-dzieci","product_tag-zagadka-logiczna"],"_links":{"self":[{"href":"http:\/\/klubmamgdynia.pl\/index.php\/wp-json\/wp\/v2\/product\/2535","targetHints":{"allow":["GET"]}}],"collection":[{"href":"http:\/\/klubmamgdynia.pl\/index.php\/wp-json\/wp\/v2\/product"}],"about":[{"href":"http:\/\/klubmamgdynia.pl\/index.php\/wp-json\/wp\/v2\/types\/product"}],"replies":[{"embeddable":true,"href":"http:\/\/klubmamgdynia.pl\/index.php\/wp-json\/wp\/v2\/comments?post=2535"}],"wp:featuredmedia":[{"embeddable":true,"href":"http:\/\/klubmamgdynia.pl\/index.php\/wp-json\/wp\/v2\/media\/2536"}],"wp:attachment":[{"href":"http:\/\/klubmamgdynia.pl\/index.php\/wp-json\/wp\/v2\/media?parent=2535"}],"wp:term":[{"taxonomy":"product_cat","embeddable":true,"href":"http:\/\/klubmamgdynia.pl\/index.php\/wp-json\/wp\/v2\/product_cat?post=2535"},{"taxonomy":"product_tag","embeddable":true,"href":"http:\/\/klubmamgdynia.pl\/index.php\/wp-json\/wp\/v2\/product_tag?post=2535"}],"curies":[{"name":"wp","href":"https:\/\/api.w.org\/{rel}","templated":true}]}}