{"id":2539,"date":"2024-11-19T10:49:33","date_gmt":"2024-11-19T09:49:33","guid":{"rendered":"http:\/\/klubmamgdynia.pl\/?post_type=product&#038;p=2539"},"modified":"2026-04-26T19:36:23","modified_gmt":"2026-04-26T17:36:23","slug":"wedka-45-m-weglowka-teleskopowa-wedki-50-150-gram","status":"publish","type":"product","link":"http:\/\/klubmamgdynia.pl\/index.php\/produkt\/wedka-45-m-weglowka-teleskopowa-wedki-50-150-gram\/","title":{"rendered":"\ufeffW\u0119dka 4,5 M W\u0119gl\u00f3wka Teleskopowa W\u0119dki 50-150 Gram"},"content":{"rendered":"<p>\ufeffNAJWY\u017bSZEJ JAKO\u015aCIUNIWERSALNA W\u0118DKA TELESKOPOWA4,5 METRAJAKO\u015a\u0106 NR. 1W SUPER CENIE26,90 z\u0142Stara cena 49,90 z\u0142TERAZ TYLKO 26,90 z\u0142 !!!Bardzo dobrej jako\u015bci uniwersalna w\u0119dka teleskopowa wykonana z materia\u0142\u00f3w kompozytowych.Mocna i spr\u0119\u017cysta pozwala na dalekie rzuty.W\u0119dka uzbrojona w trwa\u0142e przelotki oraz dobry uchwyt do ko\u0142owrotka.R\u0119koje\u015b\u0107 wykonana z pianki EVA.Idealna w\u0119dka dla pocz\u0105tkuj\u0105cych jak i zaawansowanych w\u0119dkarzy.Dane techniczne :D\u0142ugo\u015b\u0107 &#8211; 4,5 metraWyrzut &#8211; 50-100 gramIlo\u015b\u0107 przelotek &#8211; 7Ilo\u015b\u0107 sekcji &#8211; 8R\u0119koje\u015b\u0107 z Panki EVAWaga 570 gram<\/p>\n<h2>\ufeffW\u0119dka 4,5 M W\u0119gl\u00f3wka Teleskopowa W\u0119dki 50-150 Gram FL<\/h2>\n<p>zagadki na logik\u0119, bajki do czytania, przek\u0105ski na urodziny dziecka, trudne zagadki wielkanocne, bajki dla niemowl\u0105t, literki do druku, opisy do zdj\u0119\u0107 z dzieckiem, najrzadsze imiona w polsce, kolorowe listki tekst, mi\u0142osz imie, zagadki dla dzieci 5 lat, mitologia grecka quiz, cytaty o przyja\u017ani kr\u00f3tkie, quiz znaki drogowe, kr\u00f3tkie \u017cyczenia wielkanocne dla dzieci, kolorowanka peppa do druku<\/p>\n<p>yyyyy<\/p>\n<p>&nbsp;<\/p>\n","protected":false},"excerpt":{"rendered":"<p>\ufeffNAJWY\u017bSZEJ JAKO\u015aCIUNIWERSALNA W\u0118DKA TELESKOPOWA4,5 METRAJAKO\u015a\u0106 NR. 1W SUPER CENIE26,90 z\u0142Stara cena 49,90 z\u0142TERAZ TYLKO 26,90 z\u0142 !!!Bardzo dobrej jako\u015bci uniwersalna w\u0119dka teleskopowa wykonana z materia\u0142\u00f3w kompozytowych.Mocna i spr\u0119\u017cysta pozwala na dalekie rzuty.W\u0119dka uzbrojona w trwa\u0142e przelotki oraz dobry uchwyt do ko\u0142owrotka.R\u0119koje\u015b\u0107 wykonana z pianki EVA.Idealna w\u0119dka dla pocz\u0105tkuj\u0105cych jak i zaawansowanych w\u0119dkarzy.Dane techniczne :D\u0142ugo\u015b\u0107 &#8211; [&hellip;]<\/p>\n","protected":false},"featured_media":2540,"comment_status":"closed","ping_status":"open","template":"","meta":[],"product_cat":[923,917],"product_tag":[839,583,843,606,592,715],"class_list":["post-2539","product","type-product","status-publish","has-post-thumbnail","hentry","product_cat-fl","product_cat-wedki","product_tag-bajki-na-dobranoc-do-czytania","product_tag-kolysanki-dla-dzieci-tekst","product_tag-smieszne-zagadki-dla-dzieci","product_tag-stala-pod-sniegiem","product_tag-zagadki-dla-dzieci","product_tag-zosia-samosia"],"_links":{"self":[{"href":"http:\/\/klubmamgdynia.pl\/index.php\/wp-json\/wp\/v2\/product\/2539","targetHints":{"allow":["GET"]}}],"collection":[{"href":"http:\/\/klubmamgdynia.pl\/index.php\/wp-json\/wp\/v2\/product"}],"about":[{"href":"http:\/\/klubmamgdynia.pl\/index.php\/wp-json\/wp\/v2\/types\/product"}],"replies":[{"embeddable":true,"href":"http:\/\/klubmamgdynia.pl\/index.php\/wp-json\/wp\/v2\/comments?post=2539"}],"wp:featuredmedia":[{"embeddable":true,"href":"http:\/\/klubmamgdynia.pl\/index.php\/wp-json\/wp\/v2\/media\/2540"}],"wp:attachment":[{"href":"http:\/\/klubmamgdynia.pl\/index.php\/wp-json\/wp\/v2\/media?parent=2539"}],"wp:term":[{"taxonomy":"product_cat","embeddable":true,"href":"http:\/\/klubmamgdynia.pl\/index.php\/wp-json\/wp\/v2\/product_cat?post=2539"},{"taxonomy":"product_tag","embeddable":true,"href":"http:\/\/klubmamgdynia.pl\/index.php\/wp-json\/wp\/v2\/product_tag?post=2539"}],"curies":[{"name":"wp","href":"https:\/\/api.w.org\/{rel}","templated":true}]}}